{"id":3752,"date":"2014-07-16T10:54:19","date_gmt":"2014-07-16T17:54:19","guid":{"rendered":"http:\/\/www.gettingout.com\/?page_id=3752"},"modified":"2017-07-25T14:28:11","modified_gmt":"2017-07-25T21:28:11","slug":"acerca-de-gettingout","status":"publish","type":"page","link":"https:\/\/www.gettingout.com\/es\/acerca-de-gettingout\/","title":{"rendered":"Acerca de GettingOut"},"content":{"rendered":"<div id='layer_slider_1' class='avia-layerslider main_color avia-shadow  container_wrap sidebar_right'    style='height: 471px;' ><\/div>\n<section class=\"av_textblock_section \"  itemscope=\"itemscope\" itemtype=\"https:\/\/schema.org\/CreativeWork\" ><div class='avia_textblock  '   itemprop=\"text\" ><h1 style=\"text-align: center;\"><span style=\"color: #6ca437;\">\u00a1Todo de lo que se trata GettingOut!<\/span><\/h1>\n<h3 style=\"text-align: center;\"><\/h3>\n<div style=\"text-align: center;\">\n<div class=\"bigText\">GettingOut ofrece esperanza a trav\u00e9s del poder de conectar y cambiar.<\/div>\n<\/div>\n<p style=\"text-align: center;\">A menudo nos preguntan sobre el significado de \u201cGettingOut\u201d (Saliendo). GettingOut provee comunicaci\u00f3n simple y confiable entre internos, amigos y familia, enraizada en el poder de las relaciones. GettingOut se enfoca en la autosuperaci\u00f3n del interno y crea \u201ccomunidad\u201d con y entre sus clientes \u2013ligados por la confianza y la esperanza. Aspiramos a ser un conducto de apoyo y amigable para hacer conexiones, fortificar relaciones y ofrecer contenido para que los internos salgan y permanezcan afuera.<\/p>\n<p style=\"text-align: center;\"><span style=\"line-height: 1.5em;\">Desde el punto de vista de amigos y familia, es nuestra esperanza que entre m\u00e1s contacto tenga con su amigo o ser querido que se encuentre interno, m\u00e1s probable ser\u00e1 que estar\u00e1n \u00absaliendo\u00bb.\u00a0Desde el punto de vista del interno, esperamos que vean nuestro paquete de productos como una ventana al mundo exterior -un portal que los haga sentir que est\u00e1n m\u00e1s all\u00e1 de los muros y \u00abSaliendo\u00bb. M\u00e1s a\u00fan, estamos esperanzados de que a trav\u00e9s de conexiones positivas en el exterior y la exposici\u00f3n a nuestra gama de contenidos de autosuperaci\u00f3n,\u00a0ellos pronto estar\u00e1n Saliendo realmente y reconstruyendo sus vidas.<br \/>\n<\/span><\/p>\n<h4 style=\"text-align: center;\"><\/h4>\n<h1 style=\"text-align: center;\"><span style=\"color: #6ca437;\">GettingOut es tambi\u00e9n conocido como GO<\/span><\/h1>\n<p style=\"text-align: center;\">GO es un acr\u00f3nimo, s\u00edmbolo y marca, es una palabra positiva, activa, emocionante y emotiva que extiende la filosof\u00eda de GettingOut. Como GettingOut, GO es motivacional y orientada hacia metas, dando valor a los internos, amigos y familia para que tomen acci\u00f3n. Usted ver\u00e1 el uso de GO cuando se relacione con los servicios de GettingOut tales como: GO hacer un dep\u00f3sito, GO programe una visita y GO maneje su cuenta.<\/p>\n<\/div><\/section>\n<\/div><\/div><\/div><!-- close content main div --><\/div><\/div><div id='av_section_1' class='avia-section main_color avia-section-large avia-shadow avia-full-stretch avia-bg-style-fixed   container_wrap sidebar_right' style = 'background-repeat: no-repeat; background-image: url(https:\/\/www.gettingout.com\/wp-content\/uploads\/2014\/03\/A_tree_on_a_green_hill_3d_wallpaper-1030x772.jpg); background-attachment: fixed; background-position: top center; ' data-section-bg-repeat='stretch' ><div class='container' ><div class='template-page content  av-content-small alpha units'><div class='post-entry post-entry-type-page post-entry-3752'><div class='entry-content-wrapper clearfix'><\/div><\/div><\/div><!-- close content main div --><\/div><\/div><div id='after_section_1' class='main_color av_default_container_wrap container_wrap sidebar_right'   ><div class='container' ><div class='template-page content  av-content-small alpha units'><div class='post-entry post-entry-type-page post-entry-3752'><div class='entry-content-wrapper clearfix'>\n<div class=\"flex_column av_one_full  flex_column_div first  \" ><div style='padding-bottom:10px;' class='av-special-heading av-special-heading-h3     '><h3 class='av-special-heading-tag '  itemprop=\"headline\"  >GettingOut est\u00e1 a favor de:<\/h3><div class='special-heading-border'><div class='special-heading-inner-border' ><\/div><\/div><\/div><\/div>\n<div class=\"flex_column av_one_half  flex_column_div first  \" ><article class=\"iconbox iconbox_top main_color     \"  itemscope=\"itemscope\" itemtype=\"https:\/\/schema.org\/CreativeWork\" ><div class=\"iconbox_content\"><header class=\"entry-content-header\"><div class=\"iconbox_icon heading-color \" aria-hidden='true' data-av_icon='\ue806' data-av_iconfont='entypo-fontello'  ><\/div><h3 class='iconbox_content_title '  itemprop=\"headline\"  >Esperanza<\/h3><\/header><div class='iconbox_content_container  '  itemprop=\"text\"  ><p><span data-sheets-value=\"&#091;null,2,\" data-sheets-userformat=\"&#091;null,null,641,&#091;null,0&#093;,null,null,null,null,null,null,0,null,0&#093;\">GettingOut se enfoca en un future esperanzador donde familia y amigos se re\u00fanen y donde una vidas y relaciones que estuvieron rotas alguna vez, se reconstruyen y reorientan.<br \/>\n<\/span><\/p>\n<\/div><\/div><footer class=\"entry-footer\"><\/footer><\/article><\/div>\n<div class=\"flex_column av_one_half  flex_column_div av-zero-column-padding   \" style='border-radius:0px; '><article class=\"iconbox iconbox_top main_color     \"  itemscope=\"itemscope\" itemtype=\"https:\/\/schema.org\/CreativeWork\" ><div class=\"iconbox_content\"><header class=\"entry-content-header\"><div class=\"iconbox_icon heading-color \" aria-hidden='true' data-av_icon='\ue80b' data-av_iconfont='entypo-fontello'  ><\/div><h3 class='iconbox_content_title '  itemprop=\"headline\"  >Conexi\u00f3n<\/h3><\/header><div class='iconbox_content_container  '  itemprop=\"text\"  ><p><span data-sheets-value=\"&#091;null,2,\" data-sheets-userformat=\"&#091;null,null,769,&#091;null,0&#093;,null,null,null,null,null,null,null,1,0&#093;\">GettingOut construye en el poder y positividad de las relaciones y la comunicaci\u00f3n creciente. GettingOut es el conducto seguro, comprensivo, c\u00f3modo y de confianza para ayudar a amigos y familia a estar en contacto con internos durante tiempos dif\u00edciles.<br \/>\n<\/span><\/p>\n<\/div><\/div><footer class=\"entry-footer\"><\/footer><\/article><\/div>\n<div class=\"flex_column av_one_half  flex_column_div first  \" ><article class=\"iconbox iconbox_top main_color     \"  itemscope=\"itemscope\" itemtype=\"https:\/\/schema.org\/CreativeWork\" ><div class=\"iconbox_content\"><header class=\"entry-content-header\"><div class=\"iconbox_icon heading-color \" aria-hidden='true' data-av_icon='\ue812' data-av_iconfont='entypo-fontello'  ><\/div><h3 class='iconbox_content_title '  itemprop=\"headline\"  >Simplicidad<\/h3><\/header><div class='iconbox_content_container  '  itemprop=\"text\"  ><p><span data-sheets-value=\"&#091;null,2,\" data-sheets-userformat=\"&#091;null,null,769,&#091;null,0&#093;,null,null,null,null,null,null,null,1,0&#093;\">Los productos y ofertas de GettingOut son f\u00e1ciles de usar e intuitivas. Nuestro dise\u00f1o de producto y mensajes es amigable, accesible y transparente, y nuestro equipo de apoyo al cliente garantiza una experiencia inigualable para el cliente.<br \/>\n<\/span><\/p>\n<\/div><\/div><footer class=\"entry-footer\"><\/footer><\/article><\/div>\n<div class=\"flex_column av_one_half  flex_column_div av-zero-column-padding   \" style='border-radius:0px; '><article class=\"iconbox iconbox_top main_color     \"  itemscope=\"itemscope\" itemtype=\"https:\/\/schema.org\/CreativeWork\" ><div class=\"iconbox_content\"><header class=\"entry-content-header\"><div class=\"iconbox_icon heading-color \" aria-hidden='true' data-av_icon='\ue8ab' data-av_iconfont='entypo-fontello'  ><\/div><h3 class='iconbox_content_title '  itemprop=\"headline\"  >Tecnolog\u00eda<\/h3><\/header><div class='iconbox_content_container  '  itemprop=\"text\"  ><p>GettingOut trae lo mejor en comunicaci\u00f3n moderna a amigos, familia e internos. Adicionalmente, GettingOut aspira a ofrecer a los internos la m\u00e1s amplia variedad de contenidos educativos y de autosuperaci\u00f3n.<\/p>\n<\/div><\/div><footer class=\"entry-footer\"><\/footer><\/article><\/div>\n","protected":false},"excerpt":{"rendered":"","protected":false},"author":1,"featured_media":0,"parent":0,"menu_order":0,"comment_status":"open","ping_status":"open","template":"","meta":{"_mi_skip_tracking":false,"footnotes":""},"class_list":["post-3752","page","type-page","status-publish","hentry"],"acf":[],"_links":{"self":[{"href":"https:\/\/www.gettingout.com\/es\/wp-json\/wp\/v2\/pages\/3752","targetHints":{"allow":["GET"]}}],"collection":[{"href":"https:\/\/www.gettingout.com\/es\/wp-json\/wp\/v2\/pages"}],"about":[{"href":"https:\/\/www.gettingout.com\/es\/wp-json\/wp\/v2\/types\/page"}],"author":[{"embeddable":true,"href":"https:\/\/www.gettingout.com\/es\/wp-json\/wp\/v2\/users\/1"}],"replies":[{"embeddable":true,"href":"https:\/\/www.gettingout.com\/es\/wp-json\/wp\/v2\/comments?post=3752"}],"version-history":[{"count":0,"href":"https:\/\/www.gettingout.com\/es\/wp-json\/wp\/v2\/pages\/3752\/revisions"}],"wp:attachment":[{"href":"https:\/\/www.gettingout.com\/es\/wp-json\/wp\/v2\/media?parent=3752"}],"curies":[{"name":"wp","href":"https:\/\/api.w.org\/{rel}","templated":true}]}}