{"id":3760,"date":"2014-07-16T13:25:16","date_gmt":"2014-07-16T20:25:16","guid":{"rendered":"http:\/\/www.gettingout.com\/?page_id=3760"},"modified":"2016-07-18T14:22:46","modified_gmt":"2016-07-18T21:22:46","slug":"centro-de-ayuda","status":"publish","type":"page","link":"https:\/\/www.gettingout.com\/es\/centro-de-ayuda\/","title":{"rendered":"Centro de Ayuda"},"content":{"rendered":"<h1 id=\"quick-links-tab\" class=\"help-h1\" data-category=\"quick-links\">Centro de Ayuda<\/h1>\n<div id='help'><ul id=\"faq-idx\"><li data-category=\"cuentas-y-general\"><a href=\"javascript:void(0)\"><span class=\"faq-bucket accounts-general\"><\/span><p>Cuentas &amp; General<\/p><\/a><\/li><li data-category=\"depositos-y-reembolsos\"><a href=\"javascript:void(0)\"><span class=\"faq-bucket deposits-refunds\"><\/span><p>Depositos &amp; Reembolsos<\/p><\/a><\/li><li data-category=\"visitas-de-video\"><a href=\"javascript:void(0)\"><span class=\"faq-bucket video-visits\"><\/span><p>Visitas de Video<\/p><\/a><\/li><li data-category=\"telefonos-y-mensajes-de-voz\"><a href=\"javascript:void(0)\"><span class=\"faq-bucket phone-calls-voicemail\"><\/span><p>Telefonos &amp; Mensajes de Voz<\/p><\/a><\/li><li data-category=\"mensajes-y-fotos\"><a href=\"javascript:void(0)\"><span class=\"faq-bucket messages-photos\"><\/span><p>Mensajes &amp; Fotos<\/p><\/a><\/li><\/ul><div id='faq-posts'><div class='help-faq-category help-faq-cat-quick-links selected'><h3>Enlaces R\u00e1pidos<\/h3><ul class='help-quick-links'><li><a href='https:\/\/www.gettingout.com\/es\/faq\/como-creo-una-cuenta-gratuita\/?display=bare-bones'>\u00bfC\u00f3mo creo una cuenta?<\/a><\/li><li><a href='https:\/\/www.gettingout.com\/es\/faq\/acabo-de-recibir-una-llamada-desde-una-carcel-o-prision-que-utiliza-su-servicio-que-hago\/?display=bare-bones'>Acabo de recibir una llamada desde una c\u00e1rcel o prisi\u00f3n que utiliza su servicio, \u00bfqu\u00e9 hago?<\/a><\/li><li><a href='https:\/\/www.gettingout.com\/es\/faq\/como-creo-una-cuenta-y-cuales-son-mis-opciones-para-hacer-depositos\/?display=bare-bones'>\u00bfC\u00f3mo creo una cuenta y cu\u00e1les son mis opciones para hacer dep\u00f3sitos?<\/a><\/li><li><a href='https:\/\/www.gettingout.com\/es\/faq\/necesito-una-tarjeta-de-credito-para-crear-una-cuenta\/?display=bare-bones'>\u00bfNecesito una tarjeta de cr\u00e9dito para crear una cuenta?<\/a><\/li><li><a href='https:\/\/www.gettingout.com\/es\/faq\/como-puedo-compartir-mis-fotos\/?display=bare-bones'>\u00bfC\u00f3mo puedo compartir mis fotos?<\/a><\/li><li><a href='https:\/\/www.gettingout.com\/es\/faq\/como-descargo-una-foto-en-mi-cuenta\/?display=bare-bones'>\u00bfC\u00f3mo descargo una foto en mi cuenta?<\/a><\/li><li><a href='https:\/\/www.gettingout.com\/es\/faq\/como-evito-que-un-interno-me-llame\/?display=bare-bones'>\u00bfC\u00f3mo evito que un interno me llame?<\/a><\/li><li><a href='https:\/\/www.gettingout.com\/es\/faq\/cuales-son-los-metodos-de-pago-que-aceptan\/?display=bare-bones'>\u00bfCu\u00e1les son los m\u00e9todos de pago que aceptan?<\/a><\/li><li><a href='https:\/\/www.gettingout.com\/es\/faq\/tengo-que-firmar-un-contrato-con-ustedes-para-poder-usar-sus-servicios\/?display=bare-bones'>\u00bfTengo que firmar un contrato con ustedes para poder usar sus servicios?<\/a><\/li><li><a href='https:\/\/www.gettingout.com\/es\/faq\/tienen-planes-mensuales-que-permitan-hacer-llamadas-ilimitadas\/?display=bare-bones'>\u00bfTienen planes mensuales que permitan hacer llamadas ilimitadas?<\/a><\/li><li><a href='https:\/\/www.gettingout.com\/es\/faq\/como-agrego-a-un-interno-a-mi-lista-de-contactos-2\/?display=bare-bones'>\u00bfC\u00f3mo agrego a un interno a mi lista de Contactos?<\/a><\/li><li><a href='https:\/\/www.gettingout.com\/es\/faq\/como-invito-a-un-interno-una-visita-de-video-2\/?display=bare-bones'>\u00bfC\u00f3mo invito a un interno a una visita de video?<\/a><\/li><li><a href='https:\/\/www.gettingout.com\/es\/faq\/como-depositar-fondos\/?display=bare-bones'>C\u00f3mo Depositar Fondos<\/a> <i class='fa fa-video-camera'><\/i><\/li><\/ul><\/div><div class='help-faq-cat-visitas-de-video help-faq-category '><ul><li><a href='https:\/\/www.gettingout.com\/es\/faq\/mi-interno-tiene-acceso-a-una-tableta-como-reservo-una-visita\/?display=bare-bones'>Mi interno tiene acceso a una tableta, \u00bfc\u00f3mo reservo una visita?<\/a><\/li><li><a href='https:\/\/www.gettingout.com\/es\/faq\/como-invito-a-un-interno-una-visita-de-video-2\/?display=bare-bones'>\u00bfC\u00f3mo invito a un interno a una visita de video?<\/a><\/li><li><a href='https:\/\/www.gettingout.com\/es\/faq\/como-invito-a-un-interno-a-una-visita-de-video-2\/?display=bare-bones'>\u00bfC\u00f3mo invito a un interno a una visita de video?<\/a><\/li><li><a href='https:\/\/www.gettingout.com\/es\/faq\/como-agrego-a-un-interno-a-mi-lista-de-contactos-2\/?display=bare-bones'>\u00bfC\u00f3mo agrego a un interno a mi lista de Contactos?<\/a><\/li><li><a href='https:\/\/www.gettingout.com\/es\/faq\/cuando-empieza-a-correr-el-temporizador-de-la-visita\/?display=bare-bones'>\u00bfCu\u00e1ndo empieza a correr el temporizador de la visita?<\/a><\/li><li><a href='https:\/\/www.gettingout.com\/es\/faq\/que-pasa-si-se-me-hace-tarde-para-mi-visita-programada\/?display=bare-bones'>\u00bfQu\u00e9 pasa si se me hace tarde para mi visita programada?<\/a><\/li><li><a href='https:\/\/www.gettingout.com\/es\/faq\/como-cancelo-una-visita\/?display=bare-bones'>\u00bfC\u00f3mo cancelo una visita?<\/a><\/li><li><a href='https:\/\/www.gettingout.com\/es\/faq\/cuando-reservo-una-visita-la-hora-de-la-visita-concuerda-con-la-zona-horaria-del-interno-o-con-la-mia\/?display=bare-bones'>Cuando reservo una visita, \u00bfla hora de la visita concuerda con la zona horaria del interno o con la m\u00eda?<\/a><\/li><li><a href='https:\/\/www.gettingout.com\/es\/faq\/como-preparo-mi-computadora-para-visitas-desde-casa\/?display=bare-bones'>\u00bfC\u00f3mo preparo mi computadora para visitas desde casa?<\/a><\/li><li><a href='https:\/\/www.gettingout.com\/es\/faq\/puedo-utilizar-un-iphone-android-u-otro-smartphone-para-visitas-remotas\/?display=bare-bones'>\u00bfPuedo utilizar un iPhone, Android u otro smartphone para visitas remotas?<\/a><\/li><li><a href='https:\/\/www.gettingout.com\/es\/faq\/cuando-realice-una-visita-en-el-lobby-como-sabre-en-cual-monitor-sera-mi-visita\/?display=bare-bones'>Cuando realice una visita en el lobby, \u00bfc\u00f3mo sabr\u00e9 en cu\u00e1l monitor ser\u00e1 mi visita?<\/a><\/li><li><a href='https:\/\/www.gettingout.com\/es\/faq\/voy-a-hacer-la-visita-en-el-instituto-que-debo-saber-antes-de-ir\/?display=bare-bones'>Voy a hacer la visita en el instituto. \u00bfQu\u00e9 debo saber antes de ir?<\/a><\/li><li><a href='https:\/\/www.gettingout.com\/es\/faq\/por-que-no-puedo-programar-una-visita-con-un-interno\/?display=bare-bones'>\u00bfPor qu\u00e9 no puedo programar una visita con un interno?<\/a><\/li><li><a href='https:\/\/www.gettingout.com\/es\/faq\/han-pasado-varios-minutos-y-el-interno-no-aparece-en-la-pantalla-por-que\/?display=bare-bones'>Han pasado varios minutos y el interno no aparece en la pantalla. \u00bfPor qu\u00e9?<\/a><\/li><li><a href='https:\/\/www.gettingout.com\/es\/faq\/por-que-mi-calendario-muestra-una-hora-equivocada-para-mi-visita\/?display=bare-bones'>\u00bfPor qu\u00e9 mi calendario muestra una hora equivocada para mi visita?<\/a><\/li><li><a href='https:\/\/www.gettingout.com\/es\/faq\/a-cual-cuenta-debo-despositar-para-las-funciones-de-visita-y-mensajes\/?display=bare-bones'>\u00bfA cu\u00e1l cuenta debo despositar para las funciones de visita y mensajes?<\/a><\/li><li><a href='https:\/\/www.gettingout.com\/es\/faq\/puedo-pagar-en-efectivo-por-visitas-extras-o-visitas-remotas\/?display=bare-bones'>\u00bfPuedo pagar en efectivo por visitas extras o visitas remotas?<\/a><\/li><li><a href='https:\/\/www.gettingout.com\/es\/faq\/como-cancelo-una-visita-programada-y-aun-asi-me-la-cobraran\/?display=bare-bones'>\u00bfC\u00f3mo cancelo una visita programada y, a\u00fan as\u00ed me la cobrar\u00e1n?<\/a><\/li><li><a href='https:\/\/www.gettingout.com\/es\/faq\/como-se-realizan-los-reembolsos-por-visitas-pagadas\/?display=bare-bones'>\u00bfC\u00f3mo se realizan los reembolsos por visita(s) pagada(s)?<\/a><\/li><li><a href='https:\/\/www.gettingout.com\/es\/faq\/el-interno-no-estuvo-disponible-para-visita-la-visita-puede-ser-reembolsada\/?display=bare-bones'>El interno no estuvo disponible para visita, \u00bfla visita puede ser reembolsada?<\/a><\/li><li><a href='https:\/\/www.gettingout.com\/es\/faq\/como-obtener-la-verificacion-telmate\/?display=bare-bones'>C\u00f3mo obtener la Verificaci\u00f3n Telmate<\/a> <i class='fa fa-video-camera'><\/i><\/li><li><a href='https:\/\/www.gettingout.com\/es\/faq\/como-me-entero-de-cantas-visitas-gratuitas-tiene-mi-interno\/?display=bare-bones'>\u00bfC\u00f3mo me entero de cu\u00e1ntas visitas gratuitas tiene mi interno?<\/a><\/li><li><a href='https:\/\/www.gettingout.com\/es\/faq\/xxx\/?display=bare-bones'>\u00bfC\u00f3mo s\u00e9 si el interno recibi\u00f3 mi solicitud de visita?<\/a><\/li><\/ul><\/div><div class='help-faq-cat-mensajes-y-fotos help-faq-category '><ul><li><a href='https:\/\/www.gettingout.com\/es\/faq\/como-agregar-una-foto-de-perfil\/?display=bare-bones'>C\u00f3mo Agregar una Foto de Perfil<\/a> <i class='fa fa-video-camera'><\/i><\/li><li><a href='https:\/\/www.gettingout.com\/es\/faq\/como-enviar-un-mensaje\/?display=bare-bones'>C\u00f3mo Enviar un Mensaje<\/a> <i class='fa fa-video-camera'><\/i><\/li><li><a href='https:\/\/www.gettingout.com\/es\/faq\/como-descargo-una-foto-en-mi-cuenta\/?display=bare-bones'>\u00bfC\u00f3mo descargo una foto en mi cuenta?<\/a><\/li><li><a href='https:\/\/www.gettingout.com\/es\/faq\/como-muevo-fotos-de-una-galeria-a-otra\/?display=bare-bones'>\u00bfC\u00f3mo muevo fotos de una galer\u00eda a otra?<\/a><\/li><li><a href='https:\/\/www.gettingout.com\/es\/faq\/como-puedo-compartir-mis-fotos\/?display=bare-bones'>\u00bfC\u00f3mo puedo compartir mis fotos?<\/a><\/li><li><a href='https:\/\/www.gettingout.com\/es\/faq\/como-le-mando-un-mensaje-a-un-interno\/?display=bare-bones'>\u00bfC\u00f3mo le mando un mensaje a un interno?<\/a><\/li><li><a href='https:\/\/www.gettingout.com\/es\/faq\/que-tan-largo-puede-ser-mi-mensaje\/?display=bare-bones'>\u00bfQu\u00e9 tan largo puede ser mi mensaje?<\/a><\/li><li><a href='https:\/\/www.gettingout.com\/es\/faq\/donde-puedo-encontrar-el-mensaje-que-dijo-que-me-envio-un-interno\/?display=bare-bones'>\u00bfD\u00f3nde puedo encontrar el mensaje que dijo que me envi\u00f3 un interno?<\/a><\/li><li><a href='https:\/\/www.gettingout.com\/es\/faq\/a-cual-cuenta-debo-despositar-para-las-funciones-de-visita-y-mensajes\/?display=bare-bones'>\u00bfA cu\u00e1l cuenta debo despositar para las funciones de visita y mensajes?<\/a><\/li><li><a href='https:\/\/www.gettingout.com\/es\/faq\/como-envio-mensajes-a-mi-ser-querido-que-tiene-acceso-a-una-tableta-telmate\/?display=bare-bones'>\u00bfC\u00f3mo env\u00edo mensajes a mi ser querido que tiene acceso a una Tableta Telmate?<\/a><\/li><li><a href='https:\/\/www.gettingout.com\/es\/faq\/como-puedo-compartir-fotos-con-un-ser-querido-que-tiene-acceso-a-una-tableta-telmate\/?display=bare-bones'>\u00bfC\u00f3mo puedo compartir fotos con un ser querido que tiene acceso a una Tableta Telmate?<\/a><\/li><li><a href='https:\/\/www.gettingout.com\/es\/faq\/como-giro-una-foto\/?display=bare-bones'>\u00bfC\u00f3mo giro una foto?<\/a><\/li><li><a href='https:\/\/www.gettingout.com\/es\/faq\/como-se-si-mi-interno-esta-recibiendo-mis-mensajes\/?display=bare-bones'>\u00bfComo s\u00e9 si mi interno est\u00e1 recibiendo mis mensajes?<\/a><\/li><\/ul><\/div><div class='help-faq-cat-depositos-y-reembolsos help-faq-category '><ul><li><a href='https:\/\/www.gettingout.com\/es\/faq\/como-depositar-fondos\/?display=bare-bones'>C\u00f3mo Depositar Fondos<\/a> <i class='fa fa-video-camera'><\/i><\/li><li><a href='https:\/\/www.gettingout.com\/es\/faq\/cuales-son-los-metodos-de-pago-que-aceptan\/?display=bare-bones'>\u00bfCu\u00e1les son los m\u00e9todos de pago que aceptan?<\/a><\/li><li><a href='https:\/\/www.gettingout.com\/es\/faq\/cuando-estara-disponible-para-usarse-mi-deposito-a-la-cuenta-de-amigos-y-familiares\/?display=bare-bones'>\u00bfCu\u00e1ndo estar\u00e1 disponible para usarse mi dep\u00f3sito a la cuenta de Amigos y Familiares<\/a><\/li><li><a href='https:\/\/www.gettingout.com\/es\/faq\/cuando-estara-disponible-para-usarse-mi-deposito-a-la-cuenta-de-comisaria\/?display=bare-bones'>\u00bfCu\u00e1ndo estar\u00e1 disponible para usarse mi dep\u00f3sito a la cuenta de Comisar\u00eda?<\/a><\/li><li><a href='https:\/\/www.gettingout.com\/es\/faq\/almacenan-la-informacion-de-mi-tarjeta-de-credito-en-su-sistema\/?display=bare-bones'>\u00bfAlmacenan la informaci\u00f3n de mi tarjeta de cr\u00e9dito en su sistema?<\/a><\/li><li><a href='https:\/\/www.gettingout.com\/es\/faq\/cobraran-ustedes-mi-cuenta-sin-mi-autorizacion\/?display=bare-bones'>\u00bfCobrar\u00e1n ustedes mi cuenta sin mi autorizaci\u00f3n?<\/a><\/li><li><a href='https:\/\/www.gettingout.com\/es\/faq\/se-pueden-transferir-los-fondos-de-una-cuenta-de-interno-liberado-esta-le-permite-al-interno-llamar-a-cualquier-telefono-y-utilizar-las-funciones-de-gettingout-com-a-otra-cuenta-activa\/?display=bare-bones'>\u00bfSe pueden transferir los fondos de una Cuenta de Interno liberado (\u00e9sta le permite al interno llamar a cualquier tel\u00e9fono y utilizar las funciones de GettingOut.com) a otra cuenta activa?<\/a><\/li><li><a href='https:\/\/www.gettingout.com\/es\/faq\/que-le-pasa-a-mis-fondos-si-mi-interno-es-transferido-de-un-instituto-a-otro\/?display=bare-bones'>\u00bfQu\u00e9 le pasa a mis fondos si mi interno es transferido de un instituto a otro?<\/a><\/li><li><a href='https:\/\/www.gettingout.com\/es\/faq\/puedo-obtene-un-reembolso-de-los-fondos-de-mi-cuenta-de-amigos-y-familiares\/?display=bare-bones'>\u00bfPuedo obtener un reembolso de los fondos de mi cuenta de Amigos y Familiares?<\/a><\/li><li><a href='https:\/\/www.gettingout.com\/es\/faq\/como-transfiero-fondos-a-un-nuevo-numero-telefonico\/?display=bare-bones'>\u00bfC\u00f3mo transfiero fondos a un nuevo n\u00famero telef\u00f3nico?<\/a><\/li><li><a href='https:\/\/www.gettingout.com\/es\/faq\/que-es-lo-que-determina-si-un-reembolso-se-realiza-en-forma-de-cheque-o-de-tarjeta\/?display=bare-bones'>\u00bfMi reembolso se realizar\u00e1 en forma de cheque o de tarjeta?<\/a><\/li><li><a href='https:\/\/www.gettingout.com\/es\/faq\/cuanto-tiempo-debo-esperar-para-recibir-mi-reembolso-de-efectivo\/?display=bare-bones'>\u00bfCu\u00e1nto tiempo debo esperar para recibir mi reembolso?<\/a><\/li><li><a href='https:\/\/www.gettingout.com\/es\/faq\/aun-tengo-fondos-en-mi-cuenta-de-amigos-y-familiares-y-mi-interno-ha-vuelto-al-instituto-puedo-reutilizar-estos-fondos\/?display=bare-bones'>A\u00fan tengo fondos en mi Cuenta de Amigos y Familiares, y mi interno ha vuelto al instituto. \u00bfPuedo reutilizar estos fondos?<\/a><\/li><li><a href='https:\/\/www.gettingout.com\/es\/faq\/que-pasa-si-nunca-llamo-para-obtener-un-reembolso-de-mi-saldo\/?display=bare-bones'>\u00bfQu\u00e9 pasa si nunca llamo para obtener un reembolso de mi saldo?<\/a><\/li><li><a href='https:\/\/www.gettingout.com\/es\/faq\/puedo-depositar-dinero-que-el-interno-pueda-usar-para-llamar-a-cualquier-contacto-autorizado\/?display=bare-bones'>\u00bfPuedo depositar dinero que el interno pueda usar para llamar a cualquier contacto autorizado?<\/a><\/li><li><a href='https:\/\/www.gettingout.com\/es\/faq\/como-sabra-un-interno-que-tiene-fondos-disponibles\/?display=bare-bones'>\u00bfC\u00f3mo sabr\u00e1 un interno que tiene fondos disponibles?<\/a><\/li><li><a href='https:\/\/www.gettingout.com\/es\/faq\/como-agrego-fondos-a-mi-cuenta\/?display=bare-bones'>\u00bfC\u00f3mo agrego fondos a mi cuenta?<\/a><\/li><li><a href='https:\/\/www.gettingout.com\/es\/faq\/a-cual-cuenta-debo-despositar-para-las-funciones-de-visita-y-mensajes\/?display=bare-bones'>\u00bfA cu\u00e1l cuenta debo despositar para las funciones de visita y mensajes?<\/a><\/li><li><a href='https:\/\/www.gettingout.com\/es\/faq\/puedo-pagar-en-efectivo-por-visitas-extras-o-visitas-remotas\/?display=bare-bones'>\u00bfPuedo pagar en efectivo por visitas extras o visitas remotas?<\/a><\/li><li><a href='https:\/\/www.gettingout.com\/es\/faq\/como-cancelo-una-visita-programada-y-aun-asi-me-la-cobraran\/?display=bare-bones'>\u00bfC\u00f3mo cancelo una visita programada y, a\u00fan as\u00ed me la cobrar\u00e1n?<\/a><\/li><li><a href='https:\/\/www.gettingout.com\/es\/faq\/perdi-mi-visita-programada-obtendre-un-reembolso-me-pueden-reembolsar\/?display=bare-bones'>Perd\u00ed mi visita programada, \u00bfobtendr\u00e9 un reembolso &#8211; me pueden reembolsar?<\/a><\/li><li><a href='https:\/\/www.gettingout.com\/es\/faq\/como-se-realizan-los-reembolsos-por-visitas-pagadas\/?display=bare-bones'>\u00bfC\u00f3mo se realizan los reembolsos por visita(s) pagada(s)?<\/a><\/li><li><a href='https:\/\/www.gettingout.com\/es\/faq\/el-interno-no-estuvo-disponible-para-visita-la-visita-puede-ser-reembolsada\/?display=bare-bones'>El interno no estuvo disponible para visita, \u00bfla visita puede ser reembolsada?<\/a><\/li><li><a href='https:\/\/www.gettingout.com\/es\/faq\/como-creo-una-cuenta-y-cuales-son-mis-opciones-para-hacer-depositos\/?display=bare-bones'>\u00bfC\u00f3mo creo una cuenta y cu\u00e1les son mis opciones para hacer dep\u00f3sitos?<\/a><\/li><\/ul><\/div><div class='help-faq-cat-cuentas-y-general help-faq-category '><ul><li><a href='https:\/\/www.gettingout.com\/es\/faq\/tienen-planes-mensuales-que-permitan-hacer-llamadas-ilimitadas\/?display=bare-bones'>\u00bfTienen planes mensuales que permitan hacer llamadas ilimitadas?<\/a><\/li><li><a href='https:\/\/www.gettingout.com\/es\/faq\/tengo-que-firmar-un-contrato-con-ustedes-para-poder-usar-sus-servicios\/?display=bare-bones'>\u00bfTengo que firmar un contrato con ustedes para poder usar sus servicios?<\/a><\/li><li><a href='https:\/\/www.gettingout.com\/es\/faq\/a-que-o-desde-cuales-cuentas-puedo-transferir\/?display=bare-bones'>\u00bfA qu\u00e9 o desde cu\u00e1les cuentas puedo transferir?<\/a><\/li><li><a href='https:\/\/www.gettingout.com\/es\/faq\/como-puedo-saber-cuanto-dinero-hay-en-mi-cuenta-de-amigos-y-familiares\/?display=bare-bones'>\u00bfC\u00f3mo puedo saber cu\u00e1nto dinero hay en mi Cuenta de Amigos y Familiares?<\/a><\/li><li><a href='https:\/\/www.gettingout.com\/es\/faq\/como-puedo-saber-cuanto-dinero-hay-en-una-cuenta-de-interno\/?display=bare-bones'>\u00bfC\u00f3mo puedo saber cu\u00e1nto dinero hay en una Cuenta de Interno?<\/a><\/li><li><a href='https:\/\/www.gettingout.com\/es\/faq\/como-sabra-un-interno-que-tiene-fondos-disponibles\/?display=bare-bones'>\u00bfC\u00f3mo sabr\u00e1 un interno que tiene fondos disponibles?<\/a><\/li><li><a href='https:\/\/www.gettingout.com\/es\/faq\/como-agrego-otro-numero-de-telefono-a-mi-cuenta\/?display=bare-bones'>\u00bfC\u00f3mo agrego otro n\u00famero de tel\u00e9fono a mi cuenta?<\/a><\/li><li><a href='https:\/\/www.gettingout.com\/es\/faq\/y-si-no-tengo-direccion-de-correo-electronico\/?display=bare-bones'>\u00bfY si no tengo direcci\u00f3n de correo electr\u00f3nico?<\/a><\/li><li><a href='https:\/\/www.gettingout.com\/es\/faq\/cual-es-mi-nombre-de-usuario\/?display=bare-bones'>\u00bfCu\u00e1l es mi nombre de usuario?<\/a><\/li><li><a href='https:\/\/www.gettingout.com\/es\/faq\/como-elimino-mi-cuenta-de-gettingout\/?display=bare-bones'>\u00bfC\u00f3mo elimino mi cuenta de GettingOut?<\/a><\/li><li><a href='https:\/\/www.gettingout.com\/es\/faq\/voy-a-hacer-la-visita-en-el-instituto-que-debo-saber-antes-de-ir\/?display=bare-bones'>Voy a hacer la visita en el instituto. \u00bfQu\u00e9 debo saber antes de ir?<\/a><\/li><li><a href='https:\/\/www.gettingout.com\/es\/faq\/como-cambio-mi-foto-de-perfil\/?display=bare-bones'>\u00bfC\u00f3mo cambio mi foto de perfil?<\/a><\/li><li><a href='https:\/\/www.gettingout.com\/es\/faq\/por-que-estoy-teniendo-problemas-para-iniciar-sesion-en-mi-cuenta\/?display=bare-bones'>Olvid\u00e9 mi contrase\u00f1a\/PIN, \u00bfc\u00f3mo obtengo uno nuevo?<\/a><\/li><li><a href='https:\/\/www.gettingout.com\/es\/faq\/necesito-una-tarjeta-de-credito-para-crear-una-cuenta\/?display=bare-bones'>\u00bfNecesito una tarjeta de cr\u00e9dito para crear una cuenta?<\/a><\/li><li><a href='https:\/\/www.gettingout.com\/es\/faq\/como-obtener-la-verificacion-telmate\/?display=bare-bones'>C\u00f3mo obtener la Verificaci\u00f3n Telmate<\/a> <i class='fa fa-video-camera'><\/i><\/li><li><a href='https:\/\/www.gettingout.com\/es\/faq\/como-puedo-desbloquear-un-contacto-al-que-bloquee-por-error\/?display=bare-bones'>\u00bfC\u00f3mo puedo bloquear \/ desbloquear un contacto?<\/a><\/li><li><a href='https:\/\/www.gettingout.com\/es\/faq\/como-creo-una-cuenta-y-cuales-son-mis-opciones-para-hacer-depositos\/?display=bare-bones'>\u00bfC\u00f3mo creo una cuenta y cu\u00e1les son mis opciones para hacer dep\u00f3sitos?<\/a><\/li><li><a href='https:\/\/www.gettingout.com\/es\/faq\/como-creo-una-cuenta-gratuita\/?display=bare-bones'>\u00bfC\u00f3mo creo una cuenta?<\/a><\/li><\/ul><\/div><div class='help-faq-cat-telefonos-y-mensajes-de-voz help-faq-category '><ul><li><a href='https:\/\/www.gettingout.com\/es\/faq\/tienen-planes-mensuales-que-permitan-hacer-llamadas-ilimitadas\/?display=bare-bones'>\u00bfTienen planes mensuales que permitan hacer llamadas ilimitadas?<\/a><\/li><li><a href='https:\/\/www.gettingout.com\/es\/faq\/expiran-los-mensajes-de-voz-otorgados-por-comprar-en-prepago-tiempo-para-telefono-por-25-00-50-00-75-00-dolares-o-mas\/?display=bare-bones'>\u00bfExpiran los mensajes de voz otorgados por comprar en prepago tiempo para tel\u00e9fono por $25.00, $50.00, 75.00 d\u00f3lares (o m\u00e1s)?<\/a><\/li><li><a href='https:\/\/www.gettingout.com\/es\/faq\/puedo-depositar-dinero-que-el-interno-pueda-usar-para-llamar-a-cualquier-contacto-autorizado\/?display=bare-bones'>\u00bfPuedo depositar dinero que el interno pueda usar para llamar a cualquier contacto autorizado?<\/a><\/li><li><a href='https:\/\/www.gettingout.com\/es\/faq\/cual-es-la-manera-mas-barata-de-aceptar-llamadas-telefonicas-de-un-interno-de-un-instituto-que-use-los-servicios-telefonicos-de-telmate\/?display=bare-bones'>\u00bfCu\u00e1l es la manera m\u00e1s barata de aceptar llamadas telef\u00f3nicas de un interno de un instituto que use los servicios telef\u00f3nicos de Telmate?<\/a><\/li><li><a href='https:\/\/www.gettingout.com\/es\/faq\/como-puedo-dejar-un-mensaje-de-voz-a-un-interno\/?display=bare-bones'>\u00bfC\u00f3mo puedo dejar un mensaje de voz a un interno?<\/a><\/li><li><a href='https:\/\/www.gettingout.com\/es\/faq\/como-evito-que-un-interno-me-llame\/?display=bare-bones'>\u00bfC\u00f3mo evito que un interno me llame?<\/a><\/li><li><a href='https:\/\/www.gettingout.com\/es\/faq\/como-obtener-la-verificacion-telmate\/?display=bare-bones'>C\u00f3mo obtener la Verificaci\u00f3n Telmate<\/a> <i class='fa fa-video-camera'><\/i><\/li><li><a href='https:\/\/www.gettingout.com\/es\/faq\/introduccion-a-los-telefonos-de-telmate\/?display=bare-bones'>Introducci\u00f3n a los Tel\u00e9fonos de Telmate.<\/a> <i class='fa fa-video-camera'><\/i><\/li><li><a href='https:\/\/www.gettingout.com\/es\/faq\/acabo-de-recibir-una-llamada-desde-una-carcel-o-prision-que-utiliza-su-servicio-que-hago\/?display=bare-bones'>Acabo de recibir una llamada desde una c\u00e1rcel o prisi\u00f3n que utiliza su servicio, \u00bfqu\u00e9 hago?<\/a><\/li><\/ul><\/div><\/div><\/div>\n","protected":false},"excerpt":{"rendered":"<p>Centro de Ayuda<\/p>\n","protected":false},"author":1,"featured_media":0,"parent":0,"menu_order":0,"comment_status":"open","ping_status":"closed","template":"help.php","meta":{"_mi_skip_tracking":false,"footnotes":""},"class_list":["post-3760","page","type-page","status-publish","hentry"],"acf":[],"_links":{"self":[{"href":"https:\/\/www.gettingout.com\/es\/wp-json\/wp\/v2\/pages\/3760","targetHints":{"allow":["GET"]}}],"collection":[{"href":"https:\/\/www.gettingout.com\/es\/wp-json\/wp\/v2\/pages"}],"about":[{"href":"https:\/\/www.gettingout.com\/es\/wp-json\/wp\/v2\/types\/page"}],"author":[{"embeddable":true,"href":"https:\/\/www.gettingout.com\/es\/wp-json\/wp\/v2\/users\/1"}],"replies":[{"embeddable":true,"href":"https:\/\/www.gettingout.com\/es\/wp-json\/wp\/v2\/comments?post=3760"}],"version-history":[{"count":0,"href":"https:\/\/www.gettingout.com\/es\/wp-json\/wp\/v2\/pages\/3760\/revisions"}],"wp:attachment":[{"href":"https:\/\/www.gettingout.com\/es\/wp-json\/wp\/v2\/media?parent=3760"}],"curies":[{"name":"wp","href":"https:\/\/api.w.org\/{rel}","templated":true}]}}