{"id":3824,"date":"2014-06-11T18:09:53","date_gmt":"2014-06-11T18:09:53","guid":{"rendered":"http:\/\/www.gettingout.com\/how-to-deposit-funds-2\/"},"modified":"2016-06-16T17:41:34","modified_gmt":"2016-06-17T00:41:34","slug":"como-depositar-fondos","status":"publish","type":"page","link":"https:\/\/www.gettingout.com\/es\/como-depositar-fondos\/","title":{"rendered":"C\u00f3mo depositar fondos"},"content":{"rendered":"<section class=\"av_textblock_section \"  itemscope=\"itemscope\" itemtype=\"https:\/\/schema.org\/CreativeWork\" ><div class='avia_textblock  '   itemprop=\"text\" ><p style=\"color: #6a6a6a;\"><a title=\"Tutoriales en video\" href=\"https:\/\/www.gettingout.com\/es\/tutoriales-en-video\/\"><strong>&lt;&lt;&lt;\u00a0Volver a todos los videos<\/strong><\/a><\/p>\n<\/div><\/section>\n<div  class='avia-video avia-video-16-9   '  itemprop=\"video\" itemtype=\"https:\/\/schema.org\/VideoObject\" ><div class='avia-iframe-wrap'><iframe loading=\"lazy\" src=\"\/\/player.vimeo.com\/video\/97974671\" width=\"1152\" height=\"720\" frameborder=\"0\" title=\"Deposit Funds\" webkitallowfullscreen mozallowfullscreen allowfullscreen><\/iframe><\/div><\/div>\n<section class=\"av_textblock_section \"  itemscope=\"itemscope\" itemtype=\"https:\/\/schema.org\/CreativeWork\" ><div class='avia_textblock  '   itemprop=\"text\" ><h3 style=\"color: #6a6a6a;\"><span data-sheets-value=\"[null,2,\" data-sheets-userformat=\"[null,null,513,[null,0],null,null,null,null,null,null,null,null,0]\">Este video le mostrar\u00e1 c\u00f3mo depositar fondos.<\/span><\/h3>\n<\/div><\/section>\n<section class=\"av_textblock_section \"  itemscope=\"itemscope\" itemtype=\"https:\/\/schema.org\/CreativeWork\" ><div class='avia_textblock  '   itemprop=\"text\" ><ul>\n<li>Primero, usted debe decidir a d\u00f3nde quiere que vaya su dinero y c\u00f3mo usarlo.<\/li>\n<li>Con una cuenta de Amigos y Familiares, usted puede depositar fondos en su propia cuenta personal y pagar por servicios como llamadas telef\u00f3nicas y visitas de video con su amigo, quien s\u00f3lo puede llamarle a su n\u00famero de tel\u00e9fono.<\/li>\n<li>Con una Cuenta de Interno, usted puede elegir depositar fondos que su amigo puede usar para llamadas y visitas de video con cualquier contacto que haya sido autorizado.<\/li>\n<li>Con la Cuenta de Comisar\u00eda, usted puede elegir depositar fondos que su amigo puede usar para comprar art\u00edculos del instituto como botanas y otros bienes.<\/li>\n<\/ul>\n<p><span data-sheets-value=\"[null,2,\" data-sheets-userformat=\"[null,null,513,[null,0],null,null,null,null,null,null,null,null,0]\">\u00a1Ahora vamos a crear su cuenta de GettingOut!<\/span><\/p>\n<ol style=\"color: #6a6a6a;\">\n<li>Desde www.gettingout.com, haga clic en el enlace Crear una cuenta.<\/li>\n<li>Cuando haya terminado, ingrese a su cuenta haciendo clic en Iniciar sesi\u00f3n.<\/li>\n<li>Una vez que haya iniciado sesi\u00f3n, haga clic en Seleccionar destinatario. Desde la pesta\u00f1a de Contactos, escoja a qui\u00e9n quiere darle dinero y el tipo de dep\u00f3sito.<\/li>\n<li>Elija el M\u00e9todo de pago y seleccione la tarjeta que desea usar.<\/li>\n<li>Ahora, teclee la cantidad, luego haga clic en Cuando, y escoja si depositar la cantidad una vez, semanalmente o mensualmente. Es f\u00e1cil y conveniente programar dep\u00f3sitos peri\u00f3dicos. Haga clic en el bot\u00f3n de Dep\u00f3sito cuando haya terminado. Luego, haga clic en Aceptar \u00a1y su dep\u00f3sito ya est\u00e1 hecho!<\/li>\n<\/ol>\n<\/div><\/section>\n","protected":false},"excerpt":{"rendered":"","protected":false},"author":1,"featured_media":0,"parent":0,"menu_order":0,"comment_status":"open","ping_status":"open","template":"","meta":{"_mi_skip_tracking":false,"footnotes":""},"class_list":["post-3824","page","type-page","status-publish","hentry"],"acf":[],"_links":{"self":[{"href":"https:\/\/www.gettingout.com\/es\/wp-json\/wp\/v2\/pages\/3824","targetHints":{"allow":["GET"]}}],"collection":[{"href":"https:\/\/www.gettingout.com\/es\/wp-json\/wp\/v2\/pages"}],"about":[{"href":"https:\/\/www.gettingout.com\/es\/wp-json\/wp\/v2\/types\/page"}],"author":[{"embeddable":true,"href":"https:\/\/www.gettingout.com\/es\/wp-json\/wp\/v2\/users\/1"}],"replies":[{"embeddable":true,"href":"https:\/\/www.gettingout.com\/es\/wp-json\/wp\/v2\/comments?post=3824"}],"version-history":[{"count":0,"href":"https:\/\/www.gettingout.com\/es\/wp-json\/wp\/v2\/pages\/3824\/revisions"}],"wp:attachment":[{"href":"https:\/\/www.gettingout.com\/es\/wp-json\/wp\/v2\/media?parent=3824"}],"curies":[{"name":"wp","href":"https:\/\/api.w.org\/{rel}","templated":true}]}}