{"id":3825,"date":"2014-06-11T18:40:37","date_gmt":"2014-06-11T18:40:37","guid":{"rendered":"http:\/\/www.gettingout.com\/how-schedule-a-first-time-visit-2\/"},"modified":"2014-07-28T15:49:42","modified_gmt":"2014-07-28T22:49:42","slug":"como-programar-una-primera-visita","status":"publish","type":"page","link":"https:\/\/www.gettingout.com\/es\/como-programar-una-primera-visita\/","title":{"rendered":"Visitas de video: C\u00f3mo programar una primera visita"},"content":{"rendered":"<section class=\"av_textblock_section \"  itemscope=\"itemscope\" itemtype=\"https:\/\/schema.org\/CreativeWork\" ><div class='avia_textblock  '   itemprop=\"text\" ><p style=\"color: #6a6a6a;\"><a title=\"Tutoriales en video\" href=\"https:\/\/www.gettingout.com\/es\/tutoriales-en-video\/\"><strong>&lt;&lt;&lt;\u00a0Volver a todos los videos<\/strong><\/a><\/p>\n<\/div><\/section>\n<div  class='avia-video avia-video-16-9   '  itemprop=\"video\" itemtype=\"https:\/\/schema.org\/VideoObject\" ><div class='avia-iframe-wrap'><iframe loading=\"lazy\" src=\"\/\/player.vimeo.com\/video\/97974722\" width=\"1152\" height=\"720\" frameborder=\"0\" title=\"Schedule a Visit\" webkitallowfullscreen mozallowfullscreen allowfullscreen><\/iframe><\/div><\/div>\n<section class=\"av_textblock_section \"  itemscope=\"itemscope\" itemtype=\"https:\/\/schema.org\/CreativeWork\" ><div class='avia_textblock  '   itemprop=\"text\" ><h3><span data-sheets-value=\"[null,2,\" data-sheets-userformat=\"[null,null,769,[null,0],null,null,null,null,null,null,null,1,0]\">Este video le mostrar\u00e1 c\u00f3mo programar una visita por primera vez. Programar una visita es tan f\u00e1cil como 1, 2, 3.<\/span><\/h3>\n<\/div><\/section>\n<section class=\"av_textblock_section \"  itemscope=\"itemscope\" itemtype=\"https:\/\/schema.org\/CreativeWork\" ><div class='avia_textblock  '   itemprop=\"text\" ><ul>\n<li>Paso 1, inicie sesi\u00f3n en www.gettingout.com y deposite fondos.<\/li>\n<li>Paso 2, encuentre a su amigo y sugiera una fecha y hora para la visita.<\/li>\n<li>Paso 3, espere a que su amigo acepte su invitaci\u00f3n.<\/li>\n<\/ul>\n<p><span data-sheets-value=\"[null,2,\" data-sheets-userformat=\"[null,null,897,[null,0],null,null,null,null,null,null,0,1,0]\">Aqu\u00ed est\u00e1n los detalles:<br \/>\n<\/span><\/p>\n<ol>\n<li>Una vez que haya iniciado sesi\u00f3n en su cuenta de gettingout.com usted puede programar una visita haciendo clic en el enlace Visita o en la pesta\u00f1a de Contacto.<\/li>\n<li>Busque a su amigo escogiendo el instituto, si es adulto o menor, y tecleando su nombre.<\/li>\n<li>Haga clic en el bot\u00f3n de Buscar, encuentre a su amigo y haga clic en el bot\u00f3n de M\u00e1s.<\/li>\n<li>Haga clic en el bot\u00f3n de Programar visita.<\/li>\n<li>Ver\u00e1 las diferentes opciones para la visita, dependiendo de lo que ofrece el instituto. Puede realizar visitas en el instituto o de manera remota, desde casa.<\/li>\n<li>Escoja una fecha en el Calendario o haga clic en el bot\u00f3n de Hoy.<\/li>\n<li>Escoja una hora conveniente para la visita.<\/li>\n<li>Seleccione la duraci\u00f3n de su visita. Tambi\u00e9n ver\u00e1 el costo que tendr\u00e1 la visita.<\/li>\n<li>Haga clic en el bot\u00f3n de Seleccionar hora de la visita, luego haga clic en Aceptar y Continuar.<\/li>\n<li>Siempre es buena idea probar su c\u00e1mara web y micr\u00f3fono antes de iniciar su visita. Haga clic en el bot\u00f3n de OK.<\/li>\n<li>Haga clic en el bot\u00f3n Iniciar. Sabr\u00e1 que la prueba es exitosa cuando se vea a usted mismo en la c\u00e1mara y el micr\u00f3fono funcione.<\/li>\n<li>Su fecha sugerida para la visita ha sido enviada. Como un recordatorio amistoso, su amigo debe aceptar la invitaci\u00f3n antes de que usted pueda hacer la visita.<\/li>\n<li>13. Usted ver\u00e1 la confirmaci\u00f3n en sus Mensajes.<\/li>\n<\/ol>\n<\/div><\/section>\n","protected":false},"excerpt":{"rendered":"","protected":false},"author":1,"featured_media":0,"parent":0,"menu_order":0,"comment_status":"open","ping_status":"closed","template":"","meta":{"_mi_skip_tracking":false,"footnotes":""},"class_list":["post-3825","page","type-page","status-publish","hentry"],"acf":[],"_links":{"self":[{"href":"https:\/\/www.gettingout.com\/es\/wp-json\/wp\/v2\/pages\/3825","targetHints":{"allow":["GET"]}}],"collection":[{"href":"https:\/\/www.gettingout.com\/es\/wp-json\/wp\/v2\/pages"}],"about":[{"href":"https:\/\/www.gettingout.com\/es\/wp-json\/wp\/v2\/types\/page"}],"author":[{"embeddable":true,"href":"https:\/\/www.gettingout.com\/es\/wp-json\/wp\/v2\/users\/1"}],"replies":[{"embeddable":true,"href":"https:\/\/www.gettingout.com\/es\/wp-json\/wp\/v2\/comments?post=3825"}],"version-history":[{"count":0,"href":"https:\/\/www.gettingout.com\/es\/wp-json\/wp\/v2\/pages\/3825\/revisions"}],"wp:attachment":[{"href":"https:\/\/www.gettingout.com\/es\/wp-json\/wp\/v2\/media?parent=3825"}],"curies":[{"name":"wp","href":"https:\/\/api.w.org\/{rel}","templated":true}]}}