{"id":3827,"date":"2014-06-11T21:48:48","date_gmt":"2014-06-11T21:48:48","guid":{"rendered":"http:\/\/www.gettingout.com\/video-visits-how-to-create-galleries-2\/"},"modified":"2016-06-16T17:46:22","modified_gmt":"2016-06-17T00:46:22","slug":"como-crear-galerias","status":"publish","type":"page","link":"https:\/\/www.gettingout.com\/es\/como-crear-galerias\/","title":{"rendered":"Visitas de video: C\u00f3mo crear galer\u00edas"},"content":{"rendered":"<section class=\"av_textblock_section \"  itemscope=\"itemscope\" itemtype=\"https:\/\/schema.org\/CreativeWork\" ><div class='avia_textblock  '   itemprop=\"text\" ><p style=\"color: #6a6a6a;\"><a title=\"Tutoriales en video\" href=\"https:\/\/www.gettingout.com\/es\/tutoriales-en-video\/\"><strong>&lt;&lt;&lt;\u00a0Volver a todos los videos<\/strong><\/a><\/p>\n<\/div><\/section>\n<div  class='avia-video avia-video-16-9   '  itemprop=\"video\" itemtype=\"https:\/\/schema.org\/VideoObject\" ><div class='avia-iframe-wrap'><iframe loading=\"lazy\" src=\"\/\/player.vimeo.com\/video\/97974950\" width=\"1152\" height=\"720\" frameborder=\"0\" title=\"Create Galleries\" webkitallowfullscreen mozallowfullscreen allowfullscreen><\/iframe><\/div><\/div>\n<section class=\"av_textblock_section \"  itemscope=\"itemscope\" itemtype=\"https:\/\/schema.org\/CreativeWork\" ><div class='avia_textblock  '   itemprop=\"text\" ><h3 style=\"color: #6a6a6a;\">Este video le mostrar\u00e1 c\u00f3mo crear diferentes galer\u00edas.<\/h3>\n<h3><\/h3>\n<\/div><\/section>\n<section class=\"av_textblock_section \"  itemscope=\"itemscope\" itemtype=\"https:\/\/schema.org\/CreativeWork\" ><div class='avia_textblock  '   itemprop=\"text\" ><ol>\n<li><span data-sheets-value=\"[null,2,\" data-sheets-userformat=\"[null,null,897,[null,0],null,null,null,null,null,null,0,1,0]\">Primero, vamos a crear una Galer\u00eda privada que s\u00f3lo usted pueda ver.<\/span><\/li>\n<li><span data-sheets-value=\"[null,2,\" data-sheets-userformat=\"[null,null,897,[null,0],null,null,null,null,null,null,0,1,0]\">Ahora desde la pesta\u00f1a de Fotos, haga clic en el bot\u00f3n de Descargar foto nueva. Enseguida, haga clic en Buscar y encuentre la foto que quiera agregar a su Galer\u00eda. Cuando haya terminado, haga clic en el bot\u00f3n de Guardar.<\/span><\/li>\n<li><span data-sheets-value=\"[null,2,\" data-sheets-userformat=\"[null,null,897,[null,0],null,null,null,null,null,null,0,1,0]\">Una vez que su foto haya sido aprobada, recibir\u00e1 un mensaje de confirmaci\u00f3n.<\/span><\/li>\n<li><span data-sheets-value=\"[null,2,\" data-sheets-userformat=\"[null,null,897,[null,0],null,null,null,null,null,null,0,1,0]\">Ahora, vamos a crear una nueva Galer\u00eda p\u00fablica. Usted decide qui\u00e9n ve esta Galer\u00eda.<\/span><\/li>\n<li><span data-sheets-value=\"[null,2,\" data-sheets-userformat=\"[null,null,897,[null,0],null,null,null,null,null,null,0,1,0]\">Haga clic en Descargar foto nueva y busque la foto que desea agregar a su Galer\u00eda p\u00fablica. Dele un nombre a su foto. Seleccione Agregar a Galer\u00eda. Teclee un nombre para su Galer\u00eda y haga clic en Crear galer\u00eda. Enseguida, escoja qui\u00e9n puede ver su Galer\u00eda. Haga clic en Guardar ajustes y en Guardar Foto.<\/span><\/li>\n<li><span data-sheets-value=\"[null,2,\" data-sheets-userformat=\"[null,null,897,[null,0],null,null,null,null,null,null,0,1,0]\">Finalmente, editemos nuestra Galer\u00eda. Seleccione una Galer\u00eda y haga clic en el \u00edcono del l\u00e1piz.<\/span><\/li>\n<li><span data-sheets-value=\"[null,2,\" data-sheets-userformat=\"[null,null,897,[null,0],null,null,null,null,null,null,0,1,0]\">Ahora puede cambiar qui\u00e9n puede ver esta Galer\u00eda. Usted tambi\u00e9n puede editar sus fotos. Una vez que haya elegido su foto, usted puede Editar y Eliminar su fotograf\u00eda. Si elige Editar su foto, usted decide en cu\u00e1l Galer\u00eda la guardar\u00e1.<br \/>\n<\/span><\/li>\n<\/ol>\n<\/div><\/section>\n","protected":false},"excerpt":{"rendered":"","protected":false},"author":1,"featured_media":0,"parent":0,"menu_order":0,"comment_status":"open","ping_status":"closed","template":"","meta":{"_mi_skip_tracking":false,"footnotes":""},"class_list":["post-3827","page","type-page","status-publish","hentry"],"acf":[],"_links":{"self":[{"href":"https:\/\/www.gettingout.com\/es\/wp-json\/wp\/v2\/pages\/3827","targetHints":{"allow":["GET"]}}],"collection":[{"href":"https:\/\/www.gettingout.com\/es\/wp-json\/wp\/v2\/pages"}],"about":[{"href":"https:\/\/www.gettingout.com\/es\/wp-json\/wp\/v2\/types\/page"}],"author":[{"embeddable":true,"href":"https:\/\/www.gettingout.com\/es\/wp-json\/wp\/v2\/users\/1"}],"replies":[{"embeddable":true,"href":"https:\/\/www.gettingout.com\/es\/wp-json\/wp\/v2\/comments?post=3827"}],"version-history":[{"count":0,"href":"https:\/\/www.gettingout.com\/es\/wp-json\/wp\/v2\/pages\/3827\/revisions"}],"wp:attachment":[{"href":"https:\/\/www.gettingout.com\/es\/wp-json\/wp\/v2\/media?parent=3827"}],"curies":[{"name":"wp","href":"https:\/\/api.w.org\/{rel}","templated":true}]}}