{"id":3828,"date":"2014-06-11T21:53:32","date_gmt":"2014-06-11T21:53:32","guid":{"rendered":"http:\/\/www.gettingout.com\/video-visits-how-to-send-message-2\/"},"modified":"2014-07-28T15:49:10","modified_gmt":"2014-07-28T22:49:10","slug":"como-enviar-un-mensaje","status":"publish","type":"page","link":"https:\/\/www.gettingout.com\/es\/como-enviar-un-mensaje\/","title":{"rendered":"Visitas de video: C\u00f3mo enviar un mensaje"},"content":{"rendered":"<section class=\"av_textblock_section \"  itemscope=\"itemscope\" itemtype=\"https:\/\/schema.org\/CreativeWork\" ><div class='avia_textblock  '   itemprop=\"text\" ><p style=\"color: #6a6a6a;\"><a title=\"Tutoriales en video\" href=\"https:\/\/www.gettingout.com\/es\/tutoriales-en-video\/\"><strong>&lt;&lt;&lt;\u00a0Volver a todos los videos<\/strong><\/a><\/p>\n<\/div><\/section>\n<div  class='avia-video avia-video-16-9   '  itemprop=\"video\" itemtype=\"https:\/\/schema.org\/VideoObject\" ><div class='avia-iframe-wrap'><iframe loading=\"lazy\" src=\"\/\/player.vimeo.com\/video\/97975455\" width=\"1152\" height=\"720\" frameborder=\"0\" title=\"Send a Message\" webkitallowfullscreen mozallowfullscreen allowfullscreen><\/iframe><\/div><\/div>\n<section class=\"av_textblock_section \"  itemscope=\"itemscope\" itemtype=\"https:\/\/schema.org\/CreativeWork\" ><div class='avia_textblock  '   itemprop=\"text\" ><h3 style=\"color: #6a6a6a;\">Este video le mostrar\u00e1 c\u00f3mo enviar un mensaje.<\/h3>\n<h3><\/h3>\n<\/div><\/section>\n<section class=\"av_textblock_section \"  itemscope=\"itemscope\" itemtype=\"https:\/\/schema.org\/CreativeWork\" ><div class='avia_textblock  '   itemprop=\"text\" ><ol>\n<li><span data-sheets-value=\"[null,2,&quot;Este video le mostrar\\u00e1 c\\u00f3mo enviar un mensaje.\\n1.        Desde su cuenta, haga clic en la pesta\\u00f1a de Mensajes y luego haga clic en Enviar nuevo mensaje.\\n2.        Seleccione a su amigo y empiece a escribir su mensaje. Los mensajes pueden ser de hasta 300 caracteres de largo, incluyendo signos de puntuaci\\u00f3n. Encontrar\\u00e1 un \\u00fatil contador de caracteres regresivo abajo del borrador de su mensaje.\\n3.        Cuando haya terminado, haga clic en el bot\\u00f3n de Enviar. Cada mensaje que usted env\\u00ede debe ser aprobado primero, antes de que lo pueda leer.\\n&quot;]\" data-sheets-userformat=\"[null,null,897,[null,0],null,null,null,null,null,null,0,1,0]\">Desde su cuenta, haga clic en la pesta\u00f1a de Mensajes y luego haga clic en Enviar nuevo mensaje.<\/span><\/li>\n<li><span data-sheets-value=\"[null,2,&quot;Este video le mostrar\\u00e1 c\\u00f3mo enviar un mensaje.\\n1.        Desde su cuenta, haga clic en la pesta\\u00f1a de Mensajes y luego haga clic en Enviar nuevo mensaje.\\n2.        Seleccione a su amigo y empiece a escribir su mensaje. Los mensajes pueden ser de hasta 300 caracteres de largo, incluyendo signos de puntuaci\\u00f3n. Encontrar\\u00e1 un \\u00fatil contador de caracteres regresivo abajo del borrador de su mensaje.\\n3.        Cuando haya terminado, haga clic en el bot\\u00f3n de Enviar. Cada mensaje que usted env\\u00ede debe ser aprobado primero, antes de que lo pueda leer.\\n&quot;]\" data-sheets-userformat=\"[null,null,897,[null,0],null,null,null,null,null,null,0,1,0]\">Seleccione a su amigo y empiece a escribir su mensaje. Los mensajes pueden ser de hasta 300 caracteres de largo, incluyendo signos de puntuaci\u00f3n. Encontrar\u00e1 un \u00fatil contador de caracteres regresivo abajo del borrador de su mensaje.<\/span><\/li>\n<li><span data-sheets-value=\"[null,2,&quot;Este video le mostrar\\u00e1 c\\u00f3mo enviar un mensaje.\\n1.        Desde su cuenta, haga clic en la pesta\\u00f1a de Mensajes y luego haga clic en Enviar nuevo mensaje.\\n2.        Seleccione a su amigo y empiece a escribir su mensaje. Los mensajes pueden ser de hasta 300 caracteres de largo, incluyendo signos de puntuaci\\u00f3n. Encontrar\\u00e1 un \\u00fatil contador de caracteres regresivo abajo del borrador de su mensaje.\\n3.        Cuando haya terminado, haga clic en el bot\\u00f3n de Enviar. Cada mensaje que usted env\\u00ede debe ser aprobado primero, antes de que lo pueda leer.\\n&quot;]\" data-sheets-userformat=\"[null,null,897,[null,0],null,null,null,null,null,null,0,1,0]\">Cuando haya terminado, haga clic en el bot\u00f3n de Enviar. Cada mensaje que usted env\u00ede debe ser aprobado primero, antes de que lo pueda leer.<br \/>\n<\/span><\/li>\n<\/ol>\n<\/div><\/section>\n","protected":false},"excerpt":{"rendered":"","protected":false},"author":1,"featured_media":0,"parent":0,"menu_order":0,"comment_status":"open","ping_status":"closed","template":"","meta":{"_mi_skip_tracking":false,"footnotes":""},"class_list":["post-3828","page","type-page","status-publish","hentry"],"acf":[],"_links":{"self":[{"href":"https:\/\/www.gettingout.com\/es\/wp-json\/wp\/v2\/pages\/3828","targetHints":{"allow":["GET"]}}],"collection":[{"href":"https:\/\/www.gettingout.com\/es\/wp-json\/wp\/v2\/pages"}],"about":[{"href":"https:\/\/www.gettingout.com\/es\/wp-json\/wp\/v2\/types\/page"}],"author":[{"embeddable":true,"href":"https:\/\/www.gettingout.com\/es\/wp-json\/wp\/v2\/users\/1"}],"replies":[{"embeddable":true,"href":"https:\/\/www.gettingout.com\/es\/wp-json\/wp\/v2\/comments?post=3828"}],"version-history":[{"count":0,"href":"https:\/\/www.gettingout.com\/es\/wp-json\/wp\/v2\/pages\/3828\/revisions"}],"wp:attachment":[{"href":"https:\/\/www.gettingout.com\/es\/wp-json\/wp\/v2\/media?parent=3828"}],"curies":[{"name":"wp","href":"https:\/\/api.w.org\/{rel}","templated":true}]}}