{"id":3830,"date":"2014-06-11T21:44:16","date_gmt":"2014-06-11T21:44:16","guid":{"rendered":"http:\/\/www.gettingout.com\/video-visits-how-add-profile-photo-2\/"},"modified":"2016-06-16T17:46:05","modified_gmt":"2016-06-17T00:46:05","slug":"como-agregar-una-foto-de-perfil","status":"publish","type":"page","link":"https:\/\/www.gettingout.com\/es\/como-agregar-una-foto-de-perfil\/","title":{"rendered":"Visitas de video: C\u00f3mo agregar una foto de perfil"},"content":{"rendered":"<section class=\"av_textblock_section \"  itemscope=\"itemscope\" itemtype=\"https:\/\/schema.org\/CreativeWork\" ><div class='avia_textblock  '   itemprop=\"text\" ><p style=\"color: #6a6a6a;\"><a title=\"Tutoriales en video\" href=\"https:\/\/www.gettingout.com\/es\/tutoriales-en-video\/\"><strong>&lt;&lt;&lt;\u00a0Volver a todos los videos<\/strong><\/a><\/p>\n<\/div><\/section>\n<div  class='avia-video avia-video-16-9   '  itemprop=\"video\" itemtype=\"https:\/\/schema.org\/VideoObject\" ><div class='avia-iframe-wrap'><iframe loading=\"lazy\" src=\"\/\/player.vimeo.com\/video\/97974293\" width=\"1152\" height=\"720\" frameborder=\"0\" title=\"Add a Profile Photo\" webkitallowfullscreen mozallowfullscreen allowfullscreen><\/iframe><\/div><\/div>\n<section class=\"av_textblock_section \"  itemscope=\"itemscope\" itemtype=\"https:\/\/schema.org\/CreativeWork\" ><div class='avia_textblock  '   itemprop=\"text\" ><h3>Este video le mostrar\u00e1 c\u00f3mo agregar una foto de perfil.<\/h3>\n<\/div><\/section>\n<section class=\"av_textblock_section \"  itemscope=\"itemscope\" itemtype=\"https:\/\/schema.org\/CreativeWork\" ><div class='avia_textblock  '   itemprop=\"text\" ><ol>\n<li><span data-sheets-value=\"[null,2,&quot;\\nEste video le mostrar\\u00e1 c\\u00f3mo agregar una foto de perfil.\\n1.        En la pesta\\u00f1a de Mi cuenta, usted puede poner su foto de perfil.\\n2.        Usted tiene dos opciones. Use su c\\u00e1mara web para tomar una foto o descargue una de su computadora. Simplemente escoja la foto que desea descargar.\\n3.        Ahora, usted puede ajustar el brillo de su foto usando el deslizador. Cuando haya terminado, haga clic en OK.\\n4.        Tambi\\u00e9n puede recortar su fotograf\\u00eda usando el bot\\u00f3n de M\\u00e1s para acercamientos y arrastr\\u00e1ndolo para recortar la foto.\\n5.        Haga clic en OK para enviar su foto para su aprobaci\\u00f3n.\\n6.        Usted puede elegir tomar una foto usando su c\\u00e1mara web, tambi\\u00e9n.\\n7.        Recibir\\u00e1 un mensaje cuando su foto haya sido aprobada y su perfil ser\\u00e1 actualizado.\\n&quot;]\" data-sheets-userformat=\"[null,null,769,[null,0],null,null,null,null,null,null,null,1,0]\">En la pesta\u00f1a de Mi cuenta, usted puede poner su foto de perfil.<\/span><\/li>\n<li><span data-sheets-value=\"[null,2,&quot;\\nEste video le mostrar\\u00e1 c\\u00f3mo agregar una foto de perfil.\\n1.        En la pesta\\u00f1a de Mi cuenta, usted puede poner su foto de perfil.\\n2.        Usted tiene dos opciones. Use su c\\u00e1mara web para tomar una foto o descargue una de su computadora. Simplemente escoja la foto que desea descargar.\\n3.        Ahora, usted puede ajustar el brillo de su foto usando el deslizador. Cuando haya terminado, haga clic en OK.\\n4.        Tambi\\u00e9n puede recortar su fotograf\\u00eda usando el bot\\u00f3n de M\\u00e1s para acercamientos y arrastr\\u00e1ndolo para recortar la foto.\\n5.        Haga clic en OK para enviar su foto para su aprobaci\\u00f3n.\\n6.        Usted puede elegir tomar una foto usando su c\\u00e1mara web, tambi\\u00e9n.\\n7.        Recibir\\u00e1 un mensaje cuando su foto haya sido aprobada y su perfil ser\\u00e1 actualizado.\\n&quot;]\" data-sheets-userformat=\"[null,null,769,[null,0],null,null,null,null,null,null,null,1,0]\">Usted tiene dos opciones. Use su c\u00e1mara web para tomar una foto o descargue una de su computadora. Simplemente escoja la foto que desea descargar.<\/span><\/li>\n<li><span data-sheets-value=\"[null,2,&quot;\\nEste video le mostrar\\u00e1 c\\u00f3mo agregar una foto de perfil.\\n1.        En la pesta\\u00f1a de Mi cuenta, usted puede poner su foto de perfil.\\n2.        Usted tiene dos opciones. Use su c\\u00e1mara web para tomar una foto o descargue una de su computadora. Simplemente escoja la foto que desea descargar.\\n3.        Ahora, usted puede ajustar el brillo de su foto usando el deslizador. Cuando haya terminado, haga clic en OK.\\n4.        Tambi\\u00e9n puede recortar su fotograf\\u00eda usando el bot\\u00f3n de M\\u00e1s para acercamientos y arrastr\\u00e1ndolo para recortar la foto.\\n5.        Haga clic en OK para enviar su foto para su aprobaci\\u00f3n.\\n6.        Usted puede elegir tomar una foto usando su c\\u00e1mara web, tambi\\u00e9n.\\n7.        Recibir\\u00e1 un mensaje cuando su foto haya sido aprobada y su perfil ser\\u00e1 actualizado.\\n&quot;]\" data-sheets-userformat=\"[null,null,769,[null,0],null,null,null,null,null,null,null,1,0]\">Ahora, usted puede ajustar el brillo de su foto usando el deslizador. Cuando haya terminado, haga clic en OK.<\/span><\/li>\n<li><span data-sheets-value=\"[null,2,&quot;\\nEste video le mostrar\\u00e1 c\\u00f3mo agregar una foto de perfil.\\n1.        En la pesta\\u00f1a de Mi cuenta, usted puede poner su foto de perfil.\\n2.        Usted tiene dos opciones. Use su c\\u00e1mara web para tomar una foto o descargue una de su computadora. Simplemente escoja la foto que desea descargar.\\n3.        Ahora, usted puede ajustar el brillo de su foto usando el deslizador. Cuando haya terminado, haga clic en OK.\\n4.        Tambi\\u00e9n puede recortar su fotograf\\u00eda usando el bot\\u00f3n de M\\u00e1s para acercamientos y arrastr\\u00e1ndolo para recortar la foto.\\n5.        Haga clic en OK para enviar su foto para su aprobaci\\u00f3n.\\n6.        Usted puede elegir tomar una foto usando su c\\u00e1mara web, tambi\\u00e9n.\\n7.        Recibir\\u00e1 un mensaje cuando su foto haya sido aprobada y su perfil ser\\u00e1 actualizado.\\n&quot;]\" data-sheets-userformat=\"[null,null,769,[null,0],null,null,null,null,null,null,null,1,0]\">Tambi\u00e9n puede recortar su fotograf\u00eda usando el bot\u00f3n de M\u00e1s para acercamientos y arrastr\u00e1ndolo para recortar la foto.<\/span><\/li>\n<li><span data-sheets-value=\"[null,2,&quot;\\nEste video le mostrar\\u00e1 c\\u00f3mo agregar una foto de perfil.\\n1.        En la pesta\\u00f1a de Mi cuenta, usted puede poner su foto de perfil.\\n2.        Usted tiene dos opciones. Use su c\\u00e1mara web para tomar una foto o descargue una de su computadora. Simplemente escoja la foto que desea descargar.\\n3.        Ahora, usted puede ajustar el brillo de su foto usando el deslizador. Cuando haya terminado, haga clic en OK.\\n4.        Tambi\\u00e9n puede recortar su fotograf\\u00eda usando el bot\\u00f3n de M\\u00e1s para acercamientos y arrastr\\u00e1ndolo para recortar la foto.\\n5.        Haga clic en OK para enviar su foto para su aprobaci\\u00f3n.\\n6.        Usted puede elegir tomar una foto usando su c\\u00e1mara web, tambi\\u00e9n.\\n7.        Recibir\\u00e1 un mensaje cuando su foto haya sido aprobada y su perfil ser\\u00e1 actualizado.\\n&quot;]\" data-sheets-userformat=\"[null,null,769,[null,0],null,null,null,null,null,null,null,1,0]\">Haga clic en OK para enviar su foto para su aprobaci\u00f3n.<\/span><\/li>\n<li><span data-sheets-value=\"[null,2,&quot;\\nEste video le mostrar\\u00e1 c\\u00f3mo agregar una foto de perfil.\\n1.        En la pesta\\u00f1a de Mi cuenta, usted puede poner su foto de perfil.\\n2.        Usted tiene dos opciones. Use su c\\u00e1mara web para tomar una foto o descargue una de su computadora. Simplemente escoja la foto que desea descargar.\\n3.        Ahora, usted puede ajustar el brillo de su foto usando el deslizador. Cuando haya terminado, haga clic en OK.\\n4.        Tambi\\u00e9n puede recortar su fotograf\\u00eda usando el bot\\u00f3n de M\\u00e1s para acercamientos y arrastr\\u00e1ndolo para recortar la foto.\\n5.        Haga clic en OK para enviar su foto para su aprobaci\\u00f3n.\\n6.        Usted puede elegir tomar una foto usando su c\\u00e1mara web, tambi\\u00e9n.\\n7.        Recibir\\u00e1 un mensaje cuando su foto haya sido aprobada y su perfil ser\\u00e1 actualizado.\\n&quot;]\" data-sheets-userformat=\"[null,null,769,[null,0],null,null,null,null,null,null,null,1,0]\">Usted puede elegir tomar una foto usando su c\u00e1mara web, tambi\u00e9n.<\/span><\/li>\n<li><span data-sheets-value=\"[null,2,&quot;\\nEste video le mostrar\\u00e1 c\\u00f3mo agregar una foto de perfil.\\n1.        En la pesta\\u00f1a de Mi cuenta, usted puede poner su foto de perfil.\\n2.        Usted tiene dos opciones. Use su c\\u00e1mara web para tomar una foto o descargue una de su computadora. Simplemente escoja la foto que desea descargar.\\n3.        Ahora, usted puede ajustar el brillo de su foto usando el deslizador. Cuando haya terminado, haga clic en OK.\\n4.        Tambi\\u00e9n puede recortar su fotograf\\u00eda usando el bot\\u00f3n de M\\u00e1s para acercamientos y arrastr\\u00e1ndolo para recortar la foto.\\n5.        Haga clic en OK para enviar su foto para su aprobaci\\u00f3n.\\n6.        Usted puede elegir tomar una foto usando su c\\u00e1mara web, tambi\\u00e9n.\\n7.        Recibir\\u00e1 un mensaje cuando su foto haya sido aprobada y su perfil ser\\u00e1 actualizado.\\n&quot;]\" data-sheets-userformat=\"[null,null,769,[null,0],null,null,null,null,null,null,null,1,0]\"><span data-sheets-value=\"[null,2,&quot;\\nEste video le mostrar\\u00e1 c\\u00f3mo agregar una foto de perfil.\\n1.        En la pesta\\u00f1a de Mi cuenta, usted puede poner su foto de perfil.\\n2.        Usted tiene dos opciones. Use su c\\u00e1mara web para tomar una foto o descargue una de su computadora. Simplemente escoja la foto que desea descargar.\\n3.        Ahora, usted puede ajustar el brillo de su foto usando el deslizador. Cuando haya terminado, haga clic en OK.\\n4.        Tambi\\u00e9n puede recortar su fotograf\\u00eda usando el bot\\u00f3n de M\\u00e1s para acercamientos y arrastr\\u00e1ndolo para recortar la foto.\\n5.        Haga clic en OK para enviar su foto para su aprobaci\\u00f3n.\\n6.        Usted puede elegir tomar una foto usando su c\\u00e1mara web, tambi\\u00e9n.\\n7.        Recibir\\u00e1 un mensaje cuando su foto haya sido aprobada y su perfil ser\\u00e1 actualizado.\\n&quot;]\" data-sheets-userformat=\"[null,null,769,[null,0],null,null,null,null,null,null,null,1,0]\">Recibir\u00e1 un mensaje cuando su foto haya sido aprobada y su perfil ser\u00e1 actualizado.<\/span><\/span>&nbsp;<\/li>\n<\/ol>\n<\/div><\/section>\n","protected":false},"excerpt":{"rendered":"","protected":false},"author":1,"featured_media":0,"parent":0,"menu_order":0,"comment_status":"open","ping_status":"closed","template":"","meta":{"_mi_skip_tracking":false,"footnotes":""},"class_list":["post-3830","page","type-page","status-publish","hentry"],"acf":[],"_links":{"self":[{"href":"https:\/\/www.gettingout.com\/es\/wp-json\/wp\/v2\/pages\/3830","targetHints":{"allow":["GET"]}}],"collection":[{"href":"https:\/\/www.gettingout.com\/es\/wp-json\/wp\/v2\/pages"}],"about":[{"href":"https:\/\/www.gettingout.com\/es\/wp-json\/wp\/v2\/types\/page"}],"author":[{"embeddable":true,"href":"https:\/\/www.gettingout.com\/es\/wp-json\/wp\/v2\/users\/1"}],"replies":[{"embeddable":true,"href":"https:\/\/www.gettingout.com\/es\/wp-json\/wp\/v2\/comments?post=3830"}],"version-history":[{"count":0,"href":"https:\/\/www.gettingout.com\/es\/wp-json\/wp\/v2\/pages\/3830\/revisions"}],"wp:attachment":[{"href":"https:\/\/www.gettingout.com\/es\/wp-json\/wp\/v2\/media?parent=3830"}],"curies":[{"name":"wp","href":"https:\/\/api.w.org\/{rel}","templated":true}]}}