{"id":5736,"date":"2016-06-16T11:49:25","date_gmt":"2016-06-16T18:49:25","guid":{"rendered":"http:\/\/www.gettingout.com\/es\/?page_id=5736"},"modified":"2016-06-16T13:18:58","modified_gmt":"2016-06-16T20:18:58","slug":"new-phone-features-inmateb","status":"publish","type":"page","link":"https:\/\/www.gettingout.com\/es\/new-phone-features-inmateb\/","title":{"rendered":"New Phone Features InmateB"},"content":{"rendered":"<div class=\"flex_column av_one_full  flex_column_div first  \" ><p><div class='avia-image-container  av-styling-     avia-align-center '  itemscope=\"itemscope\" itemtype=\"https:\/\/schema.org\/ImageObject\"  ><div class='avia-image-container-inner'><img class='avia_image ' src='https:\/\/www.gettingout.com\/wp-content\/uploads\/2016\/06\/FCC-Update_Page-Banner_ES.png' alt='Nuevos Precios y Mas Maneras de Conectar' title='Nuevos Precios y Mas Maneras de Conectar'   itemprop=\"thumbnailUrl\"  \/><\/div><\/div><br \/>\n<div style='height:1px; margin-top:-20px'  class='hr hr-invisible   '><span class='hr-inner ' ><span class='hr-inner-style'><\/span><\/span><\/div><\/p><\/div>\n<div class=\"flex_column av_one_full  flex_column_div first  \" ><div  class='avia-video avia-video-16-9   '  itemprop=\"video\" itemtype=\"https:\/\/schema.org\/VideoObject\" ><div class='avia-iframe-wrap'><iframe loading=\"lazy\" src=\"https:\/\/player.vimeo.com\/video\/170622272\" width=\"1280\" height=\"720\" frameborder=\"0\" webkitallowfullscreen mozallowfullscreen allowfullscreen><\/iframe><\/div><\/div><\/div>\n<div class=\"flex_column av_one_full  flex_column_div first  \" ><p><div style=' margin-top:-10px; margin-bottom:30px;'  class='hr hr-custom hr-center hr-icon-no   '><span class='hr-inner   inner-border-av-border-thin' style=' width:1280; border-color:#8b8a8d;' ><span class='hr-inner-style'><\/span><\/span><\/div><br \/>\n<div style='padding-bottom:10px;color:#5f4f4f;' class='av-special-heading av-special-heading-h1 custom-color-heading blockquote modern-quote modern-centered   '><h1 class='av-special-heading-tag '  itemprop=\"headline\"  >Actualizaciones de Caracter\u00edsticas de las Llamadas Telef\u00f3nicas<\/h1><div class='special-heading-border'><div class='special-heading-inner-border' style='border-color:#5f4f4f'><\/div><\/div><\/div><\/p><\/div>\n<div class=\"flex_column av_one_third  flex_column_div first  \" ><p><div class='avia-image-container  av-styling-     avia-align-center '  itemscope=\"itemscope\" itemtype=\"https:\/\/schema.org\/ImageObject\"  ><div class='avia-image-container-inner'><img class='avia_image ' src='https:\/\/www.gettingout.com\/wp-content\/uploads\/2016\/06\/one-touch-photo.png' alt='' title='one touch photo'   itemprop=\"thumbnailUrl\"  \/><\/div><\/div><br \/>\n<div style='height:10px' class='hr hr-invisible   '><span class='hr-inner ' ><span class='hr-inner-style'><\/span><\/span><\/div><br \/>\n<section class=\"av_textblock_section \"  itemscope=\"itemscope\" itemtype=\"https:\/\/schema.org\/CreativeWork\" ><div class='avia_textblock  '  style='font-size:16px; '  itemprop=\"text\" ><h4 style=\"text-align: center;\"><span style=\"color: #6ca439;\">Aceptar Llamada con Un Toque<\/span><\/h4>\n<p class=\"p1\" style=\"text-align: center;\">Ahora sus amigos y familiares pueden aceptar toda comunicaci\u00f3n futura de usted con un toque. Ellos pueden tomar esta opci\u00f3n presionando 1 cuando reciban una llamada de usted. Esto significa que todas las comunicaciones futuras ser\u00e1n aceptadas autom\u00e1ticamente.<\/p>\n<p class=\"p1\" style=\"text-align: center;\">Esta caracter\u00edstica puede ser desactivada en cualquier momento.<\/p>\n<\/div><\/section><\/p><\/div>\n<div class=\"flex_column av_one_third  flex_column_div   \" ><p><div class='avia-image-container  av-styling-     avia-align-center '  itemscope=\"itemscope\" itemtype=\"https:\/\/schema.org\/ImageObject\"  ><div class='avia-image-container-inner'><img class='avia_image ' src='https:\/\/www.gettingout.com\/wp-content\/uploads\/2016\/06\/vm-photo.png' alt='' title='vm photo'   itemprop=\"thumbnailUrl\"  \/><\/div><\/div><br \/>\n<div style='height:10px' class='hr hr-invisible   '><span class='hr-inner ' ><span class='hr-inner-style'><\/span><\/span><\/div><br \/>\n<section class=\"av_textblock_section \"  itemscope=\"itemscope\" itemtype=\"https:\/\/schema.org\/CreativeWork\" ><div class='avia_textblock  '  style='font-size:16px; '  itemprop=\"text\" ><h4 style=\"text-align: center;\"><span style=\"color: #6ca439;\">Usted Puede Dejar Mensajes de Voz<\/span><\/h4>\n<p class=\"p1\" style=\"text-align: center;\">\u00a1Por primera vez, usted puede dejar mensajes de voz para sus amigos y familiares! Mientras ellos hayan optado por aceptar llamadas con un toque, usted puede dejarles un mensaje de voz.<\/p>\n<p class=\"p1\" style=\"text-align: center;\">As\u00ed que no importa en d\u00f3nde se encuentren \u2013 en el trabajo, la iglesia o si no est\u00e1n disponibles \u2013 usted puede dejar un mensaje de cualquier manera.<\/p>\n<\/div><\/section><\/p><\/div>\n<div class=\"flex_column av_one_third  flex_column_div   \" ><p><div class='avia-image-container  av-styling-     avia-align-center '  itemscope=\"itemscope\" itemtype=\"https:\/\/schema.org\/ImageObject\"  ><div class='avia-image-container-inner'><img class='avia_image ' src='https:\/\/www.gettingout.com\/wp-content\/uploads\/2016\/06\/talk-time-photo.png' alt='' title='talk time photo'   itemprop=\"thumbnailUrl\"  \/><\/div><\/div><br \/>\n<div style='height:10px' class='hr hr-invisible   '><span class='hr-inner ' ><span class='hr-inner-style'><\/span><\/span><\/div><br \/>\n<section class=\"av_textblock_section \"  itemscope=\"itemscope\" itemtype=\"https:\/\/schema.org\/CreativeWork\" ><div class='avia_textblock  '  style='font-size:16px; '  itemprop=\"text\" ><h4 style=\"text-align: center;\"><span style=\"color: #6ca439;\">Se Extiende la Duraci\u00f3n de las Llamadas<\/span><\/h4>\n<p style=\"text-align: center;\">Ande, hable cuanto quiera, la nueva duraci\u00f3n m\u00e1xima de llamada se ha incrementado much\u00edsimo en la mayor\u00eda de los institutos.<\/p>\n<\/div><\/section><\/p><\/div>\n<div class=\"flex_column av_one_full  flex_column_div first  \" ><p><div style=' margin-top:-10px; margin-bottom:30px;'  class='hr hr-custom hr-center hr-icon-yes   '><span class='hr-inner   inner-border-av-border-thin' style=' width:1280; border-color:#8b8a8d;' ><span class='hr-inner-style'><\/span><\/span><span class='av-seperator-icon'  aria-hidden='true' data-av_icon='\ue808' data-av_iconfont='entypo-fontello'><\/span><span class='hr-inner   inner-border-av-border-thin' style=' width:1280; border-color:#8b8a8d;' ><span class='hr-inner-style'><\/span><\/span><\/div><br \/>\n<div style='padding-bottom:10px;color:#5f4f4f;' class='av-special-heading av-special-heading-h1 custom-color-heading blockquote modern-quote modern-centered   '><h1 class='av-special-heading-tag '  itemprop=\"headline\"  >Actualizaciones en Facturaci\u00f3n y Tarifas<\/h1><div class='special-heading-border'><div class='special-heading-inner-border' style='border-color:#5f4f4f'><\/div><\/div><\/div><\/p><\/div>\n<div class=\"flex_column av_one_fourth  flex_column_div first  \" ><section class=\"av_textblock_section \"  itemscope=\"itemscope\" itemtype=\"https:\/\/schema.org\/CreativeWork\" ><div class='avia_textblock  '  style='font-size:16px; '  itemprop=\"text\" ><h3 style=\"text-align: center;\"><span style=\"color: #6ca439;\">Facturaci\u00f3n de Pague por lo que Hable<\/span><\/h3>\n<p style=\"text-align: center;\">El nuevo modelo de \u201cpague por lo que hable\u201d significa que a usted se le facturar\u00e1 solo por el tiempo que hable.<\/p>\n<\/div><\/section><\/div>\n<div class=\"flex_column av_one_fourth  flex_column_div   \" ><section class=\"av_textblock_section \"  itemscope=\"itemscope\" itemtype=\"https:\/\/schema.org\/CreativeWork\" ><div class='avia_textblock  '  style='font-size:16px; '  itemprop=\"text\" ><h3 style=\"text-align: center;\"><span style=\"color: #6ca439;\">Facturaci\u00f3n por Segundo<\/span><\/h3>\n<p class=\"p1\" style=\"text-align: center;\">Una nueva caracter\u00edstica que factura llamadas de menos de un minuto, por segundo.<\/p>\n<\/div><\/section><\/div>\n<div class=\"flex_column av_one_fourth  flex_column_div   \" ><section class=\"av_textblock_section \"  itemscope=\"itemscope\" itemtype=\"https:\/\/schema.org\/CreativeWork\" ><div class='avia_textblock  '  style='font-size:16px; '  itemprop=\"text\" ><h3 style=\"text-align: center;\"><span style=\"color: #6ca439;\">Tarifas Tope<\/span><\/h3>\n<p class=\"p1\" style=\"text-align: center;\">Las tarifas para dep\u00f3sitos automatizados son ahora de $3.00, y $5.95 con la ayuda de un operador en vivo.<\/p>\n<\/div><\/section><\/div>\n<div class=\"flex_column av_one_fourth  flex_column_div   \" ><section class=\"av_textblock_section \"  itemscope=\"itemscope\" itemtype=\"https:\/\/schema.org\/CreativeWork\" ><div class='avia_textblock  '  style='font-size:16px; '  itemprop=\"text\" ><h3 style=\"text-align: center;\"><span style=\"color: #6ca439;\">No Hay Cargos por Conexi\u00f3n<\/span><\/h3>\n<p style=\"text-align: center;\">No hay tarifas associados si se conecta con llamadas prepagadas o por cobrar.*<\/p>\n<\/div><\/section><\/div><section class=\"av_textblock_section \"  itemscope=\"itemscope\" itemtype=\"https:\/\/schema.org\/CreativeWork\" ><div class='avia_textblock  '  style='font-size:12px; '  itemprop=\"text\" ><p class=\"p1\">*<em>Para llamadas de <strong>Quick Connect<\/strong> hay tarifas adicionales, costos, restricciones y limitaciones que todav\u00eda se pueden aplicar. las llamadas de Quick Connect permiten que los destinatarios de llamadas utilizen un sistema automatizado para pagar r\u00e1pidamente una llamada de tel\u00e9fono en el mismo lugar, con una tarjeta de cr\u00e9dito.<\/em><\/p>\n<\/div><\/section><\/p>\n","protected":false},"excerpt":{"rendered":"","protected":false},"author":1,"featured_media":0,"parent":0,"menu_order":0,"comment_status":"open","ping_status":"open","template":"template-blank.php","meta":{"_mi_skip_tracking":false,"footnotes":""},"class_list":["post-5736","page","type-page","status-publish","hentry"],"acf":[],"yoast_head":"<!-- This site is optimized with the Yoast SEO plugin v20.6 - https:\/\/yoast.com\/wordpress\/plugins\/seo\/ -->\n<title>New Phone Features InmateB - GettingOut<\/title>\n<meta name=\"robots\" content=\"noindex, nofollow\" \/>\n<meta property=\"og:locale\" content=\"es_ES\" \/>\n<meta property=\"og:type\" content=\"article\" \/>\n<meta property=\"og:title\" content=\"New Phone Features InmateB - GettingOut\" \/>\n<meta property=\"og:url\" content=\"https:\/\/www.gettingout.com\/es\/new-phone-features-inmateb\/\" \/>\n<meta property=\"og:site_name\" content=\"GettingOut\" \/>\n<meta property=\"article:publisher\" content=\"https:\/\/www.facebook.com\/GettingOut\" \/>\n<meta property=\"article:modified_time\" content=\"2016-06-16T20:18:58+00:00\" \/>\n<meta property=\"og:image\" content=\"https:\/\/www.gettingout.com\/wp-content\/uploads\/2018\/06\/GO_home_screenshot.png\" \/>\n\t<meta property=\"og:image:width\" content=\"1130\" \/>\n\t<meta property=\"og:image:height\" content=\"532\" \/>\n\t<meta property=\"og:image:type\" content=\"image\/png\" \/>\n<meta name=\"twitter:label1\" content=\"Tiempo de lectura\" \/>\n\t<meta name=\"twitter:data1\" content=\"5 minutos\" \/>\n<script type=\"application\/ld+json\" class=\"yoast-schema-graph\">{\"@context\":\"https:\/\/schema.org\",\"@graph\":[{\"@type\":\"WebPage\",\"@id\":\"https:\/\/www.gettingout.com\/es\/new-phone-features-inmateb\/\",\"url\":\"https:\/\/www.gettingout.com\/es\/new-phone-features-inmateb\/\",\"name\":\"New Phone Features InmateB - GettingOut\",\"isPartOf\":{\"@id\":\"https:\/\/www.gettingout.com\/#website\"},\"datePublished\":\"2016-06-16T18:49:25+00:00\",\"dateModified\":\"2016-06-16T20:18:58+00:00\",\"breadcrumb\":{\"@id\":\"https:\/\/www.gettingout.com\/es\/new-phone-features-inmateb\/#breadcrumb\"},\"inLanguage\":\"es\",\"potentialAction\":[{\"@type\":\"ReadAction\",\"target\":[\"https:\/\/www.gettingout.com\/es\/new-phone-features-inmateb\/\"]}]},{\"@type\":\"BreadcrumbList\",\"@id\":\"https:\/\/www.gettingout.com\/es\/new-phone-features-inmateb\/#breadcrumb\",\"itemListElement\":[{\"@type\":\"ListItem\",\"position\":1,\"name\":\"Home\",\"item\":\"https:\/\/www.gettingout.com\/es\/\"},{\"@type\":\"ListItem\",\"position\":2,\"name\":\"New Phone Features InmateB\"}]},{\"@type\":\"WebSite\",\"@id\":\"https:\/\/www.gettingout.com\/#website\",\"url\":\"https:\/\/www.gettingout.com\/\",\"name\":\"GettingOut\",\"description\":\"Making Connections &amp; Rebuilding Lives\",\"potentialAction\":[{\"@type\":\"SearchAction\",\"target\":{\"@type\":\"EntryPoint\",\"urlTemplate\":\"https:\/\/www.gettingout.com\/?s={search_term_string}\"},\"query-input\":\"required name=search_term_string\"}],\"inLanguage\":\"es\"}]}<\/script>\n<!-- \/ Yoast SEO plugin. -->","yoast_head_json":{"title":"New Phone Features InmateB - GettingOut","robots":{"index":"noindex","follow":"nofollow"},"og_locale":"es_ES","og_type":"article","og_title":"New Phone Features InmateB - GettingOut","og_url":"https:\/\/www.gettingout.com\/es\/new-phone-features-inmateb\/","og_site_name":"GettingOut","article_publisher":"https:\/\/www.facebook.com\/GettingOut","article_modified_time":"2016-06-16T20:18:58+00:00","og_image":[{"width":1130,"height":532,"url":"https:\/\/www.gettingout.com\/wp-content\/uploads\/2018\/06\/GO_home_screenshot.png","type":"image\/png"}],"twitter_misc":{"Tiempo de lectura":"5 minutos"},"schema":{"@context":"https:\/\/schema.org","@graph":[{"@type":"WebPage","@id":"https:\/\/www.gettingout.com\/es\/new-phone-features-inmateb\/","url":"https:\/\/www.gettingout.com\/es\/new-phone-features-inmateb\/","name":"New Phone Features InmateB - GettingOut","isPartOf":{"@id":"https:\/\/www.gettingout.com\/#website"},"datePublished":"2016-06-16T18:49:25+00:00","dateModified":"2016-06-16T20:18:58+00:00","breadcrumb":{"@id":"https:\/\/www.gettingout.com\/es\/new-phone-features-inmateb\/#breadcrumb"},"inLanguage":"es","potentialAction":[{"@type":"ReadAction","target":["https:\/\/www.gettingout.com\/es\/new-phone-features-inmateb\/"]}]},{"@type":"BreadcrumbList","@id":"https:\/\/www.gettingout.com\/es\/new-phone-features-inmateb\/#breadcrumb","itemListElement":[{"@type":"ListItem","position":1,"name":"Home","item":"https:\/\/www.gettingout.com\/es\/"},{"@type":"ListItem","position":2,"name":"New Phone Features InmateB"}]},{"@type":"WebSite","@id":"https:\/\/www.gettingout.com\/#website","url":"https:\/\/www.gettingout.com\/","name":"GettingOut","description":"Making Connections &amp; Rebuilding Lives","potentialAction":[{"@type":"SearchAction","target":{"@type":"EntryPoint","urlTemplate":"https:\/\/www.gettingout.com\/?s={search_term_string}"},"query-input":"required name=search_term_string"}],"inLanguage":"es"}]}},"_links":{"self":[{"href":"https:\/\/www.gettingout.com\/es\/wp-json\/wp\/v2\/pages\/5736","targetHints":{"allow":["GET"]}}],"collection":[{"href":"https:\/\/www.gettingout.com\/es\/wp-json\/wp\/v2\/pages"}],"about":[{"href":"https:\/\/www.gettingout.com\/es\/wp-json\/wp\/v2\/types\/page"}],"author":[{"embeddable":true,"href":"https:\/\/www.gettingout.com\/es\/wp-json\/wp\/v2\/users\/1"}],"replies":[{"embeddable":true,"href":"https:\/\/www.gettingout.com\/es\/wp-json\/wp\/v2\/comments?post=5736"}],"version-history":[{"count":0,"href":"https:\/\/www.gettingout.com\/es\/wp-json\/wp\/v2\/pages\/5736\/revisions"}],"wp:attachment":[{"href":"https:\/\/www.gettingout.com\/es\/wp-json\/wp\/v2\/media?parent=5736"}],"curies":[{"name":"wp","href":"https:\/\/api.w.org\/{rel}","templated":true}]}}