{"id":5970,"date":"2016-06-30T11:58:02","date_gmt":"2016-06-30T18:58:02","guid":{"rendered":"http:\/\/www.gettingout.com\/es\/?page_id=5970"},"modified":"2016-07-01T16:29:46","modified_gmt":"2016-07-01T23:29:46","slug":"new-log-in-process","status":"publish","type":"page","link":"https:\/\/www.gettingout.com\/es\/new-log-in-process\/","title":{"rendered":"New Log In Process"},"content":{"rendered":"<div class=\"flex_column av_one_full  flex_column_div first  \" ><div class='avia-image-container  av-styling-     avia-align-center '  itemscope=\"itemscope\" itemtype=\"https:\/\/schema.org\/ImageObject\"  ><div class='avia-image-container-inner'><img class='avia_image ' src='https:\/\/www.gettingout.com\/wp-content\/uploads\/2016\/06\/cree-un-pin1.png' alt='Cree un PIN' title='Cree un PIN'   itemprop=\"thumbnailUrl\"  \/><\/div><\/div><\/div>\n<div class=\"flex_column av_one_full  flex_column_div first  \" ><section class=\"av_textblock_section \"  itemscope=\"itemscope\" itemtype=\"https:\/\/schema.org\/CreativeWork\" ><div class='avia_textblock  '  style='font-size:16px; '  itemprop=\"text\" ><p class=\"p1\"><span class=\"s1\">\u00a1Iniciar sesi\u00f3n en su cuenta de GettingOut acaba de volverse m\u00e1s f\u00e1cil y m\u00e1s seguro! Ahora sin importar si usa un tel\u00e9fono, quiosco o www.gettingout.com para comunicarse con su ser querido, usted iniciar\u00e1 sesi\u00f3n de la misma manera \u2014con un n\u00famero telef\u00f3nico y un NIP\u00a0personalizado.<\/span><\/p>\n<p class=\"p1\"><span class=\"s1\">Una vez que haya establecido su NIP, \u00a1usted puede usarlo para cosas como dejar un mensaje de voz, depositar dinero en un quiosco de lobby, programar visitas y m\u00e1s!<\/span><\/p>\n<p class=\"p1\"><span class=\"s1\">\u00a1Siga las instrucciones abajo para crear su nuevo NIP\u00a0hoy mismo!<\/span><\/p>\n<\/div><\/section><br \/>\n<div style='height:40px' class='hr hr-invisible   '><span class='hr-inner ' ><span class='hr-inner-style'><\/span><\/span><\/div><br \/>\n<section class=\"av_textblock_section \"  itemscope=\"itemscope\" itemtype=\"https:\/\/schema.org\/CreativeWork\" ><div class='avia_textblock  '   itemprop=\"text\" ><h4><span style=\"color: #ea5e3e;\">IMPORTANTE:\u00a0<\/span><span style=\"color: #5f4f4f;\">El sistema de inicio de sesi\u00f3n actual dejar\u00e1 de funcionar el 30 de septiembre de 2016. Para poder conectarse con un interno despu\u00e9s de esa fecha, usted deber\u00e1 haber creado su nuevo NIP.<\/span><\/h4>\n<\/div><\/section><\/p><\/div>\n<div class=\"flex_column av_one_full  flex_column_div first  \" ><p><div style=' margin-top:0px; margin-bottom:40px;'  class='hr hr-custom hr-center hr-icon-no   '><span class='hr-inner   inner-border-av-border-thin' style=' width:100%;' ><span class='hr-inner-style'><\/span><\/span><\/div><br \/>\n<section class=\"av_textblock_section \"  itemscope=\"itemscope\" itemtype=\"https:\/\/schema.org\/CreativeWork\" ><div class='avia_textblock  '   itemprop=\"text\" ><h2 style=\"text-align: center;\"><span style=\"color: #6ca439;\">C\u00f3mo Crear Su Nuevo\u00a0NIP<\/span><\/h2>\n<h4 style=\"text-align: center;\"><span style=\"color: #5f4f4f;\">Siga estos pasos para actualizar su cuenta.<\/span><\/h4>\n<\/div><\/section><\/p><\/div>\n<div class=\"flex_column av_one_fifth  flex_column_div first  \" ><\/div>\n<div class=\"flex_column av_three_fifth  flex_column_div   \" ><section class=\"av_textblock_section \"  itemscope=\"itemscope\" itemtype=\"https:\/\/schema.org\/CreativeWork\" ><div class='avia_textblock  '  style='font-size:16px; '  itemprop=\"text\" ><p style=\"text-align: center;\"><span style=\"color: #5f4f4f;\">1. Vaya a <a href=\"https:\/\/visit.telmate.com\/?locale=es\" target=\"_blank\">https:\/\/visit.telmate.com\/?locale=es<\/a>.<br \/>\n2.\u00a0Haga clic en \u00abIngresar con email\u00bb. <\/span><\/p>\n<\/div><\/section><br \/>\n<div class='avia-image-container  av-styling-     avia-align-center '  itemscope=\"itemscope\" itemtype=\"https:\/\/schema.org\/ImageObject\"  ><div class='avia-image-container-inner'><img class='avia_image ' src='https:\/\/www.gettingout.com\/wp-content\/uploads\/2016\/06\/New-Login-Mobile_1.jpg' alt='' title='New-Login-Mobile_1'   itemprop=\"thumbnailUrl\"  \/><\/div><\/div><\/p><\/div><div class=\"flex_column av_one_fifth  flex_column_div   \" ><\/div><\/p>\n<div class=\"flex_column av_one_fifth  flex_column_div first  \" ><\/div>\n<div class=\"flex_column av_three_fifth  flex_column_div   \" ><section class=\"av_textblock_section \"  itemscope=\"itemscope\" itemtype=\"https:\/\/schema.org\/CreativeWork\" ><div class='avia_textblock  '  style='font-size:16px; '  itemprop=\"text\" ><p style=\"text-align: center;\"><span style=\"color: #5f4f4f;\">3. Ingrese su correo electr\u00f3nico y su contrase\u00f1a, luego haga clic en \u00abIniciar sesi\u00f3n\u00bb.<\/span><\/p>\n<\/div><\/section><br \/>\n<div class='avia-image-container  av-styling-     avia-align-center '  itemscope=\"itemscope\" itemtype=\"https:\/\/schema.org\/ImageObject\"  ><div class='avia-image-container-inner'><img class='avia_image ' src='https:\/\/www.gettingout.com\/wp-content\/uploads\/2016\/06\/New-Login-Mobile_2.jpg' alt='' title='New-Login-Mobile_2'   itemprop=\"thumbnailUrl\"  \/><\/div><\/div><\/p><\/div>\n<div class=\"flex_column av_one_fifth  flex_column_div   \" ><\/div>\n<div class=\"flex_column av_one_fifth  flex_column_div first  \" ><\/div>\n<div class=\"flex_column av_three_fifth  flex_column_div   \" ><section class=\"av_textblock_section \"  itemscope=\"itemscope\" itemtype=\"https:\/\/schema.org\/CreativeWork\" ><div class='avia_textblock  '  style='font-size:16px; '  itemprop=\"text\" ><p style=\"text-align: center;\"><span style=\"color: #5f4f4f;\">4. Ingrese su n\u00famero telef\u00f3nico y su nuevo NIP\u00a0de seis d\u00edgitos, luego haga clic en \u00abContinuar\u00bb.<\/span><\/p>\n<\/div><\/section><br \/>\n<div class='avia-image-container  av-styling-     avia-align-center '  itemscope=\"itemscope\" itemtype=\"https:\/\/schema.org\/ImageObject\"  ><div class='avia-image-container-inner'><img class='avia_image ' src='https:\/\/www.gettingout.com\/wp-content\/uploads\/2016\/06\/New-Login-Mobile_3.jpg' alt='' title='New-Login-Mobile_3'   itemprop=\"thumbnailUrl\"  \/><\/div><\/div><\/p><\/div>\n<div class=\"flex_column av_one_fifth  flex_column_div   \" ><\/div>\n<div class=\"flex_column av_one_fifth  flex_column_div first  \" ><\/div>\n<div class=\"flex_column av_three_fifth  flex_column_div   \" ><section class=\"av_textblock_section \"  itemscope=\"itemscope\" itemtype=\"https:\/\/schema.org\/CreativeWork\" ><div class='avia_textblock  '  style='font-size:16px; '  itemprop=\"text\" ><p style=\"text-align: center;\"><span style=\"color: #5f4f4f;\">5. Siga las indicaciones para verificar su cuenta.<\/span><\/p>\n<\/div><\/section><br \/>\n<div class='avia-image-container  av-styling-     avia-align-center '  itemscope=\"itemscope\" itemtype=\"https:\/\/schema.org\/ImageObject\"  ><div class='avia-image-container-inner'><img class='avia_image ' src='https:\/\/www.gettingout.com\/wp-content\/uploads\/2016\/06\/New-Login-Mobile_4.1.jpg' alt='' title='New-Login-Mobile_4.1'   itemprop=\"thumbnailUrl\"  \/><\/div><\/div><\/p><\/div>\n<div class=\"flex_column av_one_fifth  flex_column_div   \" ><\/div>\n<div class=\"flex_column av_one_fifth  flex_column_div first  \" ><\/div>\n<div class=\"flex_column av_three_fifth  flex_column_div   \" ><div class='avia-image-container  av-styling-     avia-align-center '  itemscope=\"itemscope\" itemtype=\"https:\/\/schema.org\/ImageObject\"  ><div class='avia-image-container-inner'><img class='avia_image ' src='https:\/\/www.gettingout.com\/wp-content\/uploads\/2016\/06\/New-Login-Mobile_4.2.jpg' alt='' title='New-Login-Mobile_4.2'   itemprop=\"thumbnailUrl\"  \/><\/div><\/div><\/div>\n<div class=\"flex_column av_one_fifth  flex_column_div   \" ><\/div>\n<div class=\"flex_column av_one_fifth  flex_column_div first  \" ><\/div>\n<div class=\"flex_column av_three_fifth  flex_column_div   \" ><div class='avia-image-container  av-styling-     avia-align-center '  itemscope=\"itemscope\" itemtype=\"https:\/\/schema.org\/ImageObject\"  ><div class='avia-image-container-inner'><img class='avia_image ' src='https:\/\/www.gettingout.com\/wp-content\/uploads\/2016\/06\/New-Login-Mobile_4.3.jpg' alt='' title='New-Login-Mobile_4.3'   itemprop=\"thumbnailUrl\"  \/><\/div><\/div><\/div>\n<div class=\"flex_column av_one_fifth  flex_column_div   \" ><\/div>\n<div class=\"flex_column av_one_fifth  flex_column_div first  \" ><\/div>\n<div class=\"flex_column av_three_fifth  flex_column_div   \" ><section class=\"av_textblock_section \"  itemscope=\"itemscope\" itemtype=\"https:\/\/schema.org\/CreativeWork\" ><div class='avia_textblock  '  style='font-size:16px; '  itemprop=\"text\" ><p style=\"text-align: center;\"><span style=\"color: #5f4f4f;\">6. Confirme la informaci\u00f3n actualizada de su cuenta, luego haga clic en \u00abListo\u00bb.<\/span><\/p>\n<\/div><\/section><br \/>\n<div class='avia-image-container  av-styling-     avia-align-center '  itemscope=\"itemscope\" itemtype=\"https:\/\/schema.org\/ImageObject\"  ><div class='avia-image-container-inner'><img class='avia_image ' src='https:\/\/www.gettingout.com\/wp-content\/uploads\/2016\/06\/New-Login-Mobile_5.jpg' alt='' title='New-Login-Mobile_5'   itemprop=\"thumbnailUrl\"  \/><\/div><\/div><\/p><\/div>\n<div class=\"flex_column av_one_fifth  flex_column_div   \" ><\/div>\n<div class=\"flex_column av_one_fifth  flex_column_div first  \" ><\/div>\n<div class=\"flex_column av_three_fifth  flex_column_div   \" ><section class=\"av_textblock_section \"  itemscope=\"itemscope\" itemtype=\"https:\/\/schema.org\/CreativeWork\" ><div class='avia_textblock  '  style='font-size:16px; '  itemprop=\"text\" ><p style=\"text-align: center;\"><span style=\"color: #5f4f4f;\">7. Marque todos los cuadritos, luego haga clic en \u00abAceptar\u00bb.<\/span><\/p>\n<\/div><\/section><br \/>\n<div class='avia-image-container  av-styling-     avia-align-center '  itemscope=\"itemscope\" itemtype=\"https:\/\/schema.org\/ImageObject\"  ><div class='avia-image-container-inner'><img class='avia_image ' src='https:\/\/www.gettingout.com\/wp-content\/uploads\/2016\/06\/New-Login-Mobile_6.jpg' alt='' title='New-Login-Mobile_6'   itemprop=\"thumbnailUrl\"  \/><\/div><\/div><\/p><\/div>\n<div class=\"flex_column av_one_fifth  flex_column_div   \" ><\/div>\n<div class=\"flex_column av_one_full  flex_column_div first  \" ><p><div style=' margin-top:0px; margin-bottom:40px;'  class='hr hr-custom hr-center hr-icon-no   '><span class='hr-inner   inner-border-av-border-thin' style=' width:100%;' ><span class='hr-inner-style'><\/span><\/span><\/div><br \/>\n<section class=\"av_textblock_section \"  itemscope=\"itemscope\" itemtype=\"https:\/\/schema.org\/CreativeWork\" ><div class='avia_textblock  '   itemprop=\"text\" ><h2 style=\"text-align: center;\"><span style=\"color: #6ca439;\">\u00bfTiene preguntas?<\/span><\/h2>\n<h4 style=\"text-align: center;\"><span style=\"color: #5f4f4f;\">Revise las Preguntas Frecuentes abajo o llame a nuestro equipo de Servicio al Cliente, disponible 24 horas al d\u00eda los 7 d\u00edas de la semana, al <a href=\"tel:+18665160115\"><span style=\"color: #6ca439;\">866-516-0115<\/span><\/a>.<\/span><\/h4>\n<\/div><\/section><br \/>\n<div style='height:30px' class='hr hr-invisible   '><span class='hr-inner ' ><span class='hr-inner-style'><\/span><\/span><\/div><br \/>\n<section class=\"av_textblock_section \"  itemscope=\"itemscope\" itemtype=\"https:\/\/schema.org\/CreativeWork\" ><div class='avia_textblock  '  style='font-size:14px; '  itemprop=\"text\" ><h5><span style=\"color: #5f4f4f;\">\u00bfQu\u00e9 pasa si no creo un NIP? \u00bfMi cuenta desaparecer\u00e1?<\/span><\/h5>\n<p><span style=\"color: #5f4f4f;\">Usted no podr\u00e1 tener acceso a su cuenta hasta que cree un NIP. Si usted no crea su NIP\u00a0para el 30 de septiembre de 2016, necesitar\u00e1 llamar al Servicio al Cliente de Telmate al <a href=\"tel:+1866-516-0115\">866-516-0115<\/a> para reactivar su cuenta.<\/span><\/p>\n<\/div><\/section><br \/>\n<div style='height:15px' class='hr hr-invisible   '><span class='hr-inner ' ><span class='hr-inner-style'><\/span><\/span><\/div><br \/>\n<section class=\"av_textblock_section \"  itemscope=\"itemscope\" itemtype=\"https:\/\/schema.org\/CreativeWork\" ><div class='avia_textblock  '  style='font-size:14px; '  itemprop=\"text\" ><h5><span style=\"color: #5f4f4f;\">\u00bfC\u00f3mo creo mi NIP\u00a0desde el tel\u00e9fono?<\/span><\/h5>\n<p><span style=\"color: #5f4f4f;\">La manera m\u00e1s sencilla de crear su NIP\u00a0es en GettingOut. Otra opci\u00f3n es llamar al <a href=\"tel:+1866-516-0115\">866-516-0115<\/a>, segguir las indicaciones, luego marcar 8 para crear su NIP.<\/span><\/p>\n<\/div><\/section><br \/>\n<div style='height:15px' class='hr hr-invisible   '><span class='hr-inner ' ><span class='hr-inner-style'><\/span><\/span><\/div><br \/>\n<section class=\"av_textblock_section \"  itemscope=\"itemscope\" itemtype=\"https:\/\/schema.org\/CreativeWork\" ><div class='avia_textblock  '  style='font-size:14px; '  itemprop=\"text\" ><h5><span style=\"color: #5f4f4f;\">Olvid\u00e9 mi NIP, \u00bfqu\u00e9 hago?<\/span><\/h5>\n<p><span style=\"color: #5f4f4f;\">Llame al <a href=\"tel:+18665160115\"><span style=\"color: #6ca439;\">866-516-0115<\/span><\/a>, siga las indicaciones, luego marque 8 para reestablecer su NIP.<\/span><\/p>\n<\/div><\/section><\/p><\/div>\n","protected":false},"excerpt":{"rendered":"","protected":false},"author":1,"featured_media":0,"parent":0,"menu_order":0,"comment_status":"open","ping_status":"open","template":"","meta":{"_mi_skip_tracking":false,"footnotes":""},"class_list":["post-5970","page","type-page","status-publish","hentry"],"acf":[],"yoast_head":"<!-- This site is optimized with the Yoast SEO plugin v20.6 - https:\/\/yoast.com\/wordpress\/plugins\/seo\/ -->\n<title>New Log In Process - GettingOut<\/title>\n<meta name=\"robots\" content=\"index, follow, max-snippet:-1, max-image-preview:large, max-video-preview:-1\" \/>\n<link rel=\"canonical\" href=\"https:\/\/www.gettingout.com\/es\/new-log-in-process\/\" \/>\n<meta property=\"og:locale\" content=\"es_ES\" \/>\n<meta property=\"og:type\" content=\"article\" \/>\n<meta property=\"og:title\" content=\"New Log In Process - GettingOut\" \/>\n<meta property=\"og:url\" content=\"https:\/\/www.gettingout.com\/es\/new-log-in-process\/\" \/>\n<meta property=\"og:site_name\" content=\"GettingOut\" \/>\n<meta property=\"article:publisher\" content=\"https:\/\/www.facebook.com\/GettingOut\" \/>\n<meta property=\"article:modified_time\" content=\"2016-07-01T23:29:46+00:00\" \/>\n<meta property=\"og:image\" content=\"https:\/\/www.gettingout.com\/wp-content\/uploads\/2018\/06\/GO_home_screenshot.png\" \/>\n\t<meta property=\"og:image:width\" content=\"1130\" \/>\n\t<meta property=\"og:image:height\" content=\"532\" \/>\n\t<meta property=\"og:image:type\" content=\"image\/png\" \/>\n<meta name=\"twitter:label1\" content=\"Tiempo de lectura\" \/>\n\t<meta name=\"twitter:data1\" content=\"7 minutos\" \/>\n<script type=\"application\/ld+json\" class=\"yoast-schema-graph\">{\"@context\":\"https:\/\/schema.org\",\"@graph\":[{\"@type\":\"WebPage\",\"@id\":\"https:\/\/www.gettingout.com\/es\/new-log-in-process\/\",\"url\":\"https:\/\/www.gettingout.com\/es\/new-log-in-process\/\",\"name\":\"New Log In Process - GettingOut\",\"isPartOf\":{\"@id\":\"https:\/\/www.gettingout.com\/#website\"},\"datePublished\":\"2016-06-30T18:58:02+00:00\",\"dateModified\":\"2016-07-01T23:29:46+00:00\",\"breadcrumb\":{\"@id\":\"https:\/\/www.gettingout.com\/es\/new-log-in-process\/#breadcrumb\"},\"inLanguage\":\"es\",\"potentialAction\":[{\"@type\":\"ReadAction\",\"target\":[\"https:\/\/www.gettingout.com\/es\/new-log-in-process\/\"]}]},{\"@type\":\"BreadcrumbList\",\"@id\":\"https:\/\/www.gettingout.com\/es\/new-log-in-process\/#breadcrumb\",\"itemListElement\":[{\"@type\":\"ListItem\",\"position\":1,\"name\":\"Home\",\"item\":\"https:\/\/www.gettingout.com\/es\/\"},{\"@type\":\"ListItem\",\"position\":2,\"name\":\"New Log In Process\"}]},{\"@type\":\"WebSite\",\"@id\":\"https:\/\/www.gettingout.com\/#website\",\"url\":\"https:\/\/www.gettingout.com\/\",\"name\":\"GettingOut\",\"description\":\"Making Connections &amp; Rebuilding Lives\",\"potentialAction\":[{\"@type\":\"SearchAction\",\"target\":{\"@type\":\"EntryPoint\",\"urlTemplate\":\"https:\/\/www.gettingout.com\/?s={search_term_string}\"},\"query-input\":\"required name=search_term_string\"}],\"inLanguage\":\"es\"}]}<\/script>\n<!-- \/ Yoast SEO plugin. -->","yoast_head_json":{"title":"New Log In Process - GettingOut","robots":{"index":"index","follow":"follow","max-snippet":"max-snippet:-1","max-image-preview":"max-image-preview:large","max-video-preview":"max-video-preview:-1"},"canonical":"https:\/\/www.gettingout.com\/es\/new-log-in-process\/","og_locale":"es_ES","og_type":"article","og_title":"New Log In Process - GettingOut","og_url":"https:\/\/www.gettingout.com\/es\/new-log-in-process\/","og_site_name":"GettingOut","article_publisher":"https:\/\/www.facebook.com\/GettingOut","article_modified_time":"2016-07-01T23:29:46+00:00","og_image":[{"width":1130,"height":532,"url":"https:\/\/www.gettingout.com\/wp-content\/uploads\/2018\/06\/GO_home_screenshot.png","type":"image\/png"}],"twitter_misc":{"Tiempo de lectura":"7 minutos"},"schema":{"@context":"https:\/\/schema.org","@graph":[{"@type":"WebPage","@id":"https:\/\/www.gettingout.com\/es\/new-log-in-process\/","url":"https:\/\/www.gettingout.com\/es\/new-log-in-process\/","name":"New Log In Process - GettingOut","isPartOf":{"@id":"https:\/\/www.gettingout.com\/#website"},"datePublished":"2016-06-30T18:58:02+00:00","dateModified":"2016-07-01T23:29:46+00:00","breadcrumb":{"@id":"https:\/\/www.gettingout.com\/es\/new-log-in-process\/#breadcrumb"},"inLanguage":"es","potentialAction":[{"@type":"ReadAction","target":["https:\/\/www.gettingout.com\/es\/new-log-in-process\/"]}]},{"@type":"BreadcrumbList","@id":"https:\/\/www.gettingout.com\/es\/new-log-in-process\/#breadcrumb","itemListElement":[{"@type":"ListItem","position":1,"name":"Home","item":"https:\/\/www.gettingout.com\/es\/"},{"@type":"ListItem","position":2,"name":"New Log In Process"}]},{"@type":"WebSite","@id":"https:\/\/www.gettingout.com\/#website","url":"https:\/\/www.gettingout.com\/","name":"GettingOut","description":"Making Connections &amp; Rebuilding Lives","potentialAction":[{"@type":"SearchAction","target":{"@type":"EntryPoint","urlTemplate":"https:\/\/www.gettingout.com\/?s={search_term_string}"},"query-input":"required name=search_term_string"}],"inLanguage":"es"}]}},"_links":{"self":[{"href":"https:\/\/www.gettingout.com\/es\/wp-json\/wp\/v2\/pages\/5970","targetHints":{"allow":["GET"]}}],"collection":[{"href":"https:\/\/www.gettingout.com\/es\/wp-json\/wp\/v2\/pages"}],"about":[{"href":"https:\/\/www.gettingout.com\/es\/wp-json\/wp\/v2\/types\/page"}],"author":[{"embeddable":true,"href":"https:\/\/www.gettingout.com\/es\/wp-json\/wp\/v2\/users\/1"}],"replies":[{"embeddable":true,"href":"https:\/\/www.gettingout.com\/es\/wp-json\/wp\/v2\/comments?post=5970"}],"version-history":[{"count":0,"href":"https:\/\/www.gettingout.com\/es\/wp-json\/wp\/v2\/pages\/5970\/revisions"}],"wp:attachment":[{"href":"https:\/\/www.gettingout.com\/es\/wp-json\/wp\/v2\/media?parent=5970"}],"curies":[{"name":"wp","href":"https:\/\/api.w.org\/{rel}","templated":true}]}}