{"id":6693,"date":"2017-02-02T12:43:28","date_gmt":"2017-02-02T20:43:28","guid":{"rendered":"http:\/\/www.gettingout.com\/es\/?page_id=6693"},"modified":"2017-05-05T17:00:19","modified_gmt":"2017-05-06T00:00:19","slug":"video-visit-at-greene-county","status":"publish","type":"page","link":"https:\/\/www.gettingout.com\/es\/video-visit-at-greene-county\/","title":{"rendered":"Visitas de Video en Greene County"},"content":{"rendered":"<div class=\"flex_column av_one_full  flex_column_div first  \" ><p><div class='avia-image-container  av-styling-     avia-align-center '  itemscope=\"itemscope\" itemtype=\"https:\/\/schema.org\/ImageObject\"  ><div class='avia-image-container-inner'><img class='avia_image ' src='https:\/\/www.gettingout.com\/wp-content\/uploads\/2017\/02\/Greene-County-Launch_Webpage-Header-Graphic-SPN.jpg' alt='Video Visitas a 15 centavos por minuto' title='Video Visitas a 15 centavos por minuto'   itemprop=\"thumbnailUrl\"  \/><\/div><\/div><br \/>\n<div class='avia-image-container  av-styling-     avia-align-center '  itemscope=\"itemscope\" itemtype=\"https:\/\/schema.org\/ImageObject\"  ><div class='avia-image-container-inner'><img class='avia_image ' src='https:\/\/www.gettingout.com\/wp-content\/uploads\/2017\/01\/VideoVisit-Combo-Pic-v4-1030x572-r3-1030x572.jpg' alt='' title='VideoVisit-Combo-Pic-v4-1030x572-r3'   itemprop=\"thumbnailUrl\"  \/><\/div><\/div><\/p><\/div>\n<div class=\"flex_column av_one_full  flex_column_div first  \" ><p><div style='padding-bottom:3px;' class='av-special-heading av-special-heading-h1  blockquote modern-quote   '><h1 class='av-special-heading-tag '  itemprop=\"headline\"  >\u00a1Por qu\u00e9 hablar cuando tambi\u00e9n los puede ver!<\/h1><div class='special-heading-border'><div class='special-heading-inner-border' ><\/div><\/div><\/div><br \/>\n<section class=\"av_textblock_section \"  itemscope=\"itemscope\" itemtype=\"https:\/\/schema.org\/CreativeWork\" ><div class='avia_textblock  '  style='font-size:16px; '  itemprop=\"text\" ><p>Las visitas de video remotas son una manera accesible, f\u00e1cil e instant\u00e1nea de conectarse con su amigo o ser querido que se encuentra interno.<br \/>\nLas visitas de video son como Facetime o llamadas de video donde usa su computadora personal para charlar directamente con un interno dentro de su unidad habitacional.<\/p>\n<\/div><\/section><br \/>\n<div style='height:30px' class='hr hr-invisible   '><span class='hr-inner ' ><span class='hr-inner-style'><\/span><\/span><\/div><br \/>\n<section class=\"av_textblock_section \"  itemscope=\"itemscope\" itemtype=\"https:\/\/schema.org\/CreativeWork\" ><div class='avia_textblock  '   itemprop=\"text\" ><p><em><strong>IMPORTANT:<\/strong> To conduct a video visit from home, you need a personal computer, an internet connection, a web camera, a microphone, and Google Chrome as your browser.<\/em><\/p>\n<\/div><\/section><br \/>\n<div class='avia-button-wrap avia-button-center  '><a href='https:\/\/schedule.telmate.com\/?locale=es' class='avia-button   avia-icon_select-no avia-color-theme-color avia-size-large avia-position-center '  target=\"_blank\"   ><span class='avia_iconbox_title' >\u00a1Haga una visita ahora!<\/span><\/a><\/div><br \/>\n<div style='height:30px' class='hr hr-invisible   '><span class='hr-inner ' ><span class='hr-inner-style'><\/span><\/span><\/div><br \/>\n<div style=' margin-top:10px; margin-bottom:10px;'  class='hr hr-custom hr-center hr-icon-no   '><span class='hr-inner   inner-border-av-border-thin' style=' width:1080; border-color:#dddddd;' ><span class='hr-inner-style'><\/span><\/span><\/div><\/p><\/div>\n<div class=\"flex_column av_one_fifth  flex_column_div first  \" ><\/div>\n<div class=\"flex_column av_three_fifth  flex_column_div   \" ><p><div style='padding-bottom:3px;' class='av-special-heading av-special-heading-h1  blockquote modern-quote   '><h1 class='av-special-heading-tag '  itemprop=\"headline\"  >\u00a1Haga una visita ahora!<\/h1><div class ='av-subheading av-subheading_below  ' style='font-size:15px;'><p>Siga estos pasos para iniciar una visita a solicitud:<\/p>\n<\/div><div class='special-heading-border'><div class='special-heading-inner-border' ><\/div><\/div><\/div><br \/>\n<section class=\"av_textblock_section \"  itemscope=\"itemscope\" itemtype=\"https:\/\/schema.org\/CreativeWork\" ><div class='avia_textblock  '  style='font-size:16px; '  itemprop=\"text\" ><h3><\/h3>\n<p>1. Vaya a <a href=\"https:\/\/schedule.telmate.com?locale=es\" target=\"_blank\">https:\/\/schedule.telmate.com<\/a><br \/>\n2. Seleccione Espa\u00f1ol en el men\u00fa de idiomas en la parte superior derecha de la p\u00e1gina<\/p>\n<\/div><\/section><br \/>\n<div class='avia-image-container  av-styling-     avia-align-center '  itemscope=\"itemscope\" itemtype=\"https:\/\/schema.org\/ImageObject\"  ><div class='avia-image-container-inner'><img class='avia_image ' src='https:\/\/www.gettingout.com\/wp-content\/uploads\/2017\/02\/language-menu.jpg' alt='Men\u00fa de idiomas' title='Men\u00fa de idiomas'   itemprop=\"thumbnailUrl\"  \/><\/div><\/div><br \/>\n<section class=\"av_textblock_section \"  itemscope=\"itemscope\" itemtype=\"https:\/\/schema.org\/CreativeWork\" ><div class='avia_textblock  '   itemprop=\"text\" ><p>3. Inicie sesi\u00f3n en su cuenta con su n\u00famero telef\u00f3nico y su PIN.<\/p>\n<\/div><\/section><br \/>\n<div class='avia-image-container  av-styling-     avia-align-center '  itemscope=\"itemscope\" itemtype=\"https:\/\/schema.org\/ImageObject\"  ><div class='avia-image-container-inner'><img class='avia_image ' src='https:\/\/www.gettingout.com\/wp-content\/uploads\/2017\/01\/Tablet-VV_1-stroke4.png' alt='' title='Tablet-VV_1-stroke4'   itemprop=\"thumbnailUrl\"  \/><\/div><\/div><br \/>\n<div style='height:30px' class='hr hr-invisible   '><span class='hr-inner ' ><span class='hr-inner-style'><\/span><\/span><\/div><br \/>\n<section class=\"av_textblock_section \"  itemscope=\"itemscope\" itemtype=\"https:\/\/schema.org\/CreativeWork\" ><div class='avia_textblock  '  style='font-size:16px; '  itemprop=\"text\" ><h3><\/h3>\n<p>4.\u00a0Lea y acepte el acuerdo haciendo clic en los cuadritos que se encuentran enseguida de cada declaraci\u00f3n, luego haga clic en \u201cAceptar\u201d.<\/p>\n<\/div><\/section><br \/>\n<div class='avia-image-container  av-styling-     avia-align-center '  itemscope=\"itemscope\" itemtype=\"https:\/\/schema.org\/ImageObject\"  ><div class='avia-image-container-inner'><img class='avia_image ' src='https:\/\/www.gettingout.com\/wp-content\/uploads\/2017\/01\/Tablet-VV_2-stroke4.png' alt='' title='Tablet-VV_2-stroke4'   itemprop=\"thumbnailUrl\"  \/><\/div><\/div><br \/>\n<div style='height:30px' class='hr hr-invisible   '><span class='hr-inner ' ><span class='hr-inner-style'><\/span><\/span><\/div><br \/>\n<section class=\"av_textblock_section \"  itemscope=\"itemscope\" itemtype=\"https:\/\/schema.org\/CreativeWork\" ><div class='avia_textblock  '  style='font-size:16px; '  itemprop=\"text\" ><h3><\/h3>\n<p>5. Elija a la persona a la que quiere visitar.<\/p>\n<\/div><\/section><br \/>\n<div class='avia-image-container  av-styling-     avia-align-center '  itemscope=\"itemscope\" itemtype=\"https:\/\/schema.org\/ImageObject\"  ><div class='avia-image-container-inner'><img class='avia_image ' src='https:\/\/www.gettingout.com\/wp-content\/uploads\/2017\/01\/Tablet-VV_3.2-stroke4.png' alt='' title='Tablet-VV_3.2-stroke4'   itemprop=\"thumbnailUrl\"  \/><\/div><\/div><br \/>\n<div style='height:30px' class='hr hr-invisible   '><span class='hr-inner ' ><span class='hr-inner-style'><\/span><\/span><\/div><br \/>\n<section class=\"av_textblock_section \"  itemscope=\"itemscope\" itemtype=\"https:\/\/schema.org\/CreativeWork\" ><div class='avia_textblock  '  style='font-size:16px; '  itemprop=\"text\" ><h3><\/h3>\n<p>6. Haga clic en \u201cVisitar ahora\u201d en la secci\u00f3n \u201cEn l\u00ednea\u201d.<\/p>\n<\/div><\/section><br \/>\n<div class='avia-image-container  av-styling-     avia-align-center '  itemscope=\"itemscope\" itemtype=\"https:\/\/schema.org\/ImageObject\"  ><div class='avia-image-container-inner'><img class='avia_image ' src='https:\/\/www.gettingout.com\/wp-content\/uploads\/2017\/01\/Tablet-VV_4.2-stroke4.png' alt='' title='Tablet-VV_4.2-stroke4'   itemprop=\"thumbnailUrl\"  \/><\/div><\/div><br \/>\n<div style='height:30px' class='hr hr-invisible   '><span class='hr-inner ' ><span class='hr-inner-style'><\/span><\/span><\/div><br \/>\n<section class=\"av_textblock_section \"  itemscope=\"itemscope\" itemtype=\"https:\/\/schema.org\/CreativeWork\" ><div class='avia_textblock  '  style='font-size:16px; '  itemprop=\"text\" ><h3><\/h3>\n<p><strong>NOTA:\u00a0<\/strong>Si el interno\u00a0est\u00e1 disponible, la visita comenzar\u00e1 en breve. Si el interno\u00a0no est\u00e1 disponible, usted ser\u00e1 notificado y puede programar una visita para m\u00e1s tarde.<\/p>\n<\/div><\/section><br \/>\n<div style='height:30px' class='hr hr-invisible   '><span class='hr-inner ' ><span class='hr-inner-style'><\/span><\/span><\/div><br \/>\n<div class='avia-button-wrap avia-button-center  '><a href='https:\/\/schedule.telmate.com\/?locale=es' class='avia-button   avia-icon_select-no avia-color-theme-color avia-size-large avia-position-center '  target=\"_blank\"   ><span class='avia_iconbox_title' >\u00a1Haga una visita ahora!<\/span><\/a><\/div><\/p><\/div>\n<div class=\"flex_column av_one_fifth  flex_column_div   \" ><\/div>\n<div class=\"flex_column av_one_full  flex_column_div first  \" ><div  class='hr hr-default  '><span class='hr-inner ' ><span class='hr-inner-style'><\/span><\/span><\/div><\/div>\n<div class=\"flex_column av_two_fifth  flex_column_div first  \" ><p><div style='padding-bottom:3px;' class='av-special-heading av-special-heading-h1  blockquote modern-quote modern-centered   '><h1 class='av-special-heading-tag '  itemprop=\"headline\"  >Reserve una Visita<\/h1><div class ='av-subheading av-subheading_below  ' style='font-size:15px;'><p>Para aprender c\u00f3mo reservar una visita para m\u00e1s tarde<\/p>\n<\/div><div class='special-heading-border'><div class='special-heading-inner-border' ><\/div><\/div><\/div><br \/>\n<div style='height:30px' class='hr hr-invisible   '><span class='hr-inner ' ><span class='hr-inner-style'><\/span><\/span><\/div><br \/>\n<div class='avia-button-wrap avia-button-center  '><a href='https:\/\/www.gettingout.com\/es\/faq\/mi-interno-tiene-acceso-a-una-tableta-como-reservo-una-visita\/' class='avia-button   avia-icon_select-no avia-color-theme-color avia-size-large avia-position-center '  target=\"_blank\"   ><span class='avia_iconbox_title' >Haga Clic Aqu\u00ed<\/span><\/a><\/div><\/p><\/div><div class=\"flex_column av_one_fifth  flex_column_div   \" ><\/div><\/p>\n<div class=\"flex_column av_two_fifth  flex_column_div   \" ><p><div style='padding-bottom:3px;' class='av-special-heading av-special-heading-h1  blockquote modern-quote modern-centered   '><h1 class='av-special-heading-tag '  itemprop=\"headline\"  >\u00bfNo tiene una cuenta?<\/h1><div class ='av-subheading av-subheading_below  ' style='font-size:15px;'><p>Para aprender c\u00f3mo crear una cuenta nueva<\/p>\n<\/div><div class='special-heading-border'><div class='special-heading-inner-border' ><\/div><\/div><\/div><br \/>\n<div style='height:30px' class='hr hr-invisible   '><span class='hr-inner ' ><span class='hr-inner-style'><\/span><\/span><\/div><br \/>\n<div class='avia-button-wrap avia-button-center  '><a href='https:\/\/www.gettingout.com\/es\/faq\/como-creo-una-cuenta-gratuita\/' class='avia-button   avia-icon_select-no avia-color-theme-color avia-size-large avia-position-center '  target=\"_blank\"   ><span class='avia_iconbox_title' >Haga Clic Aqu\u00ed<\/span><\/a><\/div><\/p><\/div><div style='height:30px' class='hr hr-invisible   '><span class='hr-inner ' ><span class='hr-inner-style'><\/span><\/span><\/div><\/p>\n<div class=\"flex_column av_one_full  flex_column_div first  \" ><div  class='hr hr-default  '><span class='hr-inner ' ><span class='hr-inner-style'><\/span><\/span><\/div><\/div>\n<div class=\"flex_column av_one_full  flex_column_div first  \" ><p><div style='padding-bottom:3px;' class='av-special-heading av-special-heading-h1  blockquote modern-quote   '><h1 class='av-special-heading-tag '  itemprop=\"headline\"  >\u00bfTiene preguntas?<\/h1><div class='special-heading-border'><div class='special-heading-inner-border' ><\/div><\/div><\/div><br \/>\n<section class=\"av_textblock_section \"  itemscope=\"itemscope\" itemtype=\"https:\/\/schema.org\/CreativeWork\" ><div class='avia_textblock  '  style='font-size:16px; '  itemprop=\"text\" ><p>Visite nuestro <a href=\"https:\/\/www.gettingout.com\/help\/\">Centro de Ayuda GettingOut<\/a> o env\u00ede un correo electr\u00f3nico con sus preguntas a\u00a0<a href=\"mailto:visitation@intelmate.com\">visitation@intelmate.com<\/a>.<\/p>\n<\/div><\/section><\/p><\/div>\n","protected":false},"excerpt":{"rendered":"","protected":false},"author":1,"featured_media":0,"parent":0,"menu_order":0,"comment_status":"open","ping_status":"open","template":"","meta":{"_mi_skip_tracking":false,"footnotes":""},"class_list":["post-6693","page","type-page","status-publish","hentry"],"acf":[],"yoast_head":"<!-- This site is optimized with the Yoast SEO plugin v20.6 - https:\/\/yoast.com\/wordpress\/plugins\/seo\/ -->\n<title>Visitas de Video en Greene County - GettingOut<\/title>\n<meta name=\"robots\" content=\"index, follow, max-snippet:-1, max-image-preview:large, max-video-preview:-1\" \/>\n<link rel=\"canonical\" href=\"https:\/\/www.gettingout.com\/es\/video-visit-at-greene-county\/\" \/>\n<meta property=\"og:locale\" content=\"es_ES\" \/>\n<meta property=\"og:type\" content=\"article\" \/>\n<meta property=\"og:title\" content=\"Visitas de Video en Greene County - GettingOut\" \/>\n<meta property=\"og:url\" content=\"https:\/\/www.gettingout.com\/es\/video-visit-at-greene-county\/\" \/>\n<meta property=\"og:site_name\" content=\"GettingOut\" \/>\n<meta property=\"article:publisher\" content=\"https:\/\/www.facebook.com\/GettingOut\" \/>\n<meta property=\"article:modified_time\" content=\"2017-05-06T00:00:19+00:00\" \/>\n<meta property=\"og:image\" content=\"https:\/\/www.gettingout.com\/wp-content\/uploads\/2018\/06\/GO_home_screenshot.png\" \/>\n\t<meta property=\"og:image:width\" content=\"1130\" \/>\n\t<meta property=\"og:image:height\" content=\"532\" \/>\n\t<meta property=\"og:image:type\" content=\"image\/png\" \/>\n<meta name=\"twitter:label1\" content=\"Tiempo de lectura\" \/>\n\t<meta name=\"twitter:data1\" content=\"9 minutos\" \/>\n<script type=\"application\/ld+json\" class=\"yoast-schema-graph\">{\"@context\":\"https:\/\/schema.org\",\"@graph\":[{\"@type\":\"WebPage\",\"@id\":\"https:\/\/www.gettingout.com\/es\/video-visit-at-greene-county\/\",\"url\":\"https:\/\/www.gettingout.com\/es\/video-visit-at-greene-county\/\",\"name\":\"Visitas de Video en Greene County - GettingOut\",\"isPartOf\":{\"@id\":\"https:\/\/www.gettingout.com\/#website\"},\"datePublished\":\"2017-02-02T20:43:28+00:00\",\"dateModified\":\"2017-05-06T00:00:19+00:00\",\"breadcrumb\":{\"@id\":\"https:\/\/www.gettingout.com\/es\/video-visit-at-greene-county\/#breadcrumb\"},\"inLanguage\":\"es\",\"potentialAction\":[{\"@type\":\"ReadAction\",\"target\":[\"https:\/\/www.gettingout.com\/es\/video-visit-at-greene-county\/\"]}]},{\"@type\":\"BreadcrumbList\",\"@id\":\"https:\/\/www.gettingout.com\/es\/video-visit-at-greene-county\/#breadcrumb\",\"itemListElement\":[{\"@type\":\"ListItem\",\"position\":1,\"name\":\"Home\",\"item\":\"https:\/\/www.gettingout.com\/es\/\"},{\"@type\":\"ListItem\",\"position\":2,\"name\":\"Visitas de Video en Greene County\"}]},{\"@type\":\"WebSite\",\"@id\":\"https:\/\/www.gettingout.com\/#website\",\"url\":\"https:\/\/www.gettingout.com\/\",\"name\":\"GettingOut\",\"description\":\"Making Connections &amp; Rebuilding Lives\",\"potentialAction\":[{\"@type\":\"SearchAction\",\"target\":{\"@type\":\"EntryPoint\",\"urlTemplate\":\"https:\/\/www.gettingout.com\/?s={search_term_string}\"},\"query-input\":\"required name=search_term_string\"}],\"inLanguage\":\"es\"}]}<\/script>\n<!-- \/ Yoast SEO plugin. -->","yoast_head_json":{"title":"Visitas de Video en Greene County - GettingOut","robots":{"index":"index","follow":"follow","max-snippet":"max-snippet:-1","max-image-preview":"max-image-preview:large","max-video-preview":"max-video-preview:-1"},"canonical":"https:\/\/www.gettingout.com\/es\/video-visit-at-greene-county\/","og_locale":"es_ES","og_type":"article","og_title":"Visitas de Video en Greene County - GettingOut","og_url":"https:\/\/www.gettingout.com\/es\/video-visit-at-greene-county\/","og_site_name":"GettingOut","article_publisher":"https:\/\/www.facebook.com\/GettingOut","article_modified_time":"2017-05-06T00:00:19+00:00","og_image":[{"width":1130,"height":532,"url":"https:\/\/www.gettingout.com\/wp-content\/uploads\/2018\/06\/GO_home_screenshot.png","type":"image\/png"}],"twitter_misc":{"Tiempo de lectura":"9 minutos"},"schema":{"@context":"https:\/\/schema.org","@graph":[{"@type":"WebPage","@id":"https:\/\/www.gettingout.com\/es\/video-visit-at-greene-county\/","url":"https:\/\/www.gettingout.com\/es\/video-visit-at-greene-county\/","name":"Visitas de Video en Greene County - GettingOut","isPartOf":{"@id":"https:\/\/www.gettingout.com\/#website"},"datePublished":"2017-02-02T20:43:28+00:00","dateModified":"2017-05-06T00:00:19+00:00","breadcrumb":{"@id":"https:\/\/www.gettingout.com\/es\/video-visit-at-greene-county\/#breadcrumb"},"inLanguage":"es","potentialAction":[{"@type":"ReadAction","target":["https:\/\/www.gettingout.com\/es\/video-visit-at-greene-county\/"]}]},{"@type":"BreadcrumbList","@id":"https:\/\/www.gettingout.com\/es\/video-visit-at-greene-county\/#breadcrumb","itemListElement":[{"@type":"ListItem","position":1,"name":"Home","item":"https:\/\/www.gettingout.com\/es\/"},{"@type":"ListItem","position":2,"name":"Visitas de Video en Greene County"}]},{"@type":"WebSite","@id":"https:\/\/www.gettingout.com\/#website","url":"https:\/\/www.gettingout.com\/","name":"GettingOut","description":"Making Connections &amp; Rebuilding Lives","potentialAction":[{"@type":"SearchAction","target":{"@type":"EntryPoint","urlTemplate":"https:\/\/www.gettingout.com\/?s={search_term_string}"},"query-input":"required name=search_term_string"}],"inLanguage":"es"}]}},"_links":{"self":[{"href":"https:\/\/www.gettingout.com\/es\/wp-json\/wp\/v2\/pages\/6693","targetHints":{"allow":["GET"]}}],"collection":[{"href":"https:\/\/www.gettingout.com\/es\/wp-json\/wp\/v2\/pages"}],"about":[{"href":"https:\/\/www.gettingout.com\/es\/wp-json\/wp\/v2\/types\/page"}],"author":[{"embeddable":true,"href":"https:\/\/www.gettingout.com\/es\/wp-json\/wp\/v2\/users\/1"}],"replies":[{"embeddable":true,"href":"https:\/\/www.gettingout.com\/es\/wp-json\/wp\/v2\/comments?post=6693"}],"version-history":[{"count":0,"href":"https:\/\/www.gettingout.com\/es\/wp-json\/wp\/v2\/pages\/6693\/revisions"}],"wp:attachment":[{"href":"https:\/\/www.gettingout.com\/es\/wp-json\/wp\/v2\/media?parent=6693"}],"curies":[{"name":"wp","href":"https:\/\/api.w.org\/{rel}","templated":true}]}}