{"id":6910,"date":"2017-05-16T11:01:57","date_gmt":"2017-05-16T18:01:57","guid":{"rendered":"http:\/\/www.gettingout.com\/es\/?page_id=6910"},"modified":"2017-10-25T11:51:54","modified_gmt":"2017-10-25T18:51:54","slug":"servicios-disponibles","status":"publish","type":"page","link":"https:\/\/www.gettingout.com\/es\/servicios-disponibles\/","title":{"rendered":"Servicios Disponibles En Mi Instituto"},"content":{"rendered":"<section class=\"avia_codeblock_section  avia_code_block_0\"  itemscope=\"itemscope\" itemtype=\"https:\/\/schema.org\/CreativeWork\" ><div class='avia_codeblock '  itemprop=\"text\" > [avia_codeblock_placeholder uid=\"0\"] <\/div><\/section>\n<div class=\"flex_column av_three_fourth  flex_column_div first  \" ><section class=\"av_textblock_section \"  itemscope=\"itemscope\" itemtype=\"https:\/\/schema.org\/CreativeWork\" ><div class='avia_textblock  '   itemprop=\"text\" ><p><div id=\"facilitypicker\"><h2 id=\"fp-section-head\">\u00bfQu\u00e9 Servicios Est\u00e1n Disponibles En <span class='my-facility'>Mi Instituto?<\/span><\/h2><a href=\"javascript:void(0)\" onclick=\"clear_facility();\" class=\"change-facility\" id=\"change-facility\" style=\"text-decoration: underline; color: #6CA429; font-size:16px; text-transform: uppercase;\">\u00bfCambiar &nbsp; instituto?<\/a><br class=\"change-facility\" \/><div class=\"col left\"><br class=\"change-facility\" \/><h3 id=\"fp-head-select\">Seleccione Su Instituto Abajo<\/h3><select class=\"depositbox_country\" name=\"country\"><option>Estados Unidos<\/option><option>Canad\u00e1<\/option><\/select><select class=\"depositbox_state\" name=\"state\"><option>Seleccione estado\/provincia<\/option><\/select><select class=\"depositbox_facility\" name=\"facility\"><option>Seleccione Instituto<\/option><\/select><div id=\"fp-svcs-container\" style=\"display: none;\"><h3 id=\"services-available\">Servicios disponibles:<\/h3><ul class=\"services\"><li id=\"depositbox_gtl_phone_t\" class=\"svcs-gtl-phone-vmail\">\n\t\t\t\t\t\t\t<a href=\"https:\/\/web.connectnetwork.com\/communications\/advancepay\/?utm_medium=website&utm_source=gettingout.com&utm_campaign=GO%20Facility%20Picker%20Links\">Phones<i class=\"fa fa-chevron-right\" aria-hidden=\"true\"><\/i><\/a><span class=\"gtl-phone-hover-text fp-hover-text\">You need to create and fund an <a href='https:\/\/web.connectnetwork.com\/communications\/advancepay\/?utm_medium=website&utm_source=gettingout.com&utm_campaign=GO%20Facility%20Picker%20Links' target='_blank'>AdvancePay account<\/a>, with ConnectNetwork to receive phone calls from your loved one.<br class=\"clear\" \/><img decoding=\"async\" class=\"download-button\" data-url=\"https:\/\/web.connectnetwork.com\/communications\/advancepay\/?utm_medium=website&utm_source=gettingout.com&utm_campaign=GO%20Facility%20Picker%20Links\" src=\"\/wp-content\/uploads\/2018\/04\/go-to-connect-network.png\" style=\"float:left; cursor:pointer;\" \/><i class=\"fa fa-arrow-circle-right\" aria-hidden=\"true\" onclick=\"document.location.href='https:\/\/web.connectnetwork.com\/communications\/advancepay\/?utm_medium=website&utm_source=gettingout.com&utm_campaign=GO%20Facility%20Picker%20Links'\" style=\"float: right; font-size: 20px; margin-top: 13px; color: #55307d; cursor: pointer;\"><\/i><br class=\"clear\" \/><\/span><\/li><li id=\"depositbox_gtl_videovisit_t\" class=\"svcs-gtl-videovisit\">\n\t\t\t\t\t\t\t<a href=\"https:\/\/web.connectnetwork.com\/communications\/video-visitation\/?utm_medium=website&utm_source=gettingout.com&utm_campaign=GO%20Facility%20Picker%20Links\">Video Visitation<i class=\"fa fa-chevron-right\" aria-hidden=\"true\"><\/i><\/a><span class=\"gtl-videovisit-hover-text fp-hover-text\">You must register and fund your <a href='https:\/\/web.connectnetwork.com\/communications\/video-visitation\/?utm_medium=website&utm_source=gettingout.com&utm_campaign=GO%20Facility%20Picker%20Links' target='_blank'>Video Visit account<\/a> with ConnectNetwork to video visit with your loved one.<br class=\"clear\" \/><img decoding=\"async\" class=\"download-button\" data-url=\"https:\/\/web.connectnetwork.com\/communications\/video-visitation\/?utm_medium=website&utm_source=gettingout.com&utm_campaign=GO%20Facility%20Picker%20Links\" src=\"\/wp-content\/uploads\/2018\/04\/go-to-connect-network.png\" style=\"float:left; cursor:pointer;\" \/><i class=\"fa fa-arrow-circle-right\" aria-hidden=\"true\" onclick=\"document.location.href='https:\/\/web.connectnetwork.com\/communications\/video-visitation\/?utm_medium=website&utm_source=gettingout.com&utm_campaign=GO%20Facility%20Picker%20Links'\" style=\"float: right; font-size: 20px; margin-top: 13px; color: #55307d; cursor: pointer;\"><\/i><br class=\"clear\" \/><\/span><\/li><li id=\"depositbox_phone_t\" class=\"svcs-phone-vmail\">\n\t\t\t\t\t\t\t<a href=\"\/es\/llamadas-telefonicas-mensajes\/\">Tel\u00e9fono y Mensajes de Voz<i class=\"fa fa-chevron-right\" aria-hidden=\"true\"><\/i><\/a><\/li><li id=\"depositbox_local_t\" class=\"svcs-video-facility\">\n\t\t\t\t\t\t\t<a href=\"https:\/\/member-access.telmate.com\/oauth\/authorize?client_id=b13d14e43d9b786874675ca72a85138a2d8aedaf755834566ca9de4c66e2cc4e&redirect_uri=https%3A%2F%2Fschedule.telmate.com%2Fauth%2Fvisitor%2Fcallback&response_type=code&role_type=web&state=c736ffea1764b54f72683fc40c8eee5d4a3291ad644a3e84\" target=\"_blank\">Visita de Video en el Instituto<i class=\"fa fa-chevron-right\" aria-hidden=\"true\"><\/i><\/a><\/li><li id=\"depositbox_remote_t\" class=\"svcs-video-online\">\n\t\t\t\t\t\t\t<a href=\"https:\/\/member-access.telmate.com\/oauth\/authorize?client_id=b13d14e43d9b786874675ca72a85138a2d8aedaf755834566ca9de4c66e2cc4e&redirect_uri=https%3A%2F%2Fschedule.telmate.com%2Fauth%2Fvisitor%2Fcallback&response_type=code&role_type=web&state=c736ffea1764b54f72683fc40c8eee5d4a3291ad644a3e84\" target=\"_blank\">Visita de Video en Casa<i class=\"fa fa-chevron-right\" aria-hidden=\"true\"><\/i><\/a><\/li><li id=\"depositbox_visit_now_t\" class=\"svcs-visit-now\">\n\t\t\t\t\t\t\t<a href=\"javascript:void(0);\">Visite Ahora a Pedido<i class=\"fa fa-chevron-right\" aria-hidden=\"true\"><\/i><\/a><span class=\"visit-now-hover-text fp-hover-text\">Con <a href='https:\/\/member-access.telmate.com\/oauth\/authorize?client_id=b13d14e43d9b786874675ca72a85138a2d8aedaf755834566ca9de4c66e2cc4e&redirect_uri=https%3A%2F%2Fschedule.telmate.com%2Fauth%2Fvisitor%2Fcallback&response_type=code&role_type=web&state=c736ffea1764b54f72683fc40c8eee5d4a3291ad644a3e84' target='_blank'>Visite Ahora<\/a>, no es necesario programar por adelanto, y puede visitar desde la GettingOut Visits aplicac\u00edon Android.<br\/><img decoding=\"async\" class=\"download-button\" data-url=\"https:\/\/play.google.com\/store\/apps\/details?id=com.schedule.telmate.telmatescheduleandroid&referrer=utm_source%3Dgettingout.com%26utm_medium%3Dwebsite%26utm_campaign%3DGoVisitsAppLaunch\" src=\"\/wp-content\/uploads\/2015\/07\/download-app-interstitial-Android.png\"><\/span><\/li><li id=\"depositbox_posts_t\" class=\"svcs-messages\">\n\t\t\t\t\t\t\t<a href=\"https:\/\/visit.telmate.com\/user\/messages\" target=\"_blank\">Mensajes<i class=\"fa fa-chevron-right\" aria-hidden=\"true\"><\/i><\/a><\/li><li id=\"depositbox_photos_t\" class=\"svcs-photo-sharing\">\n\t\t\t\t\t\t\t<a href=\"https:\/\/visit.telmate.com\/user\/galleries\" target=\"_blank\">Compartir Fotos<i class=\"fa fa-chevron-right\" aria-hidden=\"true\"><\/i><\/a><\/li><li id=\"depositbox_tablets_t\" class=\"svcs-tablets\">\n\t\t\t\t\t\t\t<a style=\"cursor:default\" href=\"javascript:void(0);\">Tabletas<i class=\"fa fa-chevron-right\" aria-hidden=\"true\"><\/i><\/a><span class=\"tablet-hover-text fp-hover-text\">Su interno tiene acceso a tabletas. Haga un dep\u00f3sito a su cuenta para que tengan m\u00e1s maneras de ser productivo, y para que tenga usted m\u00e1s maneras de mantenerse conectado.<\/span><\/li><li id=\"depositbox_verified_t\" class=\"svcs-verification\">\n\t\t\t\t\t\t\t<a href=\"javascript:void(0);\">Requiere Verificaci\u00f3n<i class=\"fa fa-chevron-right\" aria-hidden=\"true\"><\/i><\/a><\/li><\/ul><p class=\"depositbox_cta_btn\" style=\"text-align: center\"><a href=\"https:\/\/pay.gettingout.com\/#\/deposit_or_schedule_visit\" class=\"go-button outbound-event\" style=\"margin: 0 auto;\" title=\"Depositar Fondos\">Depositar Fondos<\/a><p class=\"depositbox_cta_btn\" style=\"text-align: center\"><a href=\"https:\/\/member-access.telmate.com\/oauth\/authorize?client_id=535f02301f78c2685a9ad2fc4f540e1ea043784054c2f0e2a0d46d2c6b4025d0&redirect_uri=https%3A%2F%2Fvisit.telmate.com%2Fauth%2Fgetting_out%2Fcallback&response_type=code&amp;locale=es\" class=\"go-button secondary outbound-event\" style=\"margin: 0 auto;\" title=\"Iniciar Sesi\u00f3n\">Iniciar Sesi\u00f3n<\/a><br\/><br><div id=\"visit-now-fp-banner\" style=\"display:none;\"><div id=\"fp-banner-headline\">NUEVA APLICACI\u00d3N<\/div><p class=\"fp-banner-text\">Visitar a su ser querido est\u00e1 a su alcance! Video visit from your phone or tablet. Descarga la nueva aplicaci\u00f3n hoy. *<br\/><br\/><a href=\"https:\/\/play.google.com\/store\/apps\/details?id=com.schedule.telmate.telmatescheduleandroid&referrer=utm_source%3Dgettingout.com%20facility%20picker%26utm_medium%3Dwebsite%26utm_campaign%3DGO%20Visits%20App%20Android-iOS\"><img decoding=\"async\" src=\"\/wp-content\/uploads\/2014\/03\/Google-Play-Badge-e1397077409145.png\"\/><\/a><br\/><a href=\"https:\/\/itunes.apple.com\/us\/app\/govisits\/id1342522622?ls=1&mt=8&utm_medium=website&utm_source=gettingout.com%20facility%20picker&utm_campaign=GO%20Visits%20App%20Android-iOS\"><img decoding=\"async\" src=\"\/wp-content\/uploads\/2014\/03\/Download_on_the_App_Store_Badge_US-UK_198.png\"\/><\/a><br\/><span class=\"smaller\">* Actualmente disponible en institutos selectos.<\/span><\/p><\/div><\/div><\/div><div class=\"col right\"><br class=\"change-facility\" \/><div id=\"pricing_div\" class=\"pricing_div\"><\/div><div id='telmate-verified-about'>\n\t\t\t<h4>\u00bfQu\u00e9 es Telmate Verified?<span class='close'> <\/span><\/h4>\n\t\t\t<img src='https:\/\/www.gettingout.com\/wp-content\/plugins\/tm-facility-data-viz\/img\/telmate-verified-logo.jpg' \/>\n\t\t\t<p>Si se le pide que sea Telmate Verificado significa que su instituto requiere la verificaci\u00f3n de su identidad antes de la aceptaci\u00f3n de las llamadas de los internos. El objetivo de la verificaci\u00f3n consiste en garantizar los reclusos no est\u00e1n conectando con la gente inapropiados en el exterior. El proceso de verificaci\u00f3n es simple y se puede completar antes o despu\u00e9s de crear una cuenta.<\/p><p>Para ser verificado, usted puede <a href=\"https:\/\/pay.gettingout.com\/#\/?locale=es\">hacer un dep\u00f3sito<\/a>, <a href=\"https:\/\/visit.telmate.com\/users\/sign_in\"\">programar una visita<\/a> o descargar y completar el <a href=\"https:\/\/www.gettingout.com\/\"wp-content\/uploads\/2014\/06\/Telmate_Verified_Form.pdf\">Telmate Verified form<\/a>.<\/p><\/div><\/div><!-- &#091;go-facility-picker&#093; --><\/p>\n<\/div><\/section><\/div>\n<section class=\"avia_codeblock_section  avia_code_block_1\"  itemscope=\"itemscope\" itemtype=\"https:\/\/schema.org\/CreativeWork\" ><div class='avia_codeblock '  itemprop=\"text\" > [avia_codeblock_placeholder uid=\"1\"] <\/div><\/section>\n","protected":false},"excerpt":{"rendered":"","protected":false},"author":1,"featured_media":0,"parent":0,"menu_order":0,"comment_status":"open","ping_status":"open","template":"","meta":{"_mi_skip_tracking":false,"footnotes":""},"class_list":["post-6910","page","type-page","status-publish","hentry"],"acf":[],"yoast_head":"<!-- This site is optimized with the Yoast SEO plugin v20.6 - https:\/\/yoast.com\/wordpress\/plugins\/seo\/ -->\n<title>Servicios Disponibles En Mi Instituto - GettingOut<\/title>\n<meta name=\"robots\" content=\"index, follow, max-snippet:-1, max-image-preview:large, max-video-preview:-1\" \/>\n<link rel=\"canonical\" href=\"https:\/\/www.gettingout.com\/es\/servicios-disponibles\/\" \/>\n<meta property=\"og:locale\" content=\"es_ES\" \/>\n<meta property=\"og:type\" content=\"article\" \/>\n<meta property=\"og:title\" content=\"Servicios Disponibles En Mi Instituto - GettingOut\" \/>\n<meta property=\"og:url\" content=\"https:\/\/www.gettingout.com\/es\/servicios-disponibles\/\" \/>\n<meta property=\"og:site_name\" content=\"GettingOut\" \/>\n<meta property=\"article:publisher\" content=\"https:\/\/www.facebook.com\/GettingOut\" \/>\n<meta property=\"article:modified_time\" content=\"2017-10-25T18:51:54+00:00\" \/>\n<meta property=\"og:image\" content=\"https:\/\/www.gettingout.com\/wp-content\/uploads\/2018\/06\/GO_home_screenshot.png\" \/>\n\t<meta property=\"og:image:width\" content=\"1130\" \/>\n\t<meta property=\"og:image:height\" content=\"532\" \/>\n\t<meta property=\"og:image:type\" content=\"image\/png\" \/>\n<script type=\"application\/ld+json\" class=\"yoast-schema-graph\">{\"@context\":\"https:\/\/schema.org\",\"@graph\":[{\"@type\":\"WebPage\",\"@id\":\"https:\/\/www.gettingout.com\/es\/servicios-disponibles\/\",\"url\":\"https:\/\/www.gettingout.com\/es\/servicios-disponibles\/\",\"name\":\"Servicios Disponibles En Mi Instituto - GettingOut\",\"isPartOf\":{\"@id\":\"https:\/\/www.gettingout.com\/#website\"},\"datePublished\":\"2017-05-16T18:01:57+00:00\",\"dateModified\":\"2017-10-25T18:51:54+00:00\",\"breadcrumb\":{\"@id\":\"https:\/\/www.gettingout.com\/es\/servicios-disponibles\/#breadcrumb\"},\"inLanguage\":\"es\",\"potentialAction\":[{\"@type\":\"ReadAction\",\"target\":[\"https:\/\/www.gettingout.com\/es\/servicios-disponibles\/\"]}]},{\"@type\":\"BreadcrumbList\",\"@id\":\"https:\/\/www.gettingout.com\/es\/servicios-disponibles\/#breadcrumb\",\"itemListElement\":[{\"@type\":\"ListItem\",\"position\":1,\"name\":\"Home\",\"item\":\"https:\/\/www.gettingout.com\/es\/\"},{\"@type\":\"ListItem\",\"position\":2,\"name\":\"Servicios Disponibles En Mi Instituto\"}]},{\"@type\":\"WebSite\",\"@id\":\"https:\/\/www.gettingout.com\/#website\",\"url\":\"https:\/\/www.gettingout.com\/\",\"name\":\"GettingOut\",\"description\":\"Making Connections &amp; Rebuilding Lives\",\"potentialAction\":[{\"@type\":\"SearchAction\",\"target\":{\"@type\":\"EntryPoint\",\"urlTemplate\":\"https:\/\/www.gettingout.com\/?s={search_term_string}\"},\"query-input\":\"required name=search_term_string\"}],\"inLanguage\":\"es\"}]}<\/script>\n<!-- \/ Yoast SEO plugin. -->","yoast_head_json":{"title":"Servicios Disponibles En Mi Instituto - GettingOut","robots":{"index":"index","follow":"follow","max-snippet":"max-snippet:-1","max-image-preview":"max-image-preview:large","max-video-preview":"max-video-preview:-1"},"canonical":"https:\/\/www.gettingout.com\/es\/servicios-disponibles\/","og_locale":"es_ES","og_type":"article","og_title":"Servicios Disponibles En Mi Instituto - GettingOut","og_url":"https:\/\/www.gettingout.com\/es\/servicios-disponibles\/","og_site_name":"GettingOut","article_publisher":"https:\/\/www.facebook.com\/GettingOut","article_modified_time":"2017-10-25T18:51:54+00:00","og_image":[{"width":1130,"height":532,"url":"https:\/\/www.gettingout.com\/wp-content\/uploads\/2018\/06\/GO_home_screenshot.png","type":"image\/png"}],"schema":{"@context":"https:\/\/schema.org","@graph":[{"@type":"WebPage","@id":"https:\/\/www.gettingout.com\/es\/servicios-disponibles\/","url":"https:\/\/www.gettingout.com\/es\/servicios-disponibles\/","name":"Servicios Disponibles En Mi Instituto - GettingOut","isPartOf":{"@id":"https:\/\/www.gettingout.com\/#website"},"datePublished":"2017-05-16T18:01:57+00:00","dateModified":"2017-10-25T18:51:54+00:00","breadcrumb":{"@id":"https:\/\/www.gettingout.com\/es\/servicios-disponibles\/#breadcrumb"},"inLanguage":"es","potentialAction":[{"@type":"ReadAction","target":["https:\/\/www.gettingout.com\/es\/servicios-disponibles\/"]}]},{"@type":"BreadcrumbList","@id":"https:\/\/www.gettingout.com\/es\/servicios-disponibles\/#breadcrumb","itemListElement":[{"@type":"ListItem","position":1,"name":"Home","item":"https:\/\/www.gettingout.com\/es\/"},{"@type":"ListItem","position":2,"name":"Servicios Disponibles En Mi Instituto"}]},{"@type":"WebSite","@id":"https:\/\/www.gettingout.com\/#website","url":"https:\/\/www.gettingout.com\/","name":"GettingOut","description":"Making Connections &amp; Rebuilding Lives","potentialAction":[{"@type":"SearchAction","target":{"@type":"EntryPoint","urlTemplate":"https:\/\/www.gettingout.com\/?s={search_term_string}"},"query-input":"required name=search_term_string"}],"inLanguage":"es"}]}},"_links":{"self":[{"href":"https:\/\/www.gettingout.com\/es\/wp-json\/wp\/v2\/pages\/6910","targetHints":{"allow":["GET"]}}],"collection":[{"href":"https:\/\/www.gettingout.com\/es\/wp-json\/wp\/v2\/pages"}],"about":[{"href":"https:\/\/www.gettingout.com\/es\/wp-json\/wp\/v2\/types\/page"}],"author":[{"embeddable":true,"href":"https:\/\/www.gettingout.com\/es\/wp-json\/wp\/v2\/users\/1"}],"replies":[{"embeddable":true,"href":"https:\/\/www.gettingout.com\/es\/wp-json\/wp\/v2\/comments?post=6910"}],"version-history":[{"count":0,"href":"https:\/\/www.gettingout.com\/es\/wp-json\/wp\/v2\/pages\/6910\/revisions"}],"wp:attachment":[{"href":"https:\/\/www.gettingout.com\/es\/wp-json\/wp\/v2\/media?parent=6910"}],"curies":[{"name":"wp","href":"https:\/\/api.w.org\/{rel}","templated":true}]}}