{"id":6988,"date":"2017-06-02T12:55:05","date_gmt":"2017-06-02T19:55:05","guid":{"rendered":"http:\/\/www.gettingout.com\/es\/?page_id=6988"},"modified":"2017-07-25T14:21:48","modified_gmt":"2017-07-25T21:21:48","slug":"mensajes-fotos","status":"publish","type":"page","link":"https:\/\/www.gettingout.com\/es\/mensajes-fotos\/","title":{"rendered":"Mensajes &#038; Fotos"},"content":{"rendered":"<div class=\"flex_column av_one_full  flex_column_div first  \" ><section class=\"av_textblock_section \"  itemscope=\"itemscope\" itemtype=\"https:\/\/schema.org\/CreativeWork\" ><div class='avia_textblock  '   itemprop=\"text\" ><h1 id=\"go-types-of-messages\" style=\"text-align: center;\"><span style=\"color: #6ca439;\">Tipos de Mensajes<\/span><\/h1>\n<\/div><\/section><\/div>\n<div class=\"flex_column av_one_half  flex_column_div av-zero-column-padding first  \" style='border-radius:0px; '><p><div style='padding-bottom:10px;' class='av-special-heading av-special-heading-h6  blockquote modern-quote   '><h6 class='av-special-heading-tag '  itemprop=\"headline\"  >Mensajes de correo electr\u00f3nico<\/h6><div class='special-heading-border'><div class='special-heading-inner-border' ><\/div><\/div><\/div><br \/>\n<div class='avia-image-container avia_animated_image avia_animate_when_almost_visible left-to-right av-styling-    avia-align-center '  itemscope=\"itemscope\" itemtype=\"https:\/\/schema.org\/ImageObject\"  ><div class='avia-image-container-inner'><img class='avia_image ' src='https:\/\/www.gettingout.com\/wp-content\/uploads\/2014\/04\/email-icon.png' alt='' title='email'   itemprop=\"thumbnailUrl\"  \/><\/div><\/div><br \/>\n<section class=\"av_textblock_section \"  itemscope=\"itemscope\" itemtype=\"https:\/\/schema.org\/CreativeWork\" ><div class='avia_textblock  '   itemprop=\"text\" ><p>Nuestro sistema de correo electr\u00f3nico interno \u00abrestringido\u00bb es un \u00e1rea contenida en donde usted puede enviar mensajes privados a su ser querido o amigo.<\/p>\n<ul>\n<li>Usted debe haber iniciado session con su cuenta GO (GettingOut) para enviar y recibir correos electr\u00f3nicos internos. El interno recibir\u00e1 los correos electr\u00f3nicos internos la siguiente vez que inicie sesi\u00f3n en el sistema.<\/li>\n<\/ul>\n<\/div><\/section><br \/>\n<div class='avia-button-wrap avia-button-center  '><a href='https:\/\/member-access.telmate.com\/oauth\/authorize?client_id=535f02301f78c2685a9ad2fc4f540e1ea043784054c2f0e2a0d46d2c6b4025d0&amp;redirect_uri=https%3A%2F%2Fvisit.telmate.com%2Fauth%2Fgetting_out%2Fcallback&amp;locale=es&amp;response_type=code' class='avia-button   avia-icon_select-no avia-color-theme-color avia-size-large avia-position-center '   ><span class='avia_iconbox_title' >Inicie sesi\u00f3n y env\u00ede un mensaje<\/span><\/a><\/div><\/p><\/div><div class=\"flex_column av_one_half  flex_column_div av-zero-column-padding   \" style='border-radius:0px; '><p><div style='padding-bottom:10px;' class='av-special-heading av-special-heading-h6  blockquote modern-quote   '><h6 class='av-special-heading-tag '  itemprop=\"headline\"  >Mensajes de voz<\/h6><div class='special-heading-border'><div class='special-heading-inner-border' ><\/div><\/div><\/div><br \/>\n<div class='avia-image-container avia_animated_image avia_animate_when_almost_visible left-to-right av-styling-    avia-align-center '  itemscope=\"itemscope\" itemtype=\"https:\/\/schema.org\/ImageObject\"  ><div class='avia-image-container-inner'><img class='avia_image ' src='https:\/\/www.gettingout.com\/wp-content\/uploads\/2014\/04\/voice-message-icon.png' alt='' title='voice messages'   itemprop=\"thumbnailUrl\"  \/><\/div><\/div><br \/>\n<section class=\"av_textblock_section \"  itemscope=\"itemscope\" itemtype=\"https:\/\/schema.org\/CreativeWork\" ><div class='avia_textblock  '   itemprop=\"text\" ><p>Env\u00ede un \u00abhola\u00bb un poquito m\u00e1s personal en cualquier momento y d\u00e9jele saber a su ser querido o amigo que est\u00e1 pensando en \u00e9l. GettingOut le permite dejar mensajes de voz de 3 minutos cuando sea que usted se sienta inspirado.<\/p>\n<p>Para dejar un mensaje de voz:<\/p>\n<ul>\n<li><a href=\"https:\/\/pay.gettingout.com\/#\/\">Abra una cuenta de GettingOut y deposite fondos.<\/a><\/li>\n<li>Llama al 1 (866) 516-0115.<\/li>\n<li>Siga las indicaciones.<\/li>\n<li>Su ser querido escuchar\u00e1 su mensaje de voz la siguiente vez que levante el tel\u00e9fono.<\/li>\n<\/ul>\n<\/div><\/section><\/p><\/div><div  class='hr hr-short hr-center  '><span class='hr-inner ' ><span class='hr-inner-style'><\/span><\/span><\/div><\/p>\n<\/div><\/div><\/div><!-- close content main div --><\/div><\/div><div id='av_section_1' class='avia-section main_color avia-section-large avia-shadow avia-full-stretch avia-bg-style-fixed   container_wrap sidebar_right' style = 'background-color: #e4e1dd; background-repeat: no-repeat; background-image: url(https:\/\/www.gettingout.com\/wp-content\/uploads\/2014\/03\/A_tree_on_a_green_hill_3d_wallpaper.jpg); background-attachment: fixed; background-position: top center; ' data-section-bg-repeat='stretch' ><div class='container' ><div class='template-page content  av-content-small alpha units'><div class='post-entry post-entry-type-page post-entry-6988'><div class='entry-content-wrapper clearfix'><\/div><\/div><\/div><!-- close content main div --><\/div><\/div><div id='after_section_1' class='main_color av_default_container_wrap container_wrap sidebar_right'   ><div class='container' ><div class='template-page content  av-content-small alpha units'><div class='post-entry post-entry-type-page post-entry-6988'><div class='entry-content-wrapper clearfix'>\n<section class=\"av_textblock_section \"  itemscope=\"itemscope\" itemtype=\"https:\/\/schema.org\/CreativeWork\" ><div class='avia_textblock  '   itemprop=\"text\" ><h1 id=\"go-photo-sharing\" style=\"text-align: center;\"><span style=\"color: #6ca439;\">Compartir Fotos<\/span><\/h1>\n<\/div><\/section>\n<div  class='hr hr-short hr-center  '><span class='hr-inner ' ><span class='hr-inner-style'><\/span><\/span><\/div>\n<div class=\"flex_column av_one_half  flex_column_div first  \" ><section class=\"av_textblock_section \"  itemscope=\"itemscope\" itemtype=\"https:\/\/schema.org\/CreativeWork\" ><div class='avia_textblock  '   itemprop=\"text\" ><h4><span data-sheets-value=\"&#091;null,2,\" data-sheets-userformat=\"&#091;null,null,769,&#091;null,0&#093;,null,null,null,null,null,null,null,1,0&#093;\">\u00a1NUEVO! \u00a1Ahora usted tambi\u00e9n puede compartir fotos!<\/span><\/h4>\n<p>En nuestro esfuerzo m\u00e1s reciente por ayudar a amigos y familias a estar conectados, en institutos seleccionados usted puede compartir fotos con internos de manera instant\u00e1nea. Si una imagen vale m\u00e1s que mil palabras entonces nuestro completamente nuevo sistema para compartir fotos dir\u00e1 much\u00edsimo a su ser querido o amigo.<\/p>\n<p>Por favor anote: Todas las fotos deben ser aprobadas por el instituto antes de que sean publicadas.<\/p>\n<p><a title=\"Pol\u00edtica de privacidad\" href=\"https:\/\/www.gettingout.com\/es\/politica-de-privacidad\/\">Lea nuestras pol\u00edticas de privacidad aqu\u00ed.<\/a><\/p>\n<\/div><\/section><\/div>\n<div class=\"flex_column av_one_half  flex_column_div av-zero-column-padding   \" style='border-radius:0px; '><div class='avia-image-container avia_animated_image avia_animate_when_almost_visible left-to-right av-styling-     avia-align-center '  itemscope=\"itemscope\" itemtype=\"https:\/\/schema.org\/ImageObject\"  ><div class='avia-image-container-inner'><img class='avia_image ' src='https:\/\/www.gettingout.com\/wp-content\/uploads\/2014\/04\/photos-icon.png' alt='' title='photo sharing'   itemprop=\"thumbnailUrl\"  \/><\/div><\/div><\/div>\n<\/div><\/div><\/div><!-- close content main div --><\/div><\/div><div id='av_section_2' class='avia-section main_color avia-section-large avia-shadow avia-full-stretch avia-bg-style-fixed   container_wrap sidebar_right' style = 'background-color: #e4e1dd; background-repeat: no-repeat; background-image: url(https:\/\/www.gettingout.com\/wp-content\/uploads\/2014\/03\/A_tree_on_a_green_hill_3d_wallpaper.jpg); background-attachment: fixed; background-position: top center; ' data-section-bg-repeat='stretch' ><div class='container' ><div class='template-page content  av-content-small alpha units'><div class='post-entry post-entry-type-page post-entry-6988'><div class='entry-content-wrapper clearfix'><\/div><\/div><\/div><!-- close content main div --><\/div><\/div><div id='after_section_2' class='main_color av_default_container_wrap container_wrap sidebar_right'   ><div class='container' ><div class='template-page content  av-content-small alpha units'><div class='post-entry post-entry-type-page post-entry-6988'><div class='entry-content-wrapper clearfix'>\n<section class=\"av_textblock_section \"  itemscope=\"itemscope\" itemtype=\"https:\/\/schema.org\/CreativeWork\" ><div class='avia_textblock  '   itemprop=\"text\" ><h1 style=\"text-align: center;\"><span style=\"color: #6ca437;\">\u00a1ATENCI\u00d3N Usuarios M\u00f3viles! \u00a1Mant\u00e9nganse Conectados en Tiempo Real!<\/span><\/h1>\n<\/div><\/section>\n<div  class='hr hr-short hr-center  '><span class='hr-inner ' ><span class='hr-inner-style'><\/span><\/span><\/div>\n<div class=\"flex_column av_two_fifth  flex_column_div first  \" ><div class='avia-image-container avia_animated_image avia_animate_when_almost_visible left-to-right av-styling-     avia-align-center '  itemscope=\"itemscope\" itemtype=\"https:\/\/schema.org\/ImageObject\"  ><div class='avia-image-container-inner'><img class='avia_image ' src='https:\/\/www.gettingout.com\/wp-content\/uploads\/2014\/06\/MOBILE-android.png' alt='' title='mobile app deposits'   itemprop=\"thumbnailUrl\"  \/><\/div><\/div><\/div>\n<div class=\"flex_column av_three_fifth  flex_column_div av-zero-column-padding   \" style='border-radius:0px; '><section class=\"av_textblock_section \"  itemscope=\"itemscope\" itemtype=\"https:\/\/schema.org\/CreativeWork\" ><div class='avia_textblock  '   itemprop=\"text\" ><h3 style=\"text-align: left;\">Env\u00ede mensajes y comparta fotos con nuestra app Android GRATUITA!<\/h3>\n<p style=\"text-align: left;\">La app Android de GettingOut es la manera m\u00e1s f\u00e1cil de permanecer conectado con un ser querido o amigo que est\u00e9 interno. Ahora puede publicar y compartir fotos, as\u00ed como enviar mensajes, desde su dispositivo Android a sus contactos internos en institutos correccionales seleccionados. Edite fotos, agregue efectos de filtros para mejorar im\u00e1genes, env\u00ede fotos, publique fotos en Facebook y haga check-ins en Foursquare, \u00a1todo al mismo tiempo!<\/p>\n<p><a href=\"#facilitypicker\">Haga clic aqu\u00ed para saber si su instituto ofrece mensajes y compartir fotos.<\/a><\/p>\n<\/div><\/section><br \/>\n<div class='avia-image-container avia_animated_image avia_animate_when_almost_visible left-to-right av-styling-     avia-align-center '  itemscope=\"itemscope\" itemtype=\"https:\/\/schema.org\/ImageObject\"  ><div class='avia-image-container-inner'><a href='https:\/\/play.google.com\/store\/apps\/details?id=com.telmate.TelmateGettingout' class='avia_image'   target=\"_blank\" ><img class='avia_image ' src='https:\/\/www.gettingout.com\/wp-content\/uploads\/2014\/03\/Google-Play-Badge-e1397077409145.png' alt='' title='Google-Play-Badge'  itemprop=\"thumbnailUrl\"  \/><\/a><\/div><\/div><br \/>\n<section class=\"av_textblock_section \"  itemscope=\"itemscope\" itemtype=\"https:\/\/schema.org\/CreativeWork\" ><div class='avia_textblock  '   itemprop=\"text\" ><h3 style=\"text-align: left;\">\u00a1S\u00ed, ha llegado\u00a0~\u00a0env\u00ede mensajes con nuestra app iPhone\u00a0GRATUITA!<\/h3>\n<p style=\"text-align: left;\">La app iPhone\u00a0de GettingOut es la otra manera\u00a0m\u00e1s f\u00e1cil de permanecer conectado con un ser querido o amigo que est\u00e9 interno. Ahora puede enviar mensajes, desde su dispositivo iPhone\u00a0a sus contactos internos en institutos correccionales seleccionados.<\/p>\n<p><a href=\"#facilitypicker\">Haga clic aqu\u00ed para saber si su instituto ofrece mensajes.<\/a><\/p>\n<\/div><\/section><br \/>\n<div class='avia-image-container avia_animated_image avia_animate_when_almost_visible left-to-right av-styling-     avia-align-center '  itemscope=\"itemscope\" itemtype=\"https:\/\/schema.org\/ImageObject\"  ><div class='avia-image-container-inner'><a href='https:\/\/itunes.apple.com\/us\/app\/gettingout\/id907226423?mt=8&amp;uo=4' class='avia_image'   target=\"_blank\" ><img class='avia_image ' src='https:\/\/www.gettingout.com\/wp-content\/uploads\/2014\/07\/Download_on_the_App_Store_Badge_ES_198x59.png' alt='Consiguelo en el App Store' title='Consiguelo en el App Store'  itemprop=\"thumbnailUrl\"  \/><\/a><\/div><\/div><br \/>\n<\/p><\/div>\n<\/div><\/div><\/div><!-- close content main div --><\/div><\/div><div id='av_section_3' class='avia-section main_color avia-section-large avia-shadow avia-full-stretch avia-bg-style-fixed   container_wrap sidebar_right' style = 'background-color: #e4e1dd; background-repeat: no-repeat; background-image: url(https:\/\/www.gettingout.com\/wp-content\/uploads\/2014\/03\/A_tree_on_a_green_hill_3d_wallpaper.jpg); background-attachment: fixed; background-position: top center; ' data-section-bg-repeat='stretch' ><div class='container' ><div class='template-page content  av-content-small alpha units'><div class='post-entry post-entry-type-page post-entry-6988'><div class='entry-content-wrapper clearfix'><\/div><\/div><\/div><!-- close content main div --><\/div><\/div><div id='after_section_3' class='main_color av_default_container_wrap container_wrap sidebar_right'   ><div class='container' ><div class='template-page content  av-content-small alpha units'><div class='post-entry post-entry-type-page post-entry-6988'><div class='entry-content-wrapper clearfix'>\n<div  class='hr hr-default  '><span class='hr-inner ' ><span class='hr-inner-style'><\/span><\/span><\/div>\n<div class=\"flex_column av_one_full  flex_column_div first  \" ><section class=\"av_textblock_section \"  itemscope=\"itemscope\" itemtype=\"https:\/\/schema.org\/CreativeWork\" ><div class='avia_textblock  '   itemprop=\"text\" ><div id=\"facilitypicker\"><h2 id=\"fp-section-head\">\u00bfQu\u00e9 Servicios Est\u00e1n Disponibles En <span class='my-facility'>Mi Instituto?<\/span><\/h2><a href=\"javascript:void(0)\" onclick=\"clear_facility();\" class=\"change-facility\" id=\"change-facility\" style=\"text-decoration: underline; color: #6CA429; font-size:16px; text-transform: uppercase;\">\u00bfCambiar &nbsp; instituto?<\/a><br class=\"change-facility\" \/><div class=\"col left\"><br class=\"change-facility\" \/><h3 id=\"fp-head-select\">Seleccione Su Instituto Abajo<\/h3><select class=\"depositbox_country\" name=\"country\"><option>Estados Unidos<\/option><option>Canad\u00e1<\/option><\/select><select class=\"depositbox_state\" name=\"state\"><option>Seleccione estado\/provincia<\/option><\/select><select class=\"depositbox_facility\" name=\"facility\"><option>Seleccione Instituto<\/option><\/select><div id=\"fp-svcs-container\" style=\"display: none;\"><h3 id=\"services-available\">Servicios disponibles:<\/h3><ul class=\"services\"><li id=\"depositbox_gtl_phone_t\" class=\"svcs-gtl-phone-vmail\">\n\t\t\t\t\t\t\t<a href=\"https:\/\/web.connectnetwork.com\/communications\/advancepay\/?utm_medium=website&utm_source=gettingout.com&utm_campaign=GO%20Facility%20Picker%20Links\">Phones<i class=\"fa fa-chevron-right\" aria-hidden=\"true\"><\/i><\/a><span class=\"gtl-phone-hover-text fp-hover-text\">You need to create and fund an <a href='https:\/\/web.connectnetwork.com\/communications\/advancepay\/?utm_medium=website&utm_source=gettingout.com&utm_campaign=GO%20Facility%20Picker%20Links' target='_blank'>AdvancePay account<\/a>, with ConnectNetwork to receive phone calls from your loved one.<br class=\"clear\" \/><img decoding=\"async\" class=\"download-button\" data-url=\"https:\/\/web.connectnetwork.com\/communications\/advancepay\/?utm_medium=website&utm_source=gettingout.com&utm_campaign=GO%20Facility%20Picker%20Links\" src=\"\/wp-content\/uploads\/2018\/04\/go-to-connect-network.png\" style=\"float:left; cursor:pointer;\" \/><i class=\"fa fa-arrow-circle-right\" aria-hidden=\"true\" onclick=\"document.location.href='https:\/\/web.connectnetwork.com\/communications\/advancepay\/?utm_medium=website&utm_source=gettingout.com&utm_campaign=GO%20Facility%20Picker%20Links'\" style=\"float: right; font-size: 20px; margin-top: 13px; color: #55307d; cursor: pointer;\"><\/i><br class=\"clear\" \/><\/span><\/li><li id=\"depositbox_gtl_videovisit_t\" class=\"svcs-gtl-videovisit\">\n\t\t\t\t\t\t\t<a href=\"https:\/\/web.connectnetwork.com\/communications\/video-visitation\/?utm_medium=website&utm_source=gettingout.com&utm_campaign=GO%20Facility%20Picker%20Links\">Video Visitation<i class=\"fa fa-chevron-right\" aria-hidden=\"true\"><\/i><\/a><span class=\"gtl-videovisit-hover-text fp-hover-text\">You must register and fund your <a href='https:\/\/web.connectnetwork.com\/communications\/video-visitation\/?utm_medium=website&utm_source=gettingout.com&utm_campaign=GO%20Facility%20Picker%20Links' target='_blank'>Video Visit account<\/a> with ConnectNetwork to video visit with your loved one.<br class=\"clear\" \/><img decoding=\"async\" class=\"download-button\" data-url=\"https:\/\/web.connectnetwork.com\/communications\/video-visitation\/?utm_medium=website&utm_source=gettingout.com&utm_campaign=GO%20Facility%20Picker%20Links\" src=\"\/wp-content\/uploads\/2018\/04\/go-to-connect-network.png\" style=\"float:left; cursor:pointer;\" \/><i class=\"fa fa-arrow-circle-right\" aria-hidden=\"true\" onclick=\"document.location.href='https:\/\/web.connectnetwork.com\/communications\/video-visitation\/?utm_medium=website&utm_source=gettingout.com&utm_campaign=GO%20Facility%20Picker%20Links'\" style=\"float: right; font-size: 20px; margin-top: 13px; color: #55307d; cursor: pointer;\"><\/i><br class=\"clear\" \/><\/span><\/li><li id=\"depositbox_phone_t\" class=\"svcs-phone-vmail\">\n\t\t\t\t\t\t\t<a href=\"\/es\/llamadas-telefonicas-mensajes\/\">Tel\u00e9fono y Mensajes de Voz<i class=\"fa fa-chevron-right\" aria-hidden=\"true\"><\/i><\/a><\/li><li id=\"depositbox_local_t\" class=\"svcs-video-facility\">\n\t\t\t\t\t\t\t<a href=\"https:\/\/member-access.telmate.com\/oauth\/authorize?client_id=b13d14e43d9b786874675ca72a85138a2d8aedaf755834566ca9de4c66e2cc4e&redirect_uri=https%3A%2F%2Fschedule.telmate.com%2Fauth%2Fvisitor%2Fcallback&response_type=code&role_type=web&state=c736ffea1764b54f72683fc40c8eee5d4a3291ad644a3e84\" target=\"_blank\">Visita de Video en el Instituto<i class=\"fa fa-chevron-right\" aria-hidden=\"true\"><\/i><\/a><\/li><li id=\"depositbox_remote_t\" class=\"svcs-video-online\">\n\t\t\t\t\t\t\t<a href=\"https:\/\/member-access.telmate.com\/oauth\/authorize?client_id=b13d14e43d9b786874675ca72a85138a2d8aedaf755834566ca9de4c66e2cc4e&redirect_uri=https%3A%2F%2Fschedule.telmate.com%2Fauth%2Fvisitor%2Fcallback&response_type=code&role_type=web&state=c736ffea1764b54f72683fc40c8eee5d4a3291ad644a3e84\" target=\"_blank\">Visita de Video en Casa<i class=\"fa fa-chevron-right\" aria-hidden=\"true\"><\/i><\/a><\/li><li id=\"depositbox_visit_now_t\" class=\"svcs-visit-now\">\n\t\t\t\t\t\t\t<a href=\"javascript:void(0);\">Visite Ahora a Pedido<i class=\"fa fa-chevron-right\" aria-hidden=\"true\"><\/i><\/a><span class=\"visit-now-hover-text fp-hover-text\">Con <a href='https:\/\/member-access.telmate.com\/oauth\/authorize?client_id=b13d14e43d9b786874675ca72a85138a2d8aedaf755834566ca9de4c66e2cc4e&redirect_uri=https%3A%2F%2Fschedule.telmate.com%2Fauth%2Fvisitor%2Fcallback&response_type=code&role_type=web&state=c736ffea1764b54f72683fc40c8eee5d4a3291ad644a3e84' target='_blank'>Visite Ahora<\/a>, no es necesario programar por adelanto, y puede visitar desde la GettingOut Visits aplicac\u00edon Android.<br\/><img decoding=\"async\" class=\"download-button\" data-url=\"https:\/\/play.google.com\/store\/apps\/details?id=com.schedule.telmate.telmatescheduleandroid&referrer=utm_source%3Dgettingout.com%26utm_medium%3Dwebsite%26utm_campaign%3DGoVisitsAppLaunch\" src=\"\/wp-content\/uploads\/2015\/07\/download-app-interstitial-Android.png\"><\/span><\/li><li id=\"depositbox_posts_t\" class=\"svcs-messages\">\n\t\t\t\t\t\t\t<a href=\"https:\/\/visit.telmate.com\/user\/messages\" target=\"_blank\">Mensajes<i class=\"fa fa-chevron-right\" aria-hidden=\"true\"><\/i><\/a><\/li><li id=\"depositbox_photos_t\" class=\"svcs-photo-sharing\">\n\t\t\t\t\t\t\t<a href=\"https:\/\/visit.telmate.com\/user\/galleries\" target=\"_blank\">Compartir Fotos<i class=\"fa fa-chevron-right\" aria-hidden=\"true\"><\/i><\/a><\/li><li id=\"depositbox_tablets_t\" class=\"svcs-tablets\">\n\t\t\t\t\t\t\t<a style=\"cursor:default\" href=\"javascript:void(0);\">Tabletas<i class=\"fa fa-chevron-right\" aria-hidden=\"true\"><\/i><\/a><span class=\"tablet-hover-text fp-hover-text\">Su interno tiene acceso a tabletas. Haga un dep\u00f3sito a su cuenta para que tengan m\u00e1s maneras de ser productivo, y para que tenga usted m\u00e1s maneras de mantenerse conectado.<\/span><\/li><li id=\"depositbox_verified_t\" class=\"svcs-verification\">\n\t\t\t\t\t\t\t<a href=\"javascript:void(0);\">Requiere Verificaci\u00f3n<i class=\"fa fa-chevron-right\" aria-hidden=\"true\"><\/i><\/a><\/li><\/ul><p class=\"depositbox_cta_btn\" style=\"text-align: center\"><a href=\"https:\/\/pay.gettingout.com\/#\/deposit_or_schedule_visit\" class=\"go-button outbound-event\" style=\"margin: 0 auto;\" title=\"Depositar Fondos\">Depositar Fondos<\/a><p class=\"depositbox_cta_btn\" style=\"text-align: center\"><a href=\"https:\/\/member-access.telmate.com\/oauth\/authorize?client_id=535f02301f78c2685a9ad2fc4f540e1ea043784054c2f0e2a0d46d2c6b4025d0&redirect_uri=https%3A%2F%2Fvisit.telmate.com%2Fauth%2Fgetting_out%2Fcallback&response_type=code&amp;locale=es\" class=\"go-button secondary outbound-event\" style=\"margin: 0 auto;\" title=\"Iniciar Sesi\u00f3n\">Iniciar Sesi\u00f3n<\/a><br\/><br><div id=\"visit-now-fp-banner\" style=\"display:none;\"><div id=\"fp-banner-headline\">NUEVA APLICACI\u00d3N<\/div><p class=\"fp-banner-text\">Visitar a su ser querido est\u00e1 a su alcance! Video visit from your phone or tablet. Descarga la nueva aplicaci\u00f3n hoy. *<br\/><br\/><a href=\"https:\/\/play.google.com\/store\/apps\/details?id=com.schedule.telmate.telmatescheduleandroid&referrer=utm_source%3Dgettingout.com%20facility%20picker%26utm_medium%3Dwebsite%26utm_campaign%3DGO%20Visits%20App%20Android-iOS\"><img decoding=\"async\" src=\"\/wp-content\/uploads\/2014\/03\/Google-Play-Badge-e1397077409145.png\"\/><\/a><br\/><a href=\"https:\/\/itunes.apple.com\/us\/app\/govisits\/id1342522622?ls=1&mt=8&utm_medium=website&utm_source=gettingout.com%20facility%20picker&utm_campaign=GO%20Visits%20App%20Android-iOS\"><img decoding=\"async\" src=\"\/wp-content\/uploads\/2014\/03\/Download_on_the_App_Store_Badge_US-UK_198.png\"\/><\/a><br\/><span class=\"smaller\">* Actualmente disponible en institutos selectos.<\/span><\/p><\/div><\/div><\/div><div class=\"col right\"><br class=\"change-facility\" \/><div id=\"pricing_div\" class=\"pricing_div\"><\/div><div id='telmate-verified-about'>\n\t\t\t<h4>\u00bfQu\u00e9 es Telmate Verified?<span class='close'> <\/span><\/h4>\n\t\t\t<img src='https:\/\/www.gettingout.com\/wp-content\/plugins\/tm-facility-data-viz\/img\/telmate-verified-logo.jpg' \/>\n\t\t\t<p>Si se le pide que sea Telmate Verificado significa que su instituto requiere la verificaci\u00f3n de su identidad antes de la aceptaci\u00f3n de las llamadas de los internos. El objetivo de la verificaci\u00f3n consiste en garantizar los reclusos no est\u00e1n conectando con la gente inapropiados en el exterior. El proceso de verificaci\u00f3n es simple y se puede completar antes o despu\u00e9s de crear una cuenta.<\/p><p>Para ser verificado, usted puede <a href=\"https:\/\/pay.gettingout.com\/#\/?locale=es\">hacer un dep\u00f3sito<\/a>, <a href=\"https:\/\/visit.telmate.com\/users\/sign_in\"\">programar una visita<\/a> o descargar y completar el <a href=\"https:\/\/www.gettingout.com\/\"wp-content\/uploads\/2014\/06\/Telmate_Verified_Form.pdf\">Telmate Verified form<\/a>.<\/p><\/div><\/div>\n<\/div><\/section><\/div>\n","protected":false},"excerpt":{"rendered":"","protected":false},"author":1,"featured_media":0,"parent":0,"menu_order":0,"comment_status":"closed","ping_status":"closed","template":"","meta":{"_mi_skip_tracking":false,"footnotes":""},"class_list":["post-6988","page","type-page","status-publish","hentry"],"acf":[],"_links":{"self":[{"href":"https:\/\/www.gettingout.com\/es\/wp-json\/wp\/v2\/pages\/6988","targetHints":{"allow":["GET"]}}],"collection":[{"href":"https:\/\/www.gettingout.com\/es\/wp-json\/wp\/v2\/pages"}],"about":[{"href":"https:\/\/www.gettingout.com\/es\/wp-json\/wp\/v2\/types\/page"}],"author":[{"embeddable":true,"href":"https:\/\/www.gettingout.com\/es\/wp-json\/wp\/v2\/users\/1"}],"replies":[{"embeddable":true,"href":"https:\/\/www.gettingout.com\/es\/wp-json\/wp\/v2\/comments?post=6988"}],"version-history":[{"count":0,"href":"https:\/\/www.gettingout.com\/es\/wp-json\/wp\/v2\/pages\/6988\/revisions"}],"wp:attachment":[{"href":"https:\/\/www.gettingout.com\/es\/wp-json\/wp\/v2\/media?parent=6988"}],"curies":[{"name":"wp","href":"https:\/\/api.w.org\/{rel}","templated":true}]}}