{"id":7975,"date":"2019-06-19T16:27:43","date_gmt":"2019-06-19T23:27:43","guid":{"rendered":"http:\/\/www.gettingout.com\/es\/?page_id=7975"},"modified":"2019-06-19T16:39:46","modified_gmt":"2019-06-19T23:39:46","slug":"co-fondo-de-servicio-universal","status":"publish","type":"page","link":"https:\/\/www.gettingout.com\/es\/co-fondo-de-servicio-universal\/","title":{"rendered":"Aviso &#8211; Fondo de Servicio Universal de Colorado para Llamadas Telef\u00f3nicas dentro del Estado"},"content":{"rendered":"<h1>Aviso &#8211; Fondo de Servicio Universal de Colorado para Llamadas Telef\u00f3nicas dentro del Estado<\/h1>\n<p>Es posible que haya notado un cargo del Fondo de Servicio Universal de Colorado en su factura de tel\u00e9fono. Dicho cargo es exigido por la Comisi\u00f3n de Servicios P\u00fablicos (PUC, por sus siglas en ingl\u00e9s) de Colorado para pagar el Fondo de Servicio Universal de Colorado, que fue establecido por una ley del estado.<br \/>\n&nbsp;<br \/>\n<strong>\u00bfQu\u00e9 es el Fondo de Servicio Universal de Colorado?<\/strong><br \/>El fondo tiene dos objetivos principales: (1) lograr que el servicio de tel\u00e9fono de voz b\u00e1sico resulte asequible en ciertas zonas de costos elevados de Colorado, y (2) proporcionar fondos para subvenciones para construir redes de banda ancha en zonas con servicio deficiente de Colorado. LA PUC (las siglas en ingl\u00e9s de la Comisi\u00f3n de Servicios P\u00fablicos) brinda pagos del Fondo de Servicio Universal para el servicio de tel\u00e9fono de voz b\u00e1sico a las compa\u00f1\u00edas de tel\u00e9fono que prestan servicios en zonas de costos elevados y que cumplen con los dem\u00e1s requisitos de la PUC para recibir los fondos. Las subvenciones para la construcci\u00f3n de redes de banda ancha son determinas y supervisadas por el Consejo de Implementaci\u00f3n de Banda Ancha de Colorado. Los pagos a los proveedores de telecomunicaciones para el servicio de tel\u00e9fono de voz b\u00e1sico en zonas de costos elevados son supervisados por la PUC.<br \/>\n&nbsp;<br \/>\n<strong>\u00bfA qu\u00e9 servicios se aplica este cargo y qui\u00e9n lo paga?<\/strong><br \/>Este cargo se calcula como un porcentaje de sus servicios de telecomunicaciones dentro del estado para servicios locales, inal\u00e1mbricos, de buscapersonas, larga distancia dentro del estado y otros opcionales. El cargo no corresponde a servicios interestatales. Todos los clientes de telecomunicaciones en Colorado pagan este cargo mensual.<br \/>\n&nbsp;<br \/>\n<strong>\u00bfCu\u00e1l es el cargo mensual?<\/strong><br \/>El cargo mensual est\u00e1 fijado actualmente en 2.6 por ciento, con vigencia al 1.\u00b0 de abril de 2013. La PUC puede ajustar el cargo con el paso del tiempo, dependiendo de la cantidad de dinero necesaria para el fondo y para asegurarse de que los clientes no pagan m\u00e1s de lo necesario.<br \/>\n&nbsp;<br \/>\n<strong>\u00bfA qui\u00e9n debo llamar si tengo preguntas sobre este cargo?<\/strong><br \/>Para acceder a mayor informaci\u00f3n, comun\u00edquese con el servicio de atenci\u00f3n al cliente al n\u00famero gratuito (877) 650-4249.<\/p>\n","protected":false},"excerpt":{"rendered":"<p>Aviso &#8211; Fondo de Servicio Universal de Colorado para Llamadas Telef\u00f3nicas dentro del Estado Es posible que haya notado un cargo del Fondo de Servicio Universal de Colorado en su factura de tel\u00e9fono. Dicho cargo es exigido por la Comisi\u00f3n de Servicios P\u00fablicos (PUC, por sus siglas en ingl\u00e9s) de Colorado para pagar el Fondo [&hellip;]<\/p>\n","protected":false},"author":1,"featured_media":0,"parent":0,"menu_order":0,"comment_status":"closed","ping_status":"closed","template":"","meta":{"_mi_skip_tracking":false,"footnotes":""},"class_list":["post-7975","page","type-page","status-publish","hentry"],"acf":[],"yoast_head":"<!-- This site is optimized with the Yoast SEO plugin v20.6 - https:\/\/yoast.com\/wordpress\/plugins\/seo\/ -->\n<title>Aviso - Fondo de Servicio Universal de Colorado para Llamadas Telef\u00f3nicas dentro del Estado - GettingOut<\/title>\n<meta name=\"robots\" content=\"index, follow, max-snippet:-1, max-image-preview:large, max-video-preview:-1\" \/>\n<link rel=\"canonical\" href=\"https:\/\/www.gettingout.com\/es\/co-fondo-de-servicio-universal\/\" \/>\n<meta property=\"og:locale\" content=\"es_ES\" \/>\n<meta property=\"og:type\" content=\"article\" \/>\n<meta property=\"og:title\" content=\"Aviso - Fondo de Servicio Universal de Colorado para Llamadas Telef\u00f3nicas dentro del Estado - GettingOut\" \/>\n<meta property=\"og:description\" content=\"Aviso &#8211; Fondo de Servicio Universal de Colorado para Llamadas Telef\u00f3nicas dentro del Estado Es posible que haya notado un cargo del Fondo de Servicio Universal de Colorado en su factura de tel\u00e9fono. Dicho cargo es exigido por la Comisi\u00f3n de Servicios P\u00fablicos (PUC, por sus siglas en ingl\u00e9s) de Colorado para pagar el Fondo [&hellip;]\" \/>\n<meta property=\"og:url\" content=\"https:\/\/www.gettingout.com\/es\/co-fondo-de-servicio-universal\/\" \/>\n<meta property=\"og:site_name\" content=\"GettingOut\" \/>\n<meta property=\"article:publisher\" content=\"https:\/\/www.facebook.com\/GettingOut\" \/>\n<meta property=\"article:modified_time\" content=\"2019-06-19T23:39:46+00:00\" \/>\n<meta property=\"og:image\" content=\"https:\/\/www.gettingout.com\/wp-content\/uploads\/2018\/06\/GO_home_screenshot.png\" \/>\n\t<meta property=\"og:image:width\" content=\"1130\" \/>\n\t<meta property=\"og:image:height\" content=\"532\" \/>\n\t<meta property=\"og:image:type\" content=\"image\/png\" \/>\n<meta name=\"twitter:label1\" content=\"Tiempo de lectura\" \/>\n\t<meta name=\"twitter:data1\" content=\"2 minutos\" \/>\n<script type=\"application\/ld+json\" class=\"yoast-schema-graph\">{\"@context\":\"https:\/\/schema.org\",\"@graph\":[{\"@type\":\"WebPage\",\"@id\":\"https:\/\/www.gettingout.com\/es\/co-fondo-de-servicio-universal\/\",\"url\":\"https:\/\/www.gettingout.com\/es\/co-fondo-de-servicio-universal\/\",\"name\":\"Aviso - Fondo de Servicio Universal de Colorado para Llamadas Telef\u00f3nicas dentro del Estado - GettingOut\",\"isPartOf\":{\"@id\":\"https:\/\/www.gettingout.com\/#website\"},\"datePublished\":\"2019-06-19T23:27:43+00:00\",\"dateModified\":\"2019-06-19T23:39:46+00:00\",\"breadcrumb\":{\"@id\":\"https:\/\/www.gettingout.com\/es\/co-fondo-de-servicio-universal\/#breadcrumb\"},\"inLanguage\":\"es\",\"potentialAction\":[{\"@type\":\"ReadAction\",\"target\":[\"https:\/\/www.gettingout.com\/es\/co-fondo-de-servicio-universal\/\"]}]},{\"@type\":\"BreadcrumbList\",\"@id\":\"https:\/\/www.gettingout.com\/es\/co-fondo-de-servicio-universal\/#breadcrumb\",\"itemListElement\":[{\"@type\":\"ListItem\",\"position\":1,\"name\":\"Home\",\"item\":\"https:\/\/www.gettingout.com\/es\/\"},{\"@type\":\"ListItem\",\"position\":2,\"name\":\"Aviso &#8211; Fondo de Servicio Universal de Colorado para Llamadas Telef\u00f3nicas dentro del Estado\"}]},{\"@type\":\"WebSite\",\"@id\":\"https:\/\/www.gettingout.com\/#website\",\"url\":\"https:\/\/www.gettingout.com\/\",\"name\":\"GettingOut\",\"description\":\"Making Connections &amp; Rebuilding Lives\",\"potentialAction\":[{\"@type\":\"SearchAction\",\"target\":{\"@type\":\"EntryPoint\",\"urlTemplate\":\"https:\/\/www.gettingout.com\/?s={search_term_string}\"},\"query-input\":\"required name=search_term_string\"}],\"inLanguage\":\"es\"}]}<\/script>\n<!-- \/ Yoast SEO plugin. -->","yoast_head_json":{"title":"Aviso - Fondo de Servicio Universal de Colorado para Llamadas Telef\u00f3nicas dentro del Estado - GettingOut","robots":{"index":"index","follow":"follow","max-snippet":"max-snippet:-1","max-image-preview":"max-image-preview:large","max-video-preview":"max-video-preview:-1"},"canonical":"https:\/\/www.gettingout.com\/es\/co-fondo-de-servicio-universal\/","og_locale":"es_ES","og_type":"article","og_title":"Aviso - Fondo de Servicio Universal de Colorado para Llamadas Telef\u00f3nicas dentro del Estado - GettingOut","og_description":"Aviso &#8211; Fondo de Servicio Universal de Colorado para Llamadas Telef\u00f3nicas dentro del Estado Es posible que haya notado un cargo del Fondo de Servicio Universal de Colorado en su factura de tel\u00e9fono. Dicho cargo es exigido por la Comisi\u00f3n de Servicios P\u00fablicos (PUC, por sus siglas en ingl\u00e9s) de Colorado para pagar el Fondo [&hellip;]","og_url":"https:\/\/www.gettingout.com\/es\/co-fondo-de-servicio-universal\/","og_site_name":"GettingOut","article_publisher":"https:\/\/www.facebook.com\/GettingOut","article_modified_time":"2019-06-19T23:39:46+00:00","og_image":[{"width":1130,"height":532,"url":"https:\/\/www.gettingout.com\/wp-content\/uploads\/2018\/06\/GO_home_screenshot.png","type":"image\/png"}],"twitter_misc":{"Tiempo de lectura":"2 minutos"},"schema":{"@context":"https:\/\/schema.org","@graph":[{"@type":"WebPage","@id":"https:\/\/www.gettingout.com\/es\/co-fondo-de-servicio-universal\/","url":"https:\/\/www.gettingout.com\/es\/co-fondo-de-servicio-universal\/","name":"Aviso - Fondo de Servicio Universal de Colorado para Llamadas Telef\u00f3nicas dentro del Estado - GettingOut","isPartOf":{"@id":"https:\/\/www.gettingout.com\/#website"},"datePublished":"2019-06-19T23:27:43+00:00","dateModified":"2019-06-19T23:39:46+00:00","breadcrumb":{"@id":"https:\/\/www.gettingout.com\/es\/co-fondo-de-servicio-universal\/#breadcrumb"},"inLanguage":"es","potentialAction":[{"@type":"ReadAction","target":["https:\/\/www.gettingout.com\/es\/co-fondo-de-servicio-universal\/"]}]},{"@type":"BreadcrumbList","@id":"https:\/\/www.gettingout.com\/es\/co-fondo-de-servicio-universal\/#breadcrumb","itemListElement":[{"@type":"ListItem","position":1,"name":"Home","item":"https:\/\/www.gettingout.com\/es\/"},{"@type":"ListItem","position":2,"name":"Aviso &#8211; Fondo de Servicio Universal de Colorado para Llamadas Telef\u00f3nicas dentro del Estado"}]},{"@type":"WebSite","@id":"https:\/\/www.gettingout.com\/#website","url":"https:\/\/www.gettingout.com\/","name":"GettingOut","description":"Making Connections &amp; Rebuilding Lives","potentialAction":[{"@type":"SearchAction","target":{"@type":"EntryPoint","urlTemplate":"https:\/\/www.gettingout.com\/?s={search_term_string}"},"query-input":"required name=search_term_string"}],"inLanguage":"es"}]}},"_links":{"self":[{"href":"https:\/\/www.gettingout.com\/es\/wp-json\/wp\/v2\/pages\/7975","targetHints":{"allow":["GET"]}}],"collection":[{"href":"https:\/\/www.gettingout.com\/es\/wp-json\/wp\/v2\/pages"}],"about":[{"href":"https:\/\/www.gettingout.com\/es\/wp-json\/wp\/v2\/types\/page"}],"author":[{"embeddable":true,"href":"https:\/\/www.gettingout.com\/es\/wp-json\/wp\/v2\/users\/1"}],"replies":[{"embeddable":true,"href":"https:\/\/www.gettingout.com\/es\/wp-json\/wp\/v2\/comments?post=7975"}],"version-history":[{"count":0,"href":"https:\/\/www.gettingout.com\/es\/wp-json\/wp\/v2\/pages\/7975\/revisions"}],"wp:attachment":[{"href":"https:\/\/www.gettingout.com\/es\/wp-json\/wp\/v2\/media?parent=7975"}],"curies":[{"name":"wp","href":"https:\/\/api.w.org\/{rel}","templated":true}]}}